{"id":2472,"date":"2013-05-02T17:30:40","date_gmt":"2013-05-02T20:30:40","guid":{"rendered":"http:\/\/www.encontrapiracicaba.com.br\/guia\/?page_id=2472"},"modified":"2025-12-10T10:07:03","modified_gmt":"2025-12-10T13:07:03","slug":"sobre-piracicaba","status":"publish","type":"page","link":"https:\/\/www.encontrapiracicaba.com.br\/guia\/sobre-piracicaba\/","title":{"rendered":"Sobre Piracicaba"},"content":{"rendered":"<p><img decoding=\"async\" class=\"alignleft size-full wp-image-5887\" src=\"http:\/\/www.encontrapiracicaba.com.br\/guia\/wp-content\/uploads\/2013\/05\/foto-piracicaba.jpg\" alt=\"foto-piracicaba\" width=\"98%\" srcset=\"https:\/\/www.encontrapiracicaba.com.br\/guia\/wp-content\/uploads\/2013\/05\/foto-piracicaba.jpg 650w, https:\/\/www.encontrapiracicaba.com.br\/guia\/wp-content\/uploads\/2013\/05\/foto-piracicaba-300x185.jpg 300w\" sizes=\"(max-width: 650px) 100vw, 650px\" \/><\/p>\n<p><a href=\"\/sobre-piracicaba\/\">Piracicaba<\/a> \u00e9 um munic\u00edpio brasileiro no interior do estado de S\u00e3o Paulo. Pertence \u00e0 Mesorregi\u00e3o e Microrregi\u00e3o de Piracicaba, localizando-se a noroeste da capital do estado, distando desta cerca de 164 km. Ocupa uma \u00e1rea de 1 376,913 km\u00b2, sendo que 31,5733 km\u00b2 est\u00e3o em per\u00edmetro urbano e os 1 345,339 km\u00b2 restantes constituem a zona rural.[7] Em 2015, sua popula\u00e7\u00e3o foi estimada pelo IBGE em 391 449 habitantes,[4] sendo o 17\u00ba mais populoso de S\u00e3o Paulo.<\/p>\n<p>A sede tem uma temperatura m\u00e9dia anual de 23,9 \u00b0C e na vegeta\u00e7\u00e3o original do munic\u00edpio predomina a mata atl\u00e2ntica. Com 97,3% de seus habitantes vivendo na zona urbana, o munic\u00edpio contava em 2009 com 241 estabelecimentos de sa\u00fade. O seu \u00cdndice de Desenvolvimento Humano (IDH) em 2010 era de 0,785, considerado alto na classifica\u00e7\u00e3o do Programa das Na\u00e7\u00f5es Unidas para o Desenvolvimento (PNUD), sendo o 50\u00ba maior do estado.[5] Em 2012, Piracicaba foi classificada pelo IPC como a 47\u00aa cidade mais consumidora de todo o pa\u00eds, com R$ 7,54 bilh\u00f5es em consumo, totalizando 0,27% de todo o pa\u00eds.[8] V\u00e1rias rodovias ligam Piracicaba a diversas cidades paulistas, tais como a Rodovia Luiz de Queiroz, a Rodovia Corn\u00e9lio Pires e a Rodovia do A\u00e7\u00facar.[9]<\/p>\n<p>Piracicaba foi fundada em 1767, \u00e0s margens do Rio Piracicaba, rio o qual foi vital para a regi\u00e3o. No decorrer do s\u00e9culo XIX, a agricultura desenvolveu-se no munic\u00edpio, com destaque para o cultivo da cana-de-a\u00e7\u00facar e do caf\u00e9. Contudo, ainda na primeira metade do s\u00e9culo XX, a cidade entrou em decad\u00eancia. Com o fim do ciclo do caf\u00e9 e a queda constante de pre\u00e7os do a\u00e7\u00facar, a economia piracicabana estagnou-se. Isso foi revertido a partir do in\u00edcio de sua industrializa\u00e7\u00e3o. A cidade tornou-se uma das primeiras a se industrializar no pa\u00eds, com a abertura de plantas fabris ligadas ao setor metal-mec\u00e2nico e de equipamentos destinados \u00e0 produ\u00e7\u00e3o de a\u00e7\u00facar. Esta atividade expandiu-se a partir da d\u00e9cada de 1970 para o setor sucroalcooleiro, com a cria\u00e7\u00e3o do programa Pr\u00f3-\u00e1lcool, voltado para a produ\u00e7\u00e3o de \u00e1lcool hidratado para uso automotivo, devido \u00e0 crise mundial do petr\u00f3leo em 1973. Isto contribuiu significativamente para o crescimento industrial de Piracicaba ao longo das d\u00e9cadas seguintes, chegando a ser o 52\u00ba maior PIB brasileiro em 2012, sendo sede de um dos principais centros industriais da regi\u00e3o, al\u00e9m de contar com diversas universidades, tais como o Instituto Federal de S\u00e3o Paulo (IFSP), a Escola Superior de Agricultura Luiz de Queiroz (ESALQ), pertencente \u00e0 Universidade de S\u00e3o Paulo (USP), a Faculdade de Odontologia de Piracicaba, pertencente \u00e0 Universidade Estadual de Campinas (UnicaUNIME), Universidade Metodista de Piracicaba (UNIMEP), e a Escola de Engenharia de Piracicaba (EEP).<\/p>\n<p>Al\u00e9m da import\u00e2ncia econ\u00f4mica, Piracicaba ainda \u00e9 um importante centro cultural de sua regi\u00e3o. Os bairros de Santa Ol\u00edmpia (fundado por tiroleses trentinos)[10] e Santana, por imigrantes Italianos. O Horto Florestal de Tupi e o Balne\u00e1rio de \u00c1rtemis configuram-se como grandes \u00e1reas de preserva\u00e7\u00e3o ambiental, enquanto que o Parque Professor Phillipe Westin e os parques situados \u00e0s margens do Rio Piracicaba s\u00e3o relevantes pontos de visita\u00e7\u00e3o localizados na zona urbana. Al\u00e9m dos projetos e eventos culturais realizados pela Secretaria da A\u00e7\u00e3o Cultural da Prefeitura de Piracicaba (SEMAC), \u00f3rg\u00e3o respons\u00e1vel por projetar a vida cultural piracicabana. O Sal\u00e3o Internacional de Humor de Piracicaba, por exemplo, \u00e9 considerado um dos mais importantes eventos sobre humor gr\u00e1fico, realizado anualmente no Engenho Central, antigo engenho canavieiro que foi tombado como patrim\u00f4nio hist\u00f3rico e cultural, servindo hoje como espa\u00e7o cultural, art\u00edstico e recreativo.<\/p>\n<h3>Hist\u00f3ria<\/h3>\n<p>O vale do Rio Piracicaba come\u00e7ou a ser ocupado por descendentes de europeus durante o s\u00e9culo XVII, quando alguns colonos adentraram a floresta e come\u00e7aram a ocupar as terras ao redor do Rio Piracicaba, praticando a agricultura de subsist\u00eancia e explora\u00e7\u00e3o vegetal.<\/p>\n<p>Em 1776, a Capitania de S\u00e3o Paulo decidiu fundar uma povoa\u00e7\u00e3o na regi\u00e3o, que serviria de apoio \u00e0 navega\u00e7\u00e3o das embarca\u00e7\u00f5es que desceriam o Rio Tiet\u00ea, em dire\u00e7\u00e3o ao Rio Paran\u00e1 e tamb\u00e9m daria retaguarda ao Forte de Iguatemi, localizado na divisa com o futuro Paraguai. A povoa\u00e7\u00e3o deveria ser fundada na foz do Rio Piracicaba com o Tiet\u00ea, nas proximidades da atual cidade de Santa Maria da Serra, mas o capit\u00e3o Ant\u00f4nio Correa Barbosa, incumbido de tal miss\u00e3o, decidiu-se por um ponto localizado a noventa quil\u00f4metros da foz do Piracicaba, lugar j\u00e1 ocupado por alguns posseiros e com melhor acesso a outras vilas da regi\u00e3o, notadamente Itu. A povoa\u00e7\u00e3o de Piracicaba foi fundada em 1\u00ba de agosto de 1767, na margem direita do rio, localizado aproximadamente onde futuramente se situaria o Engenho Central e partes da Vila Rezende. A povoa\u00e7\u00e3o de Piracicaba era ligada politicamente a Itu, ent\u00e3o a cidade mais pr\u00f3xima. No ano seguinte, a povoa\u00e7\u00e3o tornou-se freguesia.<\/p>\n<p>O terreno irregular e inf\u00e9rtil da margem esquerda do rio provocou, em 1784, uma mudan\u00e7a da sede da freguesia para a margem direita do rio; no final do s\u00e9culo XVIII, a regi\u00e3o se desenvolveu, baseada na navega\u00e7\u00e3o do Rio Piracicaba e no cultivo da cana-de-a\u00e7\u00facar.[12] Em 1821, a freguesia foi elevada \u00e0 condi\u00e7\u00e3o de vila, com o nome de Vila Nova da Constitui\u00e7\u00e3o, em homenagem \u00e0 Constitui\u00e7\u00e3o Portuguesa que estava em fase de aprova\u00e7\u00e3o naquele ano. Com a eleva\u00e7\u00e3o \u00e0 condi\u00e7\u00e3o de vila e com o desenvolvimento do cultivo da cana-de-a\u00e7\u00facar, a vila se desenvolveu rapidamente. J\u00e1 em 11 de agosto de 1822, foi realizada a primeira reuni\u00e3o da que viria a ser a futura C\u00e2mara de Vereadores da cidade.<\/p>\n<p>Piracicaba desenvolveu-se rapidamente, tornado-se a principal cidade da regi\u00e3o e polarizando outras vilas que dariam origem \u00e0s cidades de S\u00e3o Pedro, Limeira, Capivari, Rio Claro e Santa B\u00e1rbara d&#8217;Oeste. A cidade permaneceu vinculada ao cultivo de cana-de-a\u00e7\u00facar, ignorando a chegada do caf\u00e9 no Oeste Paulista, cultivo que se tornaria o motor da economia paulista no final do s\u00e9culo XIX. Devido ao cultivo da cana-de-a\u00e7\u00facar, a regi\u00e3o tornou-se um dos principais polos escravocratas no Oeste Paulista, com grande presen\u00e7a de escravos e libertos negros.<\/p>\n<p>Em 1877, a cidade passou a ter liga\u00e7\u00e3o ferrovi\u00e1ria da Companhia Ytuana de Estradas de Ferro com Itu e Jundia\u00ed, via Capivari e Indaiatuba. No mesmo ano, por interm\u00e9dio de seu ent\u00e3o vereador e futuro presidente da Rep\u00fablica, Prudente de Morais, a cidade adotou o nome de &#8220;Piracicaba&#8221;, abandonando a denomina\u00e7\u00e3o portuguesa de Vila Nova da Constitui\u00e7\u00e3o. No ano de 1881, \u00e0s margens do Rio Piracicaba, foi fundado o Engenho Central de Piracicaba, que viria a se tornar um dos maiores engenhos de a\u00e7\u00facar do Brasil nos anos seguintes.<\/p>\n<h3>Economia<\/h3>\n<p>Em 2012, o Produto Interno Bruto (PIB) de Piracicaba era o maior da Microrregi\u00e3o de Piracicaba, o 14\u00ba maior do estado de S\u00e3o Paulo e o 52\u00ba de todo o pa\u00eds. De acordo com dados do IBGE, relativos a 2012, o PIB do munic\u00edpio era de R$ 11 887 388 mil., 1 962 724 mil. eram de impostos sobre produtos l\u00edquidos de subs\u00eddios a pre\u00e7os correntes. O PIB per capita era de R$ 32 135,11 Em 2000, o \u00cdndice de Desenvolvimento Humano (IDH) de renda era de 0,795, sendo que o do Brasil naquele ano era de 0,723. A cidade \u00e9 a quinta cidade do estado em valor de exporta\u00e7\u00f5es.<\/p>\n<p>De acordo com o IBGE, a cidade possu\u00eda, no ano de 2010, 15 055 unidades locais e 14 522 empresas e estabelecimentos comerciais atuantes. 138 654 trabalhadores eram classificados como pessoal ocupado total e 118 295 categorizavam-se em pessoal ocupado assalariado. Sal\u00e1rios juntamente com outras remunera\u00e7\u00f5es somavam 2 925 666 mil. reais e o sal\u00e1rio m\u00e9dio mensal de todo munic\u00edpio era de 3,8 sal\u00e1rios m\u00ednimos. At\u00e9 a d\u00e9cada de 1950 a economia da cidade era totalmente dependente da agricultura, e isso, aliado ao grande desenvolvimento da Regi\u00e3o Metropolitana de Campinas (RMC), fez com que a cidade passasse por uma dif\u00edcil situa\u00e7\u00e3o financeira, mas a constru\u00e7\u00e3o de rodovias e os investimentos em agroind\u00fastria ajudaram a reverter essa situa\u00e7\u00e3o. O setor agr\u00edcola passou a se concentrar na produ\u00e7\u00e3o sucroalcooleira. Al\u00e9m desta significativa atividade agr\u00edcola, Piracicaba tem um dos principais centros industriais da regi\u00e3o e conta com diversas universidades.<\/p>\n<h3>Sa\u00fade<\/h3>\n<p>Em 2009, o munic\u00edpio possu\u00eda 241 estabelecimentos de sa\u00fade entre hospitais, pronto-socorros, postos de sa\u00fade e servi\u00e7os odontol\u00f3gicos, sendo 101 deles p\u00fablicos e 140 privados. Neles a cidade possu\u00eda 732 leitos para interna\u00e7\u00e3o, sendo que 10 est\u00e3o nos p\u00fablicos e os 722 restantes est\u00e3o nos privados. Em 2011 98,5% das crian\u00e7as menores de 1 ano estavam com a carteira de vacina\u00e7\u00e3o em dia. Em 2010 foram registrados 4 736 nascidos, sendo que o \u00edndice de mortalidade infantil era de 12,9 a cada mil crian\u00e7as menores de um ano de idade e 99,9% do total de nascidos vivos tiveram seus partos assistidos por profissionais qualificados de sa\u00fade. Neste mesmo ano 12,9% do total de mulheres gr\u00e1vidas eram de meninas que tinham menos de 20 anos. 22 055 crian\u00e7as foram pesadas pelo Programa Sa\u00fade da Fam\u00edlia, sendo que 0,6% delas estavam desnutridas.<\/p>\n<p>Secretaria Municipal de Sa\u00fade (SEMS) de Piracicaba \u00e9 o \u00f3rg\u00e3o ligado de forma direta \u00e0 Prefeitura do Munic\u00edpio de Piracicaba e tem por fun\u00e7\u00e3o a manuten\u00e7\u00e3o e funcionamento do Sistema \u00danico de Sa\u00fade (SUS), assim como a cria\u00e7\u00e3o de pol\u00edticas, programas e projetos que visem \u00e0 sa\u00fade municipal. Para emerg\u00eancias a cidade conta com quatro Unidades de Pronto Atendimento (UPAMs dos bairros Vila Cristina, Vila S\u00f4nia e Piracicamirim), al\u00e9m do Servi\u00e7o de Atendimento M\u00f3vel de Urg\u00eancia (SAMU) e a Central de Ortopedia e Traumatologia (COT). Dentre os servi\u00e7os de apoio s\u00e3o alguns o Hospital Dia, a Central de Fisioterapia Municipal, o Servi\u00e7o Integrado de Transportes da Secretaria da Sa\u00fade (SITSS), a Vigil\u00e2ncia Sanit\u00e1ria (VISA), a Vigil\u00e2ncia Epidemiol\u00f3gica e a Coordenadoria em Programas de Alimenta\u00e7\u00e3o e Nutri\u00e7\u00e3o (CPAN). S\u00e3o alguns dos servi\u00e7os de aten\u00e7\u00e3o b\u00e1sica presentes em Piracicaba o Programa de Sa\u00fade da Fam\u00edlia (PSF), as Unidades B\u00e1sicas de Sa\u00fades (UBS) e o Programa de Sa\u00fade da Fam\u00edlia.<\/p>\n<h3>Educa\u00e7\u00e3o<\/h3>\n<p>O \u00cdndice de Desenvolvimento da Educa\u00e7\u00e3o B\u00e1sica (IDEB) m\u00e9dio entre as escolas p\u00fablicas de Piracicaba era, no ano de 2009, de 4,0 (numa escala de avalia\u00e7\u00e3o que vai de nota 1 \u00e0 10); valor igual ao das escolas municipais e estaduais de todo o Brasil. Entre as institui\u00e7\u00f5es particulares esse \u00edndice sobe para 6,1. O valor do \u00cdndice de Desenvolvimento Humano (IDH) da educa\u00e7\u00e3o era de 0,913 (classificado como muito elevado), enquanto o do Brasil \u00e9 0,849.<\/p>\n<p>O munic\u00edpio contava, em 2009, com aproximadamente 73 658 matr\u00edculas nas redes p\u00fablicas e particulares. Segundo o IBGE, naquele mesmo ano, das 115 escolas do ensino fundamental, 54 pertenciam \u00e0 rede p\u00fablica municipal, 36 \u00e0 rede p\u00fablica estadual e 25 eram escolas particulares. Dentre as 41 institui\u00e7\u00f5es de ensino m\u00e9dio, 46 pertenciam \u00e0 rede p\u00fablica estadual, 1 pertencia \u00e0 rede municipal e 19 \u00e0s redes particulares. Em 2000, 4,1% das crian\u00e7as de 7 a 14 anos n\u00e3o estavam cursando o ensino fundamental. A taxa de conclus\u00e3o, entre jovens de 15 a 17 anos naquele ano, era de 61,2%. O \u00edndice de alfabetiza\u00e7\u00e3o da popula\u00e7\u00e3o 15 ou mais de idade, em 2010, era de 96,9%. Em 2006, para cada 100 meninas do ensino fundamental, havia 111 meninos.<\/p>\n<p>A Secretaria Municipal de Educa\u00e7\u00e3o tem como objetivo coordenar e assessorar administrativa e pedagogicamente o sistema escolar de Piracicaba. S\u00e3o exemplos de programas coordenados pela Secretaria com foco voltado \u00e0 popula\u00e7\u00e3o a Educa\u00e7\u00e3o de Jovens e Adultos (EJA), que \u00e9 a rede de ensino gratuita e voltada para adultos que n\u00e3o conclu\u00edram o ensino fundamental, e a rede de Educa\u00e7\u00e3o Especial, onde alunos que t\u00eam defici\u00eancia f\u00edsica s\u00e3o conduzidos por professores especializados. A cidade possui tamb\u00e9m importantes centros universit\u00e1rios, destacando-se a Escola Superior de Agricultura Luiz de Queiroz (ESALQ) e o Centro de Energia Nuclear na Agricultura (CENA), ambos da Universidade de S\u00e3o Paulo (USP), a Faculdade de Odontologia de Piracicaba, da Universidade Estadual de Campinas (UNICAMP), a Universidade Metodista de Piracicaba (UNIMEP) e a Faculdade de Tecnologia de Piracicaba (FATEC), al\u00e9m da Funda\u00e7\u00e3o Municipal de Ensino, mantenedora da Escola de Engenharia de Piracicaba e um campus do Instituto Federal de S\u00e3o Paulo. Outras faculdades particulares existentes na cidade s\u00e3o a Faculdade Dom Bosco e a Faculdade Anhanguera de Piracicaba.<\/p>\n<p>&nbsp;<\/p>\n<p>Fonte: <a title=\"Guia da Cidade Piracicaba\" href=\"https:\/\/www.encontrapiracicaba.com.br\/sobre\/\" target=\"_blank\" rel=\"noopener noreferrer\">www.encontrapiracicaba.com.br<\/a><\/p>\n","protected":false},"excerpt":{"rendered":"<p>Piracicaba \u00e9 um munic\u00edpio brasileiro no interior do estado de S\u00e3o Paulo. Pertence \u00e0 Mesorregi\u00e3o e Microrregi\u00e3o de Piracicaba, localizando-se a noroeste da capital do estado, distando desta cerca de 164 km. Ocupa uma \u00e1rea de 1 376,913 km\u00b2, sendo que 31,5733 km\u00b2 est\u00e3o em per\u00edmetro urbano e os 1 345,339 km\u00b2 restantes constituem a zona rural. Em 2015, sua popula\u00e7\u00e3o foi estimada pelo IBGE em 391 449 habitantes, sendo o 17\u00ba mais populoso de S\u00e3o Paulo. A sede tem uma temperatura m\u00e9dia anual de 23,9 \u00b0C e na vegeta\u00e7\u00e3o original do munic\u00edpio predomina a mata atl\u00e2ntica. Com 97,3% de <\/p>\n","protected":false},"author":1,"featured_media":0,"parent":0,"menu_order":0,"comment_status":"open","ping_status":"open","template":"tpl_sobre_noticias.php","meta":{"footnotes":""},"class_list":["post-2472","page","type-page","status-publish","hentry"],"yoast_head":"<!-- This site is optimized with the Yoast SEO plugin v26.5 - https:\/\/yoast.com\/wordpress\/plugins\/seo\/ -->\n<title>Sobre Piracicaba | Guia Comercial de Piracicaba SP<\/title>\n<meta name=\"robots\" content=\"index, follow, max-snippet:-1, max-image-preview:large, max-video-preview:-1\" \/>\n<link rel=\"canonical\" href=\"https:\/\/www.encontrapiracicaba.com.br\/guia\/sobre-piracicaba\/\" \/>\n<meta property=\"og:locale\" content=\"pt_BR\" \/>\n<meta property=\"og:type\" content=\"article\" \/>\n<meta property=\"og:title\" content=\"Sobre Piracicaba | Guia Comercial de Piracicaba SP\" \/>\n<meta property=\"og:description\" content=\"Piracicaba \u00e9 um munic\u00edpio brasileiro no interior do estado de S\u00e3o Paulo. Pertence \u00e0 Mesorregi\u00e3o e Microrregi\u00e3o de Piracicaba, localizando-se a noroeste da capital do estado, distando desta cerca de 164 km. Ocupa uma \u00e1rea de 1 376,913 km\u00b2, sendo que 31,5733 km\u00b2 est\u00e3o em per\u00edmetro urbano e os 1 345,339 km\u00b2 restantes constituem a zona rural. Em 2015, sua popula\u00e7\u00e3o foi estimada pelo IBGE em 391 449 habitantes, sendo o 17\u00ba mais populoso de S\u00e3o Paulo. A sede tem uma temperatura m\u00e9dia anual de 23,9 \u00b0C e na vegeta\u00e7\u00e3o original do munic\u00edpio predomina a mata atl\u00e2ntica. Com 97,3% de\" \/>\n<meta property=\"og:url\" content=\"https:\/\/www.encontrapiracicaba.com.br\/guia\/sobre-piracicaba\/\" \/>\n<meta property=\"og:site_name\" content=\"Guia Comercial de Piracicaba SP\" \/>\n<meta property=\"article:modified_time\" content=\"2025-12-10T13:07:03+00:00\" \/>\n<meta property=\"og:image\" content=\"https:\/\/www.encontrapiracicaba.com.br\/guia\/wp-content\/uploads\/2013\/05\/foto-piracicaba.jpg\" \/>\n\t<meta property=\"og:image:width\" content=\"650\" \/>\n\t<meta property=\"og:image:height\" content=\"400\" \/>\n\t<meta property=\"og:image:type\" content=\"image\/jpeg\" \/>\n<meta name=\"twitter:card\" content=\"summary_large_image\" \/>\n<meta name=\"twitter:label1\" content=\"Est. tempo de leitura\" \/>\n\t<meta name=\"twitter:data1\" content=\"12 minutos\" \/>\n<script type=\"application\/ld+json\" class=\"yoast-schema-graph\">{\"@context\":\"https:\/\/schema.org\",\"@graph\":[{\"@type\":\"WebPage\",\"@id\":\"https:\/\/www.encontrapiracicaba.com.br\/guia\/sobre-piracicaba\/\",\"url\":\"https:\/\/www.encontrapiracicaba.com.br\/guia\/sobre-piracicaba\/\",\"name\":\"Sobre Piracicaba | Guia Comercial de Piracicaba SP\",\"isPartOf\":{\"@id\":\"https:\/\/www.encontrapiracicaba.com.br\/guia\/#website\"},\"primaryImageOfPage\":{\"@id\":\"https:\/\/www.encontrapiracicaba.com.br\/guia\/sobre-piracicaba\/#primaryimage\"},\"image\":{\"@id\":\"https:\/\/www.encontrapiracicaba.com.br\/guia\/sobre-piracicaba\/#primaryimage\"},\"thumbnailUrl\":\"http:\/\/www.encontrapiracicaba.com.br\/guia\/wp-content\/uploads\/2013\/05\/foto-piracicaba.jpg\",\"datePublished\":\"2013-05-02T20:30:40+00:00\",\"dateModified\":\"2025-12-10T13:07:03+00:00\",\"inLanguage\":\"pt-BR\",\"potentialAction\":[{\"@type\":\"ReadAction\",\"target\":[\"https:\/\/www.encontrapiracicaba.com.br\/guia\/sobre-piracicaba\/\"]}]},{\"@type\":\"ImageObject\",\"inLanguage\":\"pt-BR\",\"@id\":\"https:\/\/www.encontrapiracicaba.com.br\/guia\/sobre-piracicaba\/#primaryimage\",\"url\":\"https:\/\/www.encontrapiracicaba.com.br\/guia\/wp-content\/uploads\/2013\/05\/foto-piracicaba.jpg\",\"contentUrl\":\"https:\/\/www.encontrapiracicaba.com.br\/guia\/wp-content\/uploads\/2013\/05\/foto-piracicaba.jpg\",\"width\":650,\"height\":400},{\"@type\":\"WebSite\",\"@id\":\"https:\/\/www.encontrapiracicaba.com.br\/guia\/#website\",\"url\":\"https:\/\/www.encontrapiracicaba.com.br\/guia\/\",\"name\":\"Guia Comercial de Piracicaba SP\",\"description\":\"ENCONTRA PIRACICABA - O guia comercial de neg\u00f3cios e empresas, cultura e divers\u00e3o na cidade de Piracicaba. Feito 100% para voc\u00ea morador!\",\"potentialAction\":[{\"@type\":\"SearchAction\",\"target\":{\"@type\":\"EntryPoint\",\"urlTemplate\":\"https:\/\/www.encontrapiracicaba.com.br\/guia\/?s={search_term_string}\"},\"query-input\":{\"@type\":\"PropertyValueSpecification\",\"valueRequired\":true,\"valueName\":\"search_term_string\"}}],\"inLanguage\":\"pt-BR\"}]}<\/script>\n<!-- \/ Yoast SEO plugin. -->","yoast_head_json":{"title":"Sobre Piracicaba | Guia Comercial de Piracicaba SP","robots":{"index":"index","follow":"follow","max-snippet":"max-snippet:-1","max-image-preview":"max-image-preview:large","max-video-preview":"max-video-preview:-1"},"canonical":"https:\/\/www.encontrapiracicaba.com.br\/guia\/sobre-piracicaba\/","og_locale":"pt_BR","og_type":"article","og_title":"Sobre Piracicaba | Guia Comercial de Piracicaba SP","og_description":"Piracicaba \u00e9 um munic\u00edpio brasileiro no interior do estado de S\u00e3o Paulo. Pertence \u00e0 Mesorregi\u00e3o e Microrregi\u00e3o de Piracicaba, localizando-se a noroeste da capital do estado, distando desta cerca de 164 km. Ocupa uma \u00e1rea de 1 376,913 km\u00b2, sendo que 31,5733 km\u00b2 est\u00e3o em per\u00edmetro urbano e os 1 345,339 km\u00b2 restantes constituem a zona rural. Em 2015, sua popula\u00e7\u00e3o foi estimada pelo IBGE em 391 449 habitantes, sendo o 17\u00ba mais populoso de S\u00e3o Paulo. A sede tem uma temperatura m\u00e9dia anual de 23,9 \u00b0C e na vegeta\u00e7\u00e3o original do munic\u00edpio predomina a mata atl\u00e2ntica. Com 97,3% de","og_url":"https:\/\/www.encontrapiracicaba.com.br\/guia\/sobre-piracicaba\/","og_site_name":"Guia Comercial de Piracicaba SP","article_modified_time":"2025-12-10T13:07:03+00:00","og_image":[{"width":650,"height":400,"url":"https:\/\/www.encontrapiracicaba.com.br\/guia\/wp-content\/uploads\/2013\/05\/foto-piracicaba.jpg","type":"image\/jpeg"}],"twitter_card":"summary_large_image","twitter_misc":{"Est. tempo de leitura":"12 minutos"},"schema":{"@context":"https:\/\/schema.org","@graph":[{"@type":"WebPage","@id":"https:\/\/www.encontrapiracicaba.com.br\/guia\/sobre-piracicaba\/","url":"https:\/\/www.encontrapiracicaba.com.br\/guia\/sobre-piracicaba\/","name":"Sobre Piracicaba | Guia Comercial de Piracicaba SP","isPartOf":{"@id":"https:\/\/www.encontrapiracicaba.com.br\/guia\/#website"},"primaryImageOfPage":{"@id":"https:\/\/www.encontrapiracicaba.com.br\/guia\/sobre-piracicaba\/#primaryimage"},"image":{"@id":"https:\/\/www.encontrapiracicaba.com.br\/guia\/sobre-piracicaba\/#primaryimage"},"thumbnailUrl":"http:\/\/www.encontrapiracicaba.com.br\/guia\/wp-content\/uploads\/2013\/05\/foto-piracicaba.jpg","datePublished":"2013-05-02T20:30:40+00:00","dateModified":"2025-12-10T13:07:03+00:00","inLanguage":"pt-BR","potentialAction":[{"@type":"ReadAction","target":["https:\/\/www.encontrapiracicaba.com.br\/guia\/sobre-piracicaba\/"]}]},{"@type":"ImageObject","inLanguage":"pt-BR","@id":"https:\/\/www.encontrapiracicaba.com.br\/guia\/sobre-piracicaba\/#primaryimage","url":"https:\/\/www.encontrapiracicaba.com.br\/guia\/wp-content\/uploads\/2013\/05\/foto-piracicaba.jpg","contentUrl":"https:\/\/www.encontrapiracicaba.com.br\/guia\/wp-content\/uploads\/2013\/05\/foto-piracicaba.jpg","width":650,"height":400},{"@type":"WebSite","@id":"https:\/\/www.encontrapiracicaba.com.br\/guia\/#website","url":"https:\/\/www.encontrapiracicaba.com.br\/guia\/","name":"Guia Comercial de Piracicaba SP","description":"ENCONTRA PIRACICABA - O guia comercial de neg\u00f3cios e empresas, cultura e divers\u00e3o na cidade de Piracicaba. Feito 100% para voc\u00ea morador!","potentialAction":[{"@type":"SearchAction","target":{"@type":"EntryPoint","urlTemplate":"https:\/\/www.encontrapiracicaba.com.br\/guia\/?s={search_term_string}"},"query-input":{"@type":"PropertyValueSpecification","valueRequired":true,"valueName":"search_term_string"}}],"inLanguage":"pt-BR"}]}},"_links":{"self":[{"href":"https:\/\/www.encontrapiracicaba.com.br\/guia\/wp-json\/wp\/v2\/pages\/2472","targetHints":{"allow":["GET"]}}],"collection":[{"href":"https:\/\/www.encontrapiracicaba.com.br\/guia\/wp-json\/wp\/v2\/pages"}],"about":[{"href":"https:\/\/www.encontrapiracicaba.com.br\/guia\/wp-json\/wp\/v2\/types\/page"}],"author":[{"embeddable":true,"href":"https:\/\/www.encontrapiracicaba.com.br\/guia\/wp-json\/wp\/v2\/users\/1"}],"replies":[{"embeddable":true,"href":"https:\/\/www.encontrapiracicaba.com.br\/guia\/wp-json\/wp\/v2\/comments?post=2472"}],"version-history":[{"count":0,"href":"https:\/\/www.encontrapiracicaba.com.br\/guia\/wp-json\/wp\/v2\/pages\/2472\/revisions"}],"wp:attachment":[{"href":"https:\/\/www.encontrapiracicaba.com.br\/guia\/wp-json\/wp\/v2\/media?parent=2472"}],"curies":[{"name":"wp","href":"https:\/\/api.w.org\/{rel}","templated":true}]}}