{"id":2672,"date":"2017-12-05T14:59:07","date_gmt":"2017-12-05T17:59:07","guid":{"rendered":"http:\/\/www.encontrapiracicaba.com.br\/noticias\/?page_id=2672"},"modified":"2025-12-05T16:16:24","modified_gmt":"2025-12-05T19:16:24","slug":"sobre-piracicaba","status":"publish","type":"page","link":"https:\/\/www.encontrapiracicaba.com.br\/sobre\/","title":{"rendered":"Sobre Piracicaba"},"content":{"rendered":"<div class=\"85df007ed5c0c4d4b453fd13a37855e8\" data-index=\"1\" style=\"float: none; margin:0px;\">\n<!-- Anuncio display - global -->\r\n<ins class=\"adsbygoogle\"\r\n     style=\"display:block\"\r\n     data-ad-client=\"ca-pub-8585364105181520\"\r\n     data-ad-slot=\"8789329856\"\r\n     data-ad-format=\"auto\"\r\n     data-full-width-responsive=\"true\"><\/ins>\r\n<script>\r\n     (adsbygoogle = window.adsbygoogle || []).push({});\r\n<\/script>\n<\/div>\n<h2>Cidades de SP: Limites &#8211; Cidades Vizinhas<\/h2>\n<p><a title=\"Rio Claro\" href=\"https:\/\/www.encontrarioclaro.com.br\/\" target=\"_blank\" rel=\"noopener noreferrer\">Rio Claro<\/a>,\u00a0<a title=\"Limeira\" href=\"https:\/\/www.encontralimeirasp.com.br\/\" target=\"_blank\" rel=\"noopener noreferrer\">Limeira<\/a>,\u00a0<a title=\"Santa B\u00e1rbara d'Oeste\" href=\"https:\/\/www.encontrasantabarbaradoeste.com.br\/\" target=\"_blank\" rel=\"noopener noreferrer\">Santa B\u00e1rbara d&#8217;Oeste<\/a>, Laranjal Paulista, Iracem\u00e1polis, Anhembi,\u00a0<a title=\"S\u00e3o Pedro\" href=\"https:\/\/www.encontrasp.com.br\/sao-pedro\" target=\"_blank\" rel=\"noopener noreferrer\">S\u00e3o Pedro<\/a>, Charqueada, Rio das Pedras, Capivari, Conchas, Santa Maria da Serra, Ipe\u00fana e Saltinho<\/p>\n<p>&nbsp;<\/p>\n<h3>Dados Principais sobre Piracicaba<\/h3>\n<p>Anivers\u00e1rio: 1 de Agosto<img loading=\"lazy\" decoding=\"async\" class=\"size-full wp-image-2674 alignright\" src=\"https:\/\/www.encontrapiracicaba.com.br\/noticias\/wp-content\/uploads\/brasao-piracicaba.jpg\" alt=\"\" width=\"104\" height=\"119\" \/><br \/>\nFunda\u00e7\u00e3o : 1767<br \/>\nGent\u00edlico: Piracicabano<br \/>\nArea: 1.369,511 Km\u00b2<br \/>\nPopula\u00e7\u00e3o 391.449 hab. (2015)<br \/>\nIDH 0,836 &#8211; elevado<br \/>\n<a href=\"https:\/\/piracicaba.prefeituras.org\/\" target=\"_blank\" rel=\"noopener\">Prefeitura Piracicaba<img loading=\"lazy\" decoding=\"async\" class=\"size-full wp-image-2673 alignright\" src=\"https:\/\/www.encontrapiracicaba.com.br\/noticias\/wp-content\/uploads\/bandeira-piracicaba.jpg\" alt=\"\" width=\"145\" height=\"93\" \/><\/a><\/p>\n<p>&nbsp;<\/p>\n<p>&nbsp;<\/p>\n<h2>Hist\u00f3ria de Piracicaba<\/h2>\n<p><img loading=\"lazy\" decoding=\"async\" width=\"565\" height=\"198\" class=\"alignnone size-full wp-image-2675\" style=\"width: 100%; height: auto;\" src=\"https:\/\/www.encontrapiracicaba.com.br\/sobre\/wp-content\/uploads\/cidade-piracicaba.jpg\" alt=\"\" srcset=\"https:\/\/www.encontrapiracicaba.com.br\/sobre\/wp-content\/uploads\/cidade-piracicaba.jpg 565w, https:\/\/www.encontrapiracicaba.com.br\/sobre\/wp-content\/uploads\/cidade-piracicaba-300x105.jpg 300w\" sizes=\"auto, (max-width: 565px) 100vw, 565px\" \/><br \/>\n<strong>Piracicaba<\/strong> \u00e9 um munic\u00edpio brasileiro no interior do estado de S\u00e3o Paulo.<br \/>\nA cidade \u00e9 um importante p\u00f3lo regional de desenvolvimento industrial e agr\u00edcola, estando situada em uma das regi\u00f5es mais industrializadas e produtivas de todo o estado de S\u00e3o Paulo. A regi\u00e3o concentra uma popula\u00e7\u00e3o aproximada de 1,2 milh\u00e3o de habitantes.<\/p>\n<p><strong>Funda\u00e7\u00e3o<\/strong><\/p>\n<p>O nome do munic\u00edpio vem do tupi-guarani, significado &#8220;lugar onde o peixe para&#8221;. \u00c9 uma refer\u00eancia \u00e0s quedas do rio Piracicaba que bloqueiam a piracema dos peixes.<\/p>\n<p>O vale do rio Piracicaba come\u00e7a a ser ocupado durante o s\u00e9culo XVII, quando alguns colonos adentram a floresta e come\u00e7am a ocupar as terras ao redor do Rio Piracicaba praticando a agricultura de subsist\u00eancia e explora\u00e7\u00e3o vegetal.<\/p>\n<p>Em 1776 a Capitania de S\u00e3o Paulo decide fundar uma povoa\u00e7\u00e3o na regi\u00e3o, que serviria de apoio \u00e0 navega\u00e7\u00e3o das embarca\u00e7\u00f5es que desceriam o rio Tiet\u00ea em dire\u00e7\u00e3o ao rio Paran\u00e1 e tamb\u00e9m daria retaguarda ao forte de Iguatemi, localizado na divisa com o futuro Paraguai. A povoa\u00e7\u00e3o deveria ser fundada na foz do rio Piracicaba com o Tiet\u00ea, nas proximidades da atual cidade de Santa Maria da Serra, mas o Capit\u00e3o Ant\u00f4nio Correa Barbosa, incumbido de tal miss\u00e3o, decide-se por um ponto localizado a 90 quil\u00f4metros da foz do Piracicaba, lugar j\u00e1 ocupado por alguns posseiros e com melhor acesso a outras vilas da regi\u00e3o, notadamente Itu. A incipiente povoa\u00e7\u00e3o de <a href=\"\/\">Piracicaba <\/a>\u00e9 fundada em 1\u00ba de Agosto de 1767, na margem esquerda do rio, localizado aproximadamente aonde hoje se situa o Engenho Central e partes da Vila Rezende. A povoa\u00e7\u00e3o de Piracicaba \u00e9 ligada politicamente a Itu, ent\u00e3o a cidade mais pr\u00f3xima. No ano seguinte, a povoa\u00e7\u00e3o torna-se freguesia.<\/p>\n<p>O terreno irregular e inf\u00e9rtil da margem esquerda provoca a mudan\u00e7a da sede da freguesia para a margem direita do rio em 1784, e no final do s\u00e9culo XVIII a regi\u00e3o se desenvolve baseada na navega\u00e7\u00e3o do rio Piracicaba e no cultivo da cana-de-a\u00e7\u00facar.<\/p>\n<p><strong>Economia<\/strong><\/p>\n<p>A <a href=\"\/\">Cidade Piracicaba<\/a> \u00e9 uma das maiores for\u00e7as econ\u00f4micas do interior paulista. O munic\u00edpio \u00e9 o 47\u00ba mais rico do Brasil e exibe um Produto Interno Bruto (PIB) de R$ 7,8 bilh\u00f5es.<\/p>\n<p>Piracicaba tamb\u00e9m \u00e9 a 5\u00aa cidade do estado em valor de exporta\u00e7\u00f5es (US$ 1,1 bilh\u00e3o em 2004, um crescimento de 71% em rela\u00e7\u00e3o ao ano anterior), superando cidades de maior vigor econ\u00f4mico como Guarulhos e Campinas.<\/p>\n<p>Para homenagear a comunidade de moradores desta maravilhosa cidade, o <a href=\"https:\/\/www.encontrasaopaulo.com.br\" target=\"_blank\" rel=\"noopener noreferrer\">Encontra S\u00e3o Paulo<\/a> criou o <a href=\"\/\">Encontra Piracicaba<\/a>.<\/p>\n\n<div style=\"font-size: 0px; height: 0px; line-height: 0px; margin: 0; padding: 0; clear: both;\"><\/div>","protected":false},"excerpt":{"rendered":"<p>Cidades de SP: Limites &#8211; Cidades Vizinhas Rio Claro,\u00a0Limeira,\u00a0Santa B\u00e1rbara d&#8217;Oeste, Laranjal Paulista, Iracem\u00e1polis, Anhembi,\u00a0S\u00e3o Pedro, Charqueada, Rio das Pedras, Capivari, Conchas, Santa Maria da Serra, Ipe\u00fana e Saltinho &nbsp; Dados Principais sobre Piracicaba Anivers\u00e1rio: 1 de Agosto Funda\u00e7\u00e3o : 1767 Gent\u00edlico: Piracicabano Area: 1.369,511 Km\u00b2 Popula\u00e7\u00e3o 391.449 hab. (2015) IDH 0,836 &#8211; elevado Prefeitura Piracicaba &nbsp; &nbsp; Hist\u00f3ria de Piracicaba Piracicaba \u00e9 um munic\u00edpio brasileiro no interior do estado de S\u00e3o Paulo. A cidade \u00e9 um importante p\u00f3lo regional de desenvolvimento industrial e agr\u00edcola, estando situada em uma das regi\u00f5es mais industrializadas e produtivas de todo o estado de <\/p>\n","protected":false},"author":1,"featured_media":0,"parent":0,"menu_order":0,"comment_status":"closed","ping_status":"closed","template":"","meta":{"footnotes":""},"class_list":["post-2672","page","type-page","status-publish","hentry"],"aioseo_notices":[],"_links":{"self":[{"href":"https:\/\/www.encontrapiracicaba.com.br\/sobre\/wp-json\/wp\/v2\/pages\/2672","targetHints":{"allow":["GET"]}}],"collection":[{"href":"https:\/\/www.encontrapiracicaba.com.br\/sobre\/wp-json\/wp\/v2\/pages"}],"about":[{"href":"https:\/\/www.encontrapiracicaba.com.br\/sobre\/wp-json\/wp\/v2\/types\/page"}],"author":[{"embeddable":true,"href":"https:\/\/www.encontrapiracicaba.com.br\/sobre\/wp-json\/wp\/v2\/users\/1"}],"replies":[{"embeddable":true,"href":"https:\/\/www.encontrapiracicaba.com.br\/sobre\/wp-json\/wp\/v2\/comments?post=2672"}],"version-history":[{"count":11,"href":"https:\/\/www.encontrapiracicaba.com.br\/sobre\/wp-json\/wp\/v2\/pages\/2672\/revisions"}],"predecessor-version":[{"id":3805,"href":"https:\/\/www.encontrapiracicaba.com.br\/sobre\/wp-json\/wp\/v2\/pages\/2672\/revisions\/3805"}],"wp:attachment":[{"href":"https:\/\/www.encontrapiracicaba.com.br\/sobre\/wp-json\/wp\/v2\/media?parent=2672"}],"curies":[{"name":"wp","href":"https:\/\/api.w.org\/{rel}","templated":true}]}}