{"id":2750,"date":"2017-12-07T09:10:21","date_gmt":"2017-12-07T12:10:21","guid":{"rendered":"http:\/\/www.encontrapiracicaba.com.br\/sobre\/?page_id=2750"},"modified":"2025-12-05T16:16:44","modified_gmt":"2025-12-05T19:16:44","slug":"prefeitura-de-piracicaba","status":"publish","type":"page","link":"https:\/\/www.encontrapiracicaba.com.br\/sobre\/prefeitura-de-piracicaba\/","title":{"rendered":"Prefeitura de Piracicaba"},"content":{"rendered":"<div class=\"85df007ed5c0c4d4b453fd13a37855e8\" data-index=\"1\" style=\"float: none; margin:0px;\">\n<!-- Anuncio display - global -->\r\n<ins class=\"adsbygoogle\"\r\n     style=\"display:block\"\r\n     data-ad-client=\"ca-pub-8585364105181520\"\r\n     data-ad-slot=\"8789329856\"\r\n     data-ad-format=\"auto\"\r\n     data-full-width-responsive=\"true\"><\/ins>\r\n<script>\r\n     (adsbygoogle = window.adsbygoogle || []).push({});\r\n<\/script>\n<\/div>\n<p>A <strong>Prefeitura de Piracicaba<\/strong> \u00e9 a sede do poder executivo do munic\u00edpio. A Prefeitura abriga secretarias da educa\u00e7\u00e3o, sa\u00fade, meio ambiente e v\u00e1rias outras.<\/p>\n<p>Na sede da Prefeitura de Piracicaba, est\u00e3o instalados o Gabinete do prefeito e do vice-prefeito, al\u00e9m de secretarias e \u00f3rg\u00e3os. No local, o contribuinte tem acesso a servi\u00e7os como: Nota Fiscal Eletr\u00f4nica (Prefeitura de Piracicaba); Declara\u00e7\u00e3o de Servi\u00e7o; Emiss\u00e3o da 2\u00aa via do IPTU da Prefeitura Municipal; Consulta de Processos; Di\u00e1rio Oficial; entre outros.<\/p>\n<p><img loading=\"lazy\" decoding=\"async\" class=\"alignnone wp-image-2751 size-full\" title=\"Prefeitura de Piracicaba\" src=\"https:\/\/www.encontrapiracicaba.com.br\/sobre\/wp-content\/uploads\/prefeitura-piracicaba.jpg\" alt=\"Prefeitura de Piracicaba\" width=\"680\" height=\"189\" srcset=\"https:\/\/www.encontrapiracicaba.com.br\/sobre\/wp-content\/uploads\/prefeitura-piracicaba.jpg 680w, https:\/\/www.encontrapiracicaba.com.br\/sobre\/wp-content\/uploads\/prefeitura-piracicaba-300x83.jpg 300w\" sizes=\"auto, (max-width: 680px) 100vw, 680px\" \/><\/p>\n<h2>Concursos Prefeitura de Piracicaba<\/h2>\n<p>A Prefeitura Municipal de Piracicaba <em>realiza periodicamente concursos p\u00fablicos<\/em> com oportunidades para diversos cargos. O primeiro passo para a abertura \u00e9 divulgado no Di\u00e1rio Oficial da Prefeitura de Piracicaba, que \u00e9 a constitui\u00e7\u00e3o da comiss\u00e3o do certame. No documento constar\u00e1 as chances de cada setor e a escolaridade exigida de cada pessoa para o concurso da prefeitura de Piracicaba.<\/p>\n<p>Para acompanhar o andamento e obter maiores informa\u00e7\u00f5es sobre vagas, consulte o site da Prefeitura de Piracicaba com cronogramas e outras especificidades dos concursos p\u00fablicos e processos seletivos que ocorrem.<\/p>\n<h3>IPTU Prefeitura de Piracicaba<\/h3>\n<p>Todos os anos os propriet\u00e1rios de um ou mais im\u00f3veis na cidade de Piracicaba devem pagar o <em>IPTU (Imposto Predial e Territorial Urbano)<\/em>. Em alguns casos, o possuidor, mesmo n\u00e3o sendo o propriet\u00e1rio, \u00e9 o contribuinte do imposto. Na cidade de Piracicaba o contribuinte pode pagar o valor em cota \u00fanica (com desconto) ou em at\u00e9 dez cotas iguais. Voc\u00ea pode consultar e imprimir a segunda via do seu IPTU diretamente no site da Prefeitura de Piracicaba.<em><br \/>\n<\/em><\/p>\n<h3>Nfe Prefeitura de Piracicaba<\/h3>\n<p>A <em>Nota Fiscal de Servi\u00e7os Eletr\u00f4nica \u2013 NFS-e,<\/em> \u00e9 o documento fiscal de exist\u00eancia apenas digital que substituir\u00e1 as tradicionais notas fiscais de servi\u00e7os impressas. A NFS-e, implantada pela SECRETARIA DA FAZENDA, ser\u00e1 emitida e armazenada eletronicamente em programa de computador da Prefeitura Piracicaba, com o objetivo de materializar os fatos geradores do ISSQN \u2013 Imposto Sobre Servi\u00e7os de Qualquer Natureza, por meio do registro eletr\u00f4nico das presta\u00e7\u00f5es de servi\u00e7os sujeitas \u00e0 tributa\u00e7\u00e3o do ISSQN. Outras respostas a perguntas frequentes sobre o SIMPLES NACIONAL podem ser obtidas no site da Receita Federal do Brasil.<em><br \/>\n<\/em><\/p>\n<h3>ISS Prefeitura de Piracicaba<\/h3>\n<p>O <em>ISS \u00e9 o Imposto Sobre Servi\u00e7os<\/em> . Ele \u00e9 um tributo de compet\u00eancia dos munic\u00edpios e Distrito Federal e incide sobre a presta\u00e7\u00e3o de servi\u00e7os. O ISS da Prefeitura de Piracicaba SP \u00e9 pago pelas empresas prestadoras de servi\u00e7os e profissionais aut\u00f4nomos. Todas as informa\u00e7\u00f5es necess\u00e1rias e d\u00favidas sobre o ISS da Prefeitura de Piracicaba podem ser esclarecidos diretamente no site da Prefeitura.<\/p>\n<h3>SIMPLISS \u2013 Piracicaba<\/h3>\n<p>O Munic\u00edpio de Piracicaba utiliza o padr\u00e3o SIMPLISS\u00a0 para emiss\u00e3o das Notas Fiscais de Servi\u00e7o Eletr\u00f4nica.<\/p>\n<h3>Cursinho da Prefeitura de Piracicaba<\/h3>\n<p>O Cursinho Municipal, desde 2005, j\u00e1 beneficiou milhares alunos. O Cursinho da Prefeitura de Piracicaba oferece a seus alunos aulas com uma equipe de renome e com experi\u00eancia h\u00e1 mais de 30 anos em cursinhos pr\u00e9-vestibular.<\/p>\n<p>O material did\u00e1tico que os alunos recebem tamb\u00e9m se destaca pela qualidade. Apostilas com teoria e atividades extras servem de base para os estudos dos alunos. Os professores do cursinho procuram deixar as aulas mais pr\u00e1ticas e mais pr\u00f3ximas da realidade para que o aluno tenha motiva\u00e7\u00e3o\u201d.<\/p>\n<p>Al\u00e9m das atividades em sala, os alunos frequentemente realizam simulados semelhantes aos grandes vestibulares.<\/p>\n<h3>Vagas de Emprego Prefeitura de Piracicaba<\/h3>\n<p>A <span style=\"text-decoration: underline;\">Prefeitura de Piracicaba disponibiliza vagas de trabalho<\/span> durante todo ano. Para se informar sobre os processos seletivos e se candidatar as vagas acompanhe o site da Prefeitura de Piracicaba, onde \u00e9 poss\u00edvel se informar sobre vagas abertas, sal\u00e1rios e compet\u00eancias necess\u00e1rias para se candidatar ao processo.<\/p>\n<h3>CNPJ Prefeitura de Piracicaba<\/h3>\n<ul>\n<li>CNPJ Prefeitura de Piracicaba: 46.341.038\/0001-29<\/li>\n<\/ul>\n<h3>Hor\u00e1rio de Funcionamento Prefeitura de Piracicaba<\/h3>\n<ul>\n<li>De Segunda a Sexta das 08:30h \u00e0s 16:30h<\/li>\n<\/ul>\n<h3>Endere\u00e7o e Telefone Prefeitura de Piracicaba<\/h3>\n<ul>\n<li>R. Ant\u00f4nio Corr\u00eaa Barbosa, 2233 &#8211; Ch\u00e1cara Nazareth, Piracicaba &#8211; SP, 13400-900<\/li>\n<li>Telefone: (19) 3403-1000<\/li>\n<\/ul>\n<h4>Outras informa\u00e7\u00f5es e site<\/h4>\n<ul>\n<li>Mais informa\u00e7\u00f5es:\u00a0<a href=\"http:\/\/www.piracicaba.sp.gov.br\/\" target=\"_blank\" rel=\"noopener noreferrer\">www.piracicaba.sp.gov.br<\/a><\/li>\n<li>Informativo sobre a prefeitura: <a href=\"https:\/\/piracicaba.prefeituras.org\/\" target=\"_blank\" rel=\"noopener\">piracicaba.prefeituras.org<\/a><\/li>\n<\/ul>\n<h4>Mapa de localiza\u00e7\u00e3o<\/h4>\n<a class=\"wp-colorbox-iframe\" href=\"https:\/\/www.google.com\/maps\/embed?pb=!1m18!1m12!1m3!1d58876.835877153506!2d-47.66883515726481!3d-22.735590635250567!2m3!1f0!2f0!3f0!3m2!1i1024!2i768!4f13.1!3m3!1m2!1s0x94c631ae7cd666270x16337504b1cd2fb!2sPrefeitura+do+Municpio+de+Piracicaba!5e0!3m2!1spt-BR!2sbr!4v1512648397098\"><img decoding=\"async\" src=\"http:\/\/www.encontrapiracicaba.com.br\/imgs\/maps-post.png\"><\/a>\n\n<div style=\"font-size: 0px; height: 0px; line-height: 0px; margin: 0; padding: 0; clear: both;\"><\/div>","protected":false},"excerpt":{"rendered":"<p>A Prefeitura de Piracicaba \u00e9 a sede do poder executivo do munic\u00edpio. A Prefeitura abriga secretarias da educa\u00e7\u00e3o, sa\u00fade, meio ambiente e v\u00e1rias outras. Na sede da Prefeitura de Piracicaba, est\u00e3o instalados o Gabinete do prefeito e do vice-prefeito, al\u00e9m de secretarias e \u00f3rg\u00e3os. No local, o contribuinte tem acesso a servi\u00e7os como: Nota Fiscal Eletr\u00f4nica (Prefeitura de Piracicaba); Declara\u00e7\u00e3o de Servi\u00e7o; Emiss\u00e3o da 2\u00aa via do IPTU da Prefeitura Municipal; Consulta de Processos; Di\u00e1rio Oficial; entre outros. Concursos Prefeitura de Piracicaba A Prefeitura Municipal de Piracicaba realiza periodicamente concursos p\u00fablicos com oportunidades para diversos cargos. O primeiro passo para <\/p>\n","protected":false},"author":1,"featured_media":0,"parent":0,"menu_order":0,"comment_status":"closed","ping_status":"closed","template":"","meta":{"footnotes":""},"class_list":["post-2750","page","type-page","status-publish","hentry"],"aioseo_notices":[],"_links":{"self":[{"href":"https:\/\/www.encontrapiracicaba.com.br\/sobre\/wp-json\/wp\/v2\/pages\/2750","targetHints":{"allow":["GET"]}}],"collection":[{"href":"https:\/\/www.encontrapiracicaba.com.br\/sobre\/wp-json\/wp\/v2\/pages"}],"about":[{"href":"https:\/\/www.encontrapiracicaba.com.br\/sobre\/wp-json\/wp\/v2\/types\/page"}],"author":[{"embeddable":true,"href":"https:\/\/www.encontrapiracicaba.com.br\/sobre\/wp-json\/wp\/v2\/users\/1"}],"replies":[{"embeddable":true,"href":"https:\/\/www.encontrapiracicaba.com.br\/sobre\/wp-json\/wp\/v2\/comments?post=2750"}],"version-history":[{"count":4,"href":"https:\/\/www.encontrapiracicaba.com.br\/sobre\/wp-json\/wp\/v2\/pages\/2750\/revisions"}],"predecessor-version":[{"id":3806,"href":"https:\/\/www.encontrapiracicaba.com.br\/sobre\/wp-json\/wp\/v2\/pages\/2750\/revisions\/3806"}],"wp:attachment":[{"href":"https:\/\/www.encontrapiracicaba.com.br\/sobre\/wp-json\/wp\/v2\/media?parent=2750"}],"curies":[{"name":"wp","href":"https:\/\/api.w.org\/{rel}","templated":true}]}}