{"id":2758,"date":"2017-12-07T13:47:48","date_gmt":"2017-12-07T16:47:48","guid":{"rendered":"http:\/\/www.encontrapiracicaba.com.br\/sobre\/?page_id=2758"},"modified":"2017-12-08T11:29:02","modified_gmt":"2017-12-08T14:29:02","slug":"cine-araujo-piracicaba","status":"publish","type":"page","link":"https:\/\/www.encontrapiracicaba.com.br\/sobre\/cine-araujo-piracicaba\/","title":{"rendered":"Cine Ara\u00fajo Piracicaba"},"content":{"rendered":"<div class=\"85df007ed5c0c4d4b453fd13a37855e8\" data-index=\"1\" style=\"float: none; margin:0px;\">\n<!-- Anuncio display - global -->\r\n<ins class=\"adsbygoogle\"\r\n     style=\"display:block\"\r\n     data-ad-client=\"ca-pub-8585364105181520\"\r\n     data-ad-slot=\"8789329856\"\r\n     data-ad-format=\"auto\"\r\n     data-full-width-responsive=\"true\"><\/ins>\r\n<script>\r\n     (adsbygoogle = window.adsbygoogle || []).push({});\r\n<\/script>\n<\/div>\n<p>O <strong>Cine Ara\u00fajo Piracicaba<\/strong> leva a magia do cinema para v\u00e1rias cidades e sua principal preocupa\u00e7\u00e3o \u00e9 transformar um simples filme em uma experi\u00eancia \u00fanica para seus clientes.<\/p>\n<p>O Cine Araujo Piracicaba, investe constantemente em conforto e qualidade, trazendo aos seus clientes produtos de qualidade como: pipoca importada de diferentes tamanhos, v\u00e1rias op\u00e7\u00f5es de refrigerantes, doces e etc.<\/p>\n<p><em><img loading=\"lazy\" decoding=\"async\" class=\"alignnone wp-image-2759 size-full\" title=\"Cine Ara\u00fajo Piracicaba\" src=\"https:\/\/www.encontrapiracicaba.com.br\/sobre\/wp-content\/uploads\/cine-araujo-piracicaba.jpg\" alt=\"Cine Ara\u00fajo Piracicaba\" width=\"680\" height=\"189\" srcset=\"https:\/\/www.encontrapiracicaba.com.br\/sobre\/wp-content\/uploads\/cine-araujo-piracicaba.jpg 680w, https:\/\/www.encontrapiracicaba.com.br\/sobre\/wp-content\/uploads\/cine-araujo-piracicaba-300x83.jpg 300w\" sizes=\"auto, (max-width: 680px) 100vw, 680px\" \/><\/em><\/p>\n<h2>Cine Ara\u00fajo Piracicaba &#8211; Filmes Em Cartaz<\/h2>\n<p>No Cine Ara\u00fajo Piracicaba os <em>filmes em cartaz<\/em> s\u00e3o atualizados semanalmente, visite o site para conferir a programa\u00e7\u00e3o.<\/p>\n<h3>Cine Ara\u00fajo Piracicaba &#8211; Ingressos<\/h3>\n<p>\u00c9 poss\u00edvel <em>adquirir ingressos<\/em> antecipados pelo site Ingresso.com ou na bilheteria do Cine Ara\u00fajo Piracicaba.<em><br \/>\n<\/em><\/p>\n<h3>Cine Ara\u00fajo Piracicaba &#8211; Programa\u00e7\u00e3o<\/h3>\n<p>Toda semana a <em>programa\u00e7\u00e3o do Cine Ara\u00fajo Piracicaba<\/em> \u00e9 atualizada. Para conferir hor\u00e1rios, salas e valores, consulte a p\u00e1gina do Cine Ara\u00fajo no site do <a href=\"https:\/\/www.encontrapiracicaba.com.br\/sobre\/shopping-piracicaba\/\">Shopping Piracicaba<\/a>.<em><br \/>\n<\/em><\/p>\n<h3>Hor\u00e1rio de Funcionamento Cine Ara\u00fajo Piracicaba<\/h3>\n<ul>\n<li>Os hor\u00e1rios podem variar de acordo com o filme e sess\u00e3o escolhidos. Consulte o local para confirmar.<\/li>\n<\/ul>\n<h3>Endere\u00e7o e Telefone Cine Ara\u00fajo Piracicaba<\/h3>\n<ul>\n<li><span class=\"_Xbe\">Av. Limeira, 722 &#8211; Arei\u00e3o, Piracicaba &#8211; SP, 13414-018<\/span><\/li>\n<li>Telefone: (19) 3421-3687<\/li>\n<\/ul>\n<h4>Outras informa\u00e7\u00f5es e site<\/h4>\n<ul>\n<li>Mais informa\u00e7\u00f5es:\u00a0<a href=\"http:\/\/www.cinearaujo.com.br\" target=\"_blank\" rel=\"noopener noreferrer\">www.cinearaujo.com.br<\/a><\/li>\n<\/ul>\n<h4>Mapa de localiza\u00e7\u00e3o<\/h4>\n<a class=\"wp-colorbox-iframe\" href=\"https:\/\/www.google.com\/maps\/embed?pb=!1m14!1m8!1m3!1d14722.616276489152!2d-47.6485221!3d-22.7039182!3m2!1i1024!2i768!4f13.1!3m3!1m2!1s0x00xf3fae3452e501200!2sCinematogrfica+Cine+Arajo!5e0!3m2!1spt-BR!2sbr!4v1512662744035\"><img decoding=\"async\" src=\"http:\/\/www.encontrapiracicaba.com.br\/imgs\/maps-post.png\"><\/a>\n\n<div style=\"font-size: 0px; height: 0px; line-height: 0px; margin: 0; padding: 0; clear: both;\"><\/div>","protected":false},"excerpt":{"rendered":"<p>O Cine Ara\u00fajo Piracicaba leva a magia do cinema para v\u00e1rias cidades e sua principal preocupa\u00e7\u00e3o \u00e9 transformar um simples filme em uma experi\u00eancia \u00fanica para seus clientes. O Cine Araujo Piracicaba, investe constantemente em conforto e qualidade, trazendo aos seus clientes produtos de qualidade como: pipoca importada de diferentes tamanhos, v\u00e1rias op\u00e7\u00f5es de refrigerantes, doces e etc. Cine Ara\u00fajo Piracicaba &#8211; Filmes Em Cartaz No Cine Ara\u00fajo Piracicaba os filmes em cartaz s\u00e3o atualizados semanalmente, visite o site para conferir a programa\u00e7\u00e3o. Cine Ara\u00fajo Piracicaba &#8211; Ingressos \u00c9 poss\u00edvel adquirir ingressos antecipados pelo site Ingresso.com ou na bilheteria do <\/p>\n","protected":false},"author":1,"featured_media":0,"parent":0,"menu_order":0,"comment_status":"closed","ping_status":"closed","template":"","meta":{"footnotes":""},"class_list":["post-2758","page","type-page","status-publish","hentry"],"aioseo_notices":[],"_links":{"self":[{"href":"https:\/\/www.encontrapiracicaba.com.br\/sobre\/wp-json\/wp\/v2\/pages\/2758","targetHints":{"allow":["GET"]}}],"collection":[{"href":"https:\/\/www.encontrapiracicaba.com.br\/sobre\/wp-json\/wp\/v2\/pages"}],"about":[{"href":"https:\/\/www.encontrapiracicaba.com.br\/sobre\/wp-json\/wp\/v2\/types\/page"}],"author":[{"embeddable":true,"href":"https:\/\/www.encontrapiracicaba.com.br\/sobre\/wp-json\/wp\/v2\/users\/1"}],"replies":[{"embeddable":true,"href":"https:\/\/www.encontrapiracicaba.com.br\/sobre\/wp-json\/wp\/v2\/comments?post=2758"}],"version-history":[{"count":1,"href":"https:\/\/www.encontrapiracicaba.com.br\/sobre\/wp-json\/wp\/v2\/pages\/2758\/revisions"}],"predecessor-version":[{"id":2761,"href":"https:\/\/www.encontrapiracicaba.com.br\/sobre\/wp-json\/wp\/v2\/pages\/2758\/revisions\/2761"}],"wp:attachment":[{"href":"https:\/\/www.encontrapiracicaba.com.br\/sobre\/wp-json\/wp\/v2\/media?parent=2758"}],"curies":[{"name":"wp","href":"https:\/\/api.w.org\/{rel}","templated":true}]}}