{"id":2768,"date":"2017-12-07T16:04:47","date_gmt":"2017-12-07T19:04:47","guid":{"rendered":"http:\/\/www.encontrapiracicaba.com.br\/sobre\/?page_id=2768"},"modified":"2017-12-08T11:59:50","modified_gmt":"2017-12-08T14:59:50","slug":"ifsp-piracicaba","status":"publish","type":"page","link":"https:\/\/www.encontrapiracicaba.com.br\/sobre\/ifsp-piracicaba\/","title":{"rendered":"IFSP Piracicaba"},"content":{"rendered":"<div class=\"85df007ed5c0c4d4b453fd13a37855e8\" data-index=\"1\" style=\"float: none; margin:0px;\">\n<!-- Anuncio display - global -->\r\n<ins class=\"adsbygoogle\"\r\n     style=\"display:block\"\r\n     data-ad-client=\"ca-pub-8585364105181520\"\r\n     data-ad-slot=\"8789329856\"\r\n     data-ad-format=\"auto\"\r\n     data-full-width-responsive=\"true\"><\/ins>\r\n<script>\r\n     (adsbygoogle = window.adsbygoogle || []).push({});\r\n<\/script>\n<\/div>\n<p>O <strong>Instituto Federal de Educa\u00e7\u00e3o, Ci\u00eancia e Tecnologia de S\u00e3o Paulo \u2013 IFSP<\/strong> \u2013 \u00e9 uma autarquia federal de ensino. Fundada em 1909, como Escola de Aprendizes Art\u00edfices, \u00e9 reconhecida pela sociedade paulista por sua excel\u00eancia no ensino p\u00fablico gratuito de qualidade.<\/p>\n<p>Al\u00e9m dos cursos presenciais, o Instituto Federal de S\u00e3o Paulo oferece os cursos T\u00e9cnicos em Administra\u00e7\u00e3o e em Inform\u00e1tica para Internet e, a partir de 2012, o superior de Forma\u00e7\u00e3o de Professores na modalidade de Ensino a Dist\u00e2ncia (EaD).<\/p>\n<p><img loading=\"lazy\" decoding=\"async\" class=\"alignnone size-full wp-image-2770\" src=\"https:\/\/www.encontrapiracicaba.com.br\/sobre\/wp-content\/uploads\/ifsp-piracicaba.jpg\" alt=\"\" width=\"680\" height=\"189\" srcset=\"https:\/\/www.encontrapiracicaba.com.br\/sobre\/wp-content\/uploads\/ifsp-piracicaba.jpg 680w, https:\/\/www.encontrapiracicaba.com.br\/sobre\/wp-content\/uploads\/ifsp-piracicaba-300x83.jpg 300w\" sizes=\"auto, (max-width: 680px) 100vw, 680px\" \/><\/p>\n<p>O IFSP \u00e9 organizado em estrutura multicampi e possui aproximadamente 24 mil alunos matriculados nos 38 campi e mais 4 mil alunos nos 19 polos de educa\u00e7\u00e3o a dist\u00e2ncia distribu\u00eddos pelo estado de S\u00e3o Paulo.<\/p>\n<h2>IFSP Piracicaba Cursos<\/h2>\n<p>Atualmente, os cursos oferecidos pelo IFSP Piracicaba s\u00e3o: Engenharia Mec\u00e2nica; Engenharia El\u00e9trica; Tecn\u00f3logo em Automa\u00e7\u00e3o Industrial; Tecn\u00f3logo em An\u00e1lise e Desenvolvimento de Sistemas; Licenciatura em F\u00edsica; T\u00e9cnico Concomitante ou Subsequente em Mec\u00e2nica; T\u00e9cnico em Inform\u00e1tica\u00a0 Integrado ao Ensino M\u00e9dio; T\u00e9cnico em Manuten\u00e7\u00e3o Automotiva Integrado ao Ensino M\u00e9dio.<\/p>\n<h3>IFSP Piracicaba Processo Seletivo<\/h3>\n<p><em>Desde 2011, o IFSP seleciona seus alunos dos cursos superiores exclusivamente pelo Sisu.<\/em><\/p>\n<p>O Sisu \u00e9 o Sistema de Sele\u00e7\u00e3o Unificada gerenciado pelo Minist\u00e9rio da Educa\u00e7\u00e3o (MEC) que utiliza os resultados obtidos pelos estudantes no Exame Nacional do Ensino M\u00e9dio (Enem).<\/p>\n<p>O candidato interessado em ingressar em um curso superior do IFSP Piracicaba deve ter realizado o Enem (Exame Nacional do Ensino M\u00e9dio).<\/p>\n<h3>IFSP Piracicaba Engenharia Mec\u00e2nica<\/h3>\n<p>O Curso Superior de Engenharia Mec\u00e2nica do IFSP Piracicaba tem por objetivo geral propiciar ao estudante um processo formativo que habilitar\u00e1 a ser um profissional apto a produzir e aplicar conhecimentos cient\u00edficos e tecnol\u00f3gicos na \u00e1rea de Engenharia Mec\u00e2nica relacionados aos campos da pesquisa, aplica\u00e7\u00e3o industrial, planejamento e gest\u00e3o, enquanto cidad\u00e3o \u00e9tico e com capacidade t\u00e9cnica e pol\u00edtica.<\/p>\n<p>O curso \u00e9 oferecido em per\u00edodo integral, tem dura\u00e7\u00e3o de 10 semestres e uma carga hor\u00e1ria m\u00ednima obrigat\u00f3ria de 3603,33 horas. Para mais informa\u00e7\u00f5es acesse o site da institui\u00e7\u00e3o.<\/p>\n<h3>IFSP Piracicaba SUAP<\/h3>\n<p>O SIGA foi descontinuado e o sistema administrativo do IFSP passa a ser o SUAP \u2013 Sistema Unificado de Administra\u00e7\u00e3o P\u00fablica, dessa forma para utilizar os servi\u00e7os de Protocolo, Almoxarifado e Patrim\u00f4nio acesse\u00a0\u00a0a p\u00e1gina do SUAP.<\/p>\n<h3>Hor\u00e1rio de Funcionamento IFSP Piracicaba<\/h3>\n<ul>\n<li>Segunda a Sexta das 07h \u00e0s\u00a022h40<\/li>\n<\/ul>\n<h3>Endere\u00e7o e Telefone IFSP Piracicaba<\/h3>\n<ul>\n<li><span class=\"section-info-text\">Rua Diacono de Oliveira, 1005 &#8211; Santa Rosa, Piracicaba &#8211; SP, 13414-155<\/span><\/li>\n<li>Telefone: <span class=\"section-info-text\">(19) 3412-2700<\/span><\/li>\n<\/ul>\n<h4>Outras informa\u00e7\u00f5es e site<\/h4>\n<ul>\n<li>Mais informa\u00e7\u00f5es:\u00a0<a href=\"http:\/\/prc.ifsp.edu.br\/\" target=\"_blank\" rel=\"noopener noreferrer\">www.prc.ifsp.edu.br<\/a><\/li>\n<li>E-mail: cra.piracicaba@ifsp.edu.br<\/li>\n<li>Facebook: <a href=\"https:\/\/www.facebook.com\/IfspCampusPiracicaba\/\" target=\"_blank\" rel=\"noopener noreferrer\">www.facebook.com\/IfspCampusPiracicaba<\/a><\/li>\n<\/ul>\n<h4>Mapa de localiza\u00e7\u00e3o<\/h4>\n<a class=\"wp-colorbox-iframe\" href=\"https:\/\/www.google.com\/maps\/embed?pb=!1m14!1m8!1m3!1d14723.735391033671!2d-47.62585!3d-22.6935064!3m2!1i1024!2i768!4f13.1!3m3!1m2!1s0x00xbc5d73379858dbc3!2sInstituto+Federal+de+Educao+Cincia+e+Tecnologia+de+So+Paulo+Campus+Piracicaba!5e0!3m2!1spt-BR!2sbr!4v1512671756706\"><img decoding=\"async\" src=\"http:\/\/www.encontrapiracicaba.com.br\/imgs\/maps-post.png\"><\/a>\n\n<div style=\"font-size: 0px; height: 0px; line-height: 0px; margin: 0; padding: 0; clear: both;\"><\/div>","protected":false},"excerpt":{"rendered":"<p>O Instituto Federal de Educa\u00e7\u00e3o, Ci\u00eancia e Tecnologia de S\u00e3o Paulo \u2013 IFSP \u2013 \u00e9 uma autarquia federal de ensino. Fundada em 1909, como Escola de Aprendizes Art\u00edfices, \u00e9 reconhecida pela sociedade paulista por sua excel\u00eancia no ensino p\u00fablico gratuito de qualidade. Al\u00e9m dos cursos presenciais, o Instituto Federal de S\u00e3o Paulo oferece os cursos T\u00e9cnicos em Administra\u00e7\u00e3o e em Inform\u00e1tica para Internet e, a partir de 2012, o superior de Forma\u00e7\u00e3o de Professores na modalidade de Ensino a Dist\u00e2ncia (EaD). O IFSP \u00e9 organizado em estrutura multicampi e possui aproximadamente 24 mil alunos matriculados nos 38 campi e mais <\/p>\n","protected":false},"author":1,"featured_media":0,"parent":0,"menu_order":0,"comment_status":"closed","ping_status":"closed","template":"","meta":{"footnotes":""},"class_list":["post-2768","page","type-page","status-publish","hentry"],"aioseo_notices":[],"_links":{"self":[{"href":"https:\/\/www.encontrapiracicaba.com.br\/sobre\/wp-json\/wp\/v2\/pages\/2768","targetHints":{"allow":["GET"]}}],"collection":[{"href":"https:\/\/www.encontrapiracicaba.com.br\/sobre\/wp-json\/wp\/v2\/pages"}],"about":[{"href":"https:\/\/www.encontrapiracicaba.com.br\/sobre\/wp-json\/wp\/v2\/types\/page"}],"author":[{"embeddable":true,"href":"https:\/\/www.encontrapiracicaba.com.br\/sobre\/wp-json\/wp\/v2\/users\/1"}],"replies":[{"embeddable":true,"href":"https:\/\/www.encontrapiracicaba.com.br\/sobre\/wp-json\/wp\/v2\/comments?post=2768"}],"version-history":[{"count":1,"href":"https:\/\/www.encontrapiracicaba.com.br\/sobre\/wp-json\/wp\/v2\/pages\/2768\/revisions"}],"predecessor-version":[{"id":2769,"href":"https:\/\/www.encontrapiracicaba.com.br\/sobre\/wp-json\/wp\/v2\/pages\/2768\/revisions\/2769"}],"wp:attachment":[{"href":"https:\/\/www.encontrapiracicaba.com.br\/sobre\/wp-json\/wp\/v2\/media?parent=2768"}],"curies":[{"name":"wp","href":"https:\/\/api.w.org\/{rel}","templated":true}]}}