{"id":2772,"date":"2017-12-07T17:20:22","date_gmt":"2017-12-07T20:20:22","guid":{"rendered":"http:\/\/www.encontrapiracicaba.com.br\/sobre\/?page_id=2772"},"modified":"2017-12-07T17:25:10","modified_gmt":"2017-12-07T20:25:10","slug":"senac-piracicaba","status":"publish","type":"page","link":"https:\/\/www.encontrapiracicaba.com.br\/sobre\/senac-piracicaba\/","title":{"rendered":"Senac Piracicaba"},"content":{"rendered":"<div class=\"85df007ed5c0c4d4b453fd13a37855e8\" data-index=\"1\" style=\"float: none; margin:0px;\">\n<!-- Anuncio display - global -->\r\n<ins class=\"adsbygoogle\"\r\n     style=\"display:block\"\r\n     data-ad-client=\"ca-pub-8585364105181520\"\r\n     data-ad-slot=\"8789329856\"\r\n     data-ad-format=\"auto\"\r\n     data-full-width-responsive=\"true\"><\/ins>\r\n<script>\r\n     (adsbygoogle = window.adsbygoogle || []).push({});\r\n<\/script>\n<\/div>\n<p>Em 2016, o Senac completou 70 anos de atividades. Com tantas d\u00e9cadas de hist\u00f3ria, a organiza\u00e7\u00e3o permanece contempor\u00e2nea e reafirma sua capacidade de inova\u00e7\u00e3o e renova\u00e7\u00e3o, atributo que a evidencia.<\/p>\n<p>Hoje, est\u00e3o fisicamente presentes em mais de 40 munic\u00edpios, com 60 unidades uma delas o <strong>Senac Piracicaba<\/strong>, al\u00e9m de dois hot\u00e9is-escola e da Editora Senac S\u00e3o Paulo.<\/p>\n<p><img loading=\"lazy\" decoding=\"async\" class=\"alignnone wp-image-2773 size-full\" title=\"Senac Piracicaba\" src=\"https:\/\/www.encontrapiracicaba.com.br\/sobre\/wp-content\/uploads\/senac-piracicaba.jpg\" alt=\"Senac Piracicaba\" width=\"680\" height=\"189\" srcset=\"https:\/\/www.encontrapiracicaba.com.br\/sobre\/wp-content\/uploads\/senac-piracicaba.jpg 680w, https:\/\/www.encontrapiracicaba.com.br\/sobre\/wp-content\/uploads\/senac-piracicaba-300x83.jpg 300w\" sizes=\"auto, (max-width: 680px) 100vw, 680px\" \/><\/p>\n<p>Como marca desse desempenho, acompanhamos e abrimos caminhos para as tend\u00eancias do mundo do trabalho no com\u00e9rcio de bens, servi\u00e7os e turismo.<\/p>\n<p>Tudo come\u00e7ou em 10 de janeiro de 1946, quando o Conselho Nacional do Com\u00e9rcio recebeu autoriza\u00e7\u00e3o do Governo Federal para criar escolas em todo o pa\u00eds.<br \/>\nO Senac S\u00e3o Paulo teve seu Conselho Regional eleito em 13 de julho daquele ano e foi o primeiro a iniciar os trabalhos.<em><br \/>\n<\/em><\/p>\n<h2>Cursos Senac Piracicaba<\/h2>\n<p>O Senac preparou mais de 40 milh\u00f5es de pessoas para o setor de Com\u00e9rcio e Servi\u00e7os, contribuindo para a valoriza\u00e7\u00e3o do trabalhador, por meio de sua capacita\u00e7\u00e3o profissional com uma vasta op\u00e7\u00e3o de cursos em doze \u00e1reas de forma\u00e7\u00e3o, incluindo cursos de idiomas.<\/p>\n<p>A institui\u00e7\u00e3o atua tamb\u00e9m no ensino superior desde 1989. Em S\u00e3o Paulo, o Senac mant\u00e9m o Centro Universit\u00e1rio Senac, que oferece cursos de gradua\u00e7\u00e3o (bacharelados e de tecnologia) e de p\u00f3s-gradua\u00e7\u00e3o (aperfei\u00e7oamento, especializa\u00e7\u00e3o e mestrado profissional e acad\u00eamico).<\/p>\n<p>O Senac Piracicaba oferece <em>cursos livres, t\u00e9cnicos e de p\u00f3s-gradua\u00e7\u00e3o<\/em> nas mais diversas \u00e1reas do conhecimento. Para mais informa\u00e7\u00f5es acesse o site da unidade.<\/p>\n<h3>Senac Piracicaba Cursos Gratuitos<\/h3>\n<p>Por meio do <em>Programa Senac de Gratuidade (PSG)<\/em> voc\u00ea tem acesso a diversos cursos a dist\u00e2ncia para ganhar novos conhecimentos e conquistar mais espa\u00e7o no mercado de trabalho. O PSG destina-se a pessoas com renda familiar mensal per capita que n\u00e3o ultrapasse 2 sal\u00e1rios m\u00ednimos federais.<\/p>\n<p>Antes de efetuar a inscri\u00e7\u00e3o, o candidato dever\u00e1 tomar conhecimento das informa\u00e7\u00f5es dispon\u00edveis na guia \u201cPr\u00e9-requisitos\u201d de cada curso e certificar-se de que atende a todos os crit\u00e9rios exigidos. As vagas est\u00e3o sujeitas \u00e0 disponibilidade nos estados.<em><br \/>\n<\/em><\/p>\n<h3>Senac Piracicaba Bolsas<\/h3>\n<p>Para se candidatar a uma <em>bolsa de estudos no SENAC Piracicaba<\/em> voc\u00ea precisa acessar o site, localizar e escolher um curso dispon\u00edvel e se cadastrar com um e-mail ativo para preencher o formul\u00e1rio de solicita\u00e7\u00e3o de bolsa.<\/p>\n<p>Para ter validade sua solicita\u00e7\u00e3o de Bolsa de Estudos no Senac voc\u00ea dever\u00e1 preencher alguns pr\u00e9 requisitos. N\u00e3o pode estar matriculado atualmente em nenhum curso do SENAC, n\u00e3o deve estar inscrito em outro processo de concess\u00e3o de bolsas do Senac e n\u00e3o pode ter abandonado um curso no SENAC nos \u00faltimos 24 meses.<\/p>\n<p>Do momento que as inscri\u00e7\u00f5es s\u00e3o abertas, at\u00e9 dois meses antes do in\u00edcio do curso, as vagas dispon\u00edveis para bolsistas ser\u00e3o preenchidas \u00e0 medida que os interessados realizam a inscri\u00e7\u00e3o, unicamente online, pelo Portal Senac. Por\u00e9m, a matr\u00edcula s\u00f3 estar\u00e1 garantida quando o candidato enviar por e-mail, pelos Correios ou apresentar pessoalmente no setor de atendimento da unidade onde o curso ser\u00e1 realizado os documentos necess\u00e1rios pelo prazo de cinco dias \u00fateis, contados da data da inscri\u00e7\u00e3o.<\/p>\n<p>Para os cursos t\u00e9cnicos, \u00e9 obrigat\u00f3ria a apresenta\u00e7\u00e3o presencial ou pelos Correios. J\u00e1 para os cursos livres, os documentos podem ser enviados digitalmente. \u00c9 importante verificar se o interessado atende todos os pr\u00e9-requisitos do curso escolhido.<em><br \/>\n<\/em><\/p>\n<h3>Senac Piracicaba Inscri\u00e7\u00f5es<\/h3>\n<p>Participe das <em>inscri\u00e7\u00f5es do Senac Piracicaba<\/em> e garanta a sua vaga para os cursos nas mais diversas \u00e1reas do conhecimento. Acesse o site da institui\u00e7\u00e3o e confira como inscrever-se.<\/p>\n<h3>Senac Piracicaba Est\u00e9tica<\/h3>\n<p>O <em>Curso T\u00e9cnico em Est\u00e9tica do Senac Piracicaba<\/em> habilita o aluno para atuar profissionalmente, realizando procedimentos est\u00e9ticos faciais e corporais, avaliando corretamente as condi\u00e7\u00f5es da pele e com conhecimento amplo sobre as t\u00e9cnicas, tecnologias e produtos cosm\u00e9ticos mais adequados para cada caso.<br \/>\nO curso aborda o que h\u00e1 de mais atual no mercado e diferencia-se ainda por preparar o aluno para empreender seu pr\u00f3prio neg\u00f3cio, atuando com forma\u00e7\u00e3o competente e respons\u00e1vel.<\/p>\n<p>O aluno conta com professores experientes e vivencia situa\u00e7\u00f5es reais de trabalho, por meio de atividades pr\u00e1ticas em laborat\u00f3rio de Est\u00e9tica e atendimento ao p\u00fablico, sob acompanhamento e supervis\u00e3o do docente.<\/p>\n<p>O curso possui carga hor\u00e1ria: 1200 horas.<\/p>\n<p>Para mais informa\u00e7\u00f5es, entre em contato com a unidade.<\/p>\n<h3>Vagas Senac Piracicaba &#8211; Trabalhe Conosco<\/h3>\n<p>Voc\u00ea pode se candidatar a uma vaga de trabalho no Senac Piracicaba acessando o Banco de Talentos da institui\u00e7\u00e3o.<\/p>\n<p>No pr\u00f3prio site \u00e9 poss\u00edvel consultar as vagas dispon\u00edveis, o per\u00edodo de inscri\u00e7\u00e3o e requisitos para preencher a vaga. Voc\u00ea poder\u00e1 se candidatar a vaga preenchendo o formul\u00e1rio pelo pr\u00f3prio site.<\/p>\n<h3>Hor\u00e1rio de Funcionamento Senac Piracicaba<\/h3>\n<ul>\n<li>Segunda a Sexta das 08h \u00e0s 21h e S\u00e1bado das 8h \u00e0s 14h<\/li>\n<\/ul>\n<h3>Endere\u00e7o e Telefone Senac Piracicaba<\/h3>\n<ul>\n<li><span class=\"_Xbe\">R. Santa Cruz, 1148 &#8211; Alto, Piracicaba &#8211; SP, 13419-030<\/span><\/li>\n<li>Telefone: (19) 2105-0199<\/li>\n<\/ul>\n<h4>Outras informa\u00e7\u00f5es e site<\/h4>\n<ul>\n<li>Mais informa\u00e7\u00f5es:\u00a0<a href=\"http:\/\/www.sp.senac.br\/jsp\/default.jsp?newsID=a547.htm&amp;testeira=437&amp;unit=PIR&amp;sub=1\" target=\"_blank\" rel=\"noopener noreferrer\">www.sp.senac.br<\/a><\/li>\n<li>E-mail: piracicaba@sp.senac.br<\/li>\n<\/ul>\n<h4>Mapa de localiza\u00e7\u00e3o<\/h4>\n<a class=\"wp-colorbox-iframe\" href=\"https:\/\/www.google.com\/maps\/embed?pb=!1m14!1m8!1m3!1d14719.969907631794!2d-47.6457014!3d-22.728521!3m2!1i1024!2i768!4f13.1!3m3!1m2!1s0x00x197834b105f878e3!2sSenac+Piracicaba!5e0!3m2!1spt-BR!2sbr!4v1512676833366\"><img decoding=\"async\" src=\"http:\/\/www.encontrapiracicaba.com.br\/imgs\/maps-post.png\"><\/a>\n\n<div style=\"font-size: 0px; height: 0px; line-height: 0px; margin: 0; padding: 0; clear: both;\"><\/div>","protected":false},"excerpt":{"rendered":"<p>Em 2016, o Senac completou 70 anos de atividades. Com tantas d\u00e9cadas de hist\u00f3ria, a organiza\u00e7\u00e3o permanece contempor\u00e2nea e reafirma sua capacidade de inova\u00e7\u00e3o e renova\u00e7\u00e3o, atributo que a evidencia. Hoje, est\u00e3o fisicamente presentes em mais de 40 munic\u00edpios, com 60 unidades uma delas o Senac Piracicaba, al\u00e9m de dois hot\u00e9is-escola e da Editora Senac S\u00e3o Paulo. Como marca desse desempenho, acompanhamos e abrimos caminhos para as tend\u00eancias do mundo do trabalho no com\u00e9rcio de bens, servi\u00e7os e turismo. Tudo come\u00e7ou em 10 de janeiro de 1946, quando o Conselho Nacional do Com\u00e9rcio recebeu autoriza\u00e7\u00e3o do Governo Federal para criar <\/p>\n","protected":false},"author":1,"featured_media":0,"parent":0,"menu_order":0,"comment_status":"closed","ping_status":"closed","template":"","meta":{"footnotes":""},"class_list":["post-2772","page","type-page","status-publish","hentry"],"aioseo_notices":[],"_links":{"self":[{"href":"https:\/\/www.encontrapiracicaba.com.br\/sobre\/wp-json\/wp\/v2\/pages\/2772","targetHints":{"allow":["GET"]}}],"collection":[{"href":"https:\/\/www.encontrapiracicaba.com.br\/sobre\/wp-json\/wp\/v2\/pages"}],"about":[{"href":"https:\/\/www.encontrapiracicaba.com.br\/sobre\/wp-json\/wp\/v2\/types\/page"}],"author":[{"embeddable":true,"href":"https:\/\/www.encontrapiracicaba.com.br\/sobre\/wp-json\/wp\/v2\/users\/1"}],"replies":[{"embeddable":true,"href":"https:\/\/www.encontrapiracicaba.com.br\/sobre\/wp-json\/wp\/v2\/comments?post=2772"}],"version-history":[{"count":0,"href":"https:\/\/www.encontrapiracicaba.com.br\/sobre\/wp-json\/wp\/v2\/pages\/2772\/revisions"}],"wp:attachment":[{"href":"https:\/\/www.encontrapiracicaba.com.br\/sobre\/wp-json\/wp\/v2\/media?parent=2772"}],"curies":[{"name":"wp","href":"https:\/\/api.w.org\/{rel}","templated":true}]}}