{"id":2780,"date":"2017-12-13T15:27:55","date_gmt":"2017-12-13T18:27:55","guid":{"rendered":"http:\/\/www.encontrapiracicaba.com.br\/sobre\/?page_id=2780"},"modified":"2017-12-13T15:31:53","modified_gmt":"2017-12-13T18:31:53","slug":"cat-piracicaba","status":"publish","type":"page","link":"https:\/\/www.encontrapiracicaba.com.br\/sobre\/cat-piracicaba\/","title":{"rendered":"Cat Piracicaba"},"content":{"rendered":"<div class=\"85df007ed5c0c4d4b453fd13a37855e8\" data-index=\"1\" style=\"float: none; margin:0px;\">\n<!-- Anuncio display - global -->\r\n<ins class=\"adsbygoogle\"\r\n     style=\"display:block\"\r\n     data-ad-client=\"ca-pub-8585364105181520\"\r\n     data-ad-slot=\"8789329856\"\r\n     data-ad-format=\"auto\"\r\n     data-full-width-responsive=\"true\"><\/ins>\r\n<script>\r\n     (adsbygoogle = window.adsbygoogle || []).push({});\r\n<\/script>\n<\/div>\n<p><strong>Centro de Apoio ao Trabalhador \u2013 CAT Piracicaba<\/strong>, \u00e9 fruto de uma parceria entre os \u00f3rg\u00e3os municipal e federal, e tem como objetivo proporcionar a popula\u00e7\u00e3o uma recoloca\u00e7\u00e3o profissional r\u00e1pida no mercado de trabalho e gera\u00e7\u00e3o de renda, al\u00e9m de facilitar todo o tr\u00e2mite para a retirada de documentos e benef\u00edcios ao trabalhador.<\/p>\n<p>O centro de apoio ao trabalhador tamb\u00e9m tem atendimento para quem busca recoloca\u00e7\u00e3o profissional no mercado de trabalho.<\/p>\n<p><img loading=\"lazy\" decoding=\"async\" class=\"alignnone size-full wp-image-2781\" src=\"https:\/\/www.encontrapiracicaba.com.br\/sobre\/wp-content\/uploads\/semtre-piracicaba.jpg\" alt=\"\" width=\"680\" height=\"189\" srcset=\"https:\/\/www.encontrapiracicaba.com.br\/sobre\/wp-content\/uploads\/semtre-piracicaba.jpg 680w, https:\/\/www.encontrapiracicaba.com.br\/sobre\/wp-content\/uploads\/semtre-piracicaba-300x83.jpg 300w\" sizes=\"auto, (max-width: 680px) 100vw, 680px\" \/><\/p>\n<h2>Cat Piracicaba Cursos Gratuitos<\/h2>\n<p><em>O\u00a0CAT\/SEMTRE oferece cursos gratuitos<\/em> destinados a quem est\u00e1 busca de emprego. Para mais informa\u00e7\u00f5es acesse o site da SEMTRE.<\/p>\n<h3>Cat Piracicaba SEMTRE<\/h3>\n<p>A <span style=\"text-decoration: underline;\">Secretaria Municipal do Trabalho e Renda de Piracicaba SEMTRE<\/span> est\u00e1 criada pela Lei 05951 de 10\/04\/2007, tendo sua origem na proposta de Lei n\u00b0 002\/06 do Executivo Municipal. A cria\u00e7\u00e3o desta Secretaria prev\u00ea que esta venha a ser um instrumento de pol\u00edtica ativa de gera\u00e7\u00e3o de renda e de apoio ao trabalhador para diagnosticar a realidade da quest\u00e3o do emprego no munic\u00edpio, aplicar recursos e a\u00e7\u00f5es com maior margem de acerto, com propriedade e efici\u00eancia.<br \/>\nAs duas grandes \u00e1reas de atua\u00e7\u00e3o da Secretaria s\u00e3o: o apoio ao trabalhador (orienta\u00e7\u00e3o e desenvolvimento de postos de servi\u00e7o) e outra destinada a qualifica\u00e7\u00e3o profissional (capacita\u00e7\u00e3o de m\u00e3o-de-obra, a reinser\u00e7\u00e3o dos trabalhadores no mercado, seja atrav\u00e9s do trabalho remunerado ou de renda pr\u00f3pria).<em><br \/>\n<\/em><\/p>\n<h3>Cat Piracicaba Empregos<\/h3>\n<p>O CAT\/SEMTRE conta com um canal de informa\u00e7\u00e3o para maiores detalhes das vagas de empregos dispon\u00edveis. <em>As vagas de empregos cadastradas no sistema do CAT s\u00e3o atualizadas diariamente<\/em>. Para conferir as vagas dispon\u00edveis, acesse o site da SEMTRE.<em><br \/>\n<\/em><\/p>\n<h3>Cat Piracicaba Vagas<\/h3>\n<p><span style=\"text-decoration: underline;\">As vagas do CAT est\u00e3o dispon\u00edveis no site<\/span>. (Confira abaixo)<br \/>\nCaso o candidato j\u00e1 possua o cadastro no Portal Mais Emprego, antes de verificar as vagas pela Internet, \u00e9 necess\u00e1rio comparecer ao CAT com o RG, CPF e Carteira de trabalho (originais) para habilitar o acesso \u00e0 internet.<\/p>\n<h3>Cat Piracicaba Cadastro<\/h3>\n<p>O CAT Piracicaba n\u00e3o trabalha com banco de curr\u00edculos. <em>Para se candidatar \u00e0s vagas disponibilizadas no Posto, o trabalhador pode fazer o cadastro<\/em>:<\/p>\n<p>\u2022 Pela Internet (somente para quem j\u00e1 possui o n\u00ba do PIS)<br \/>\nBasta entrar no site e preencher todos os dados solicitados conforme o passo a passo no manual do candidato.<\/p>\n<p>\u2022 No pr\u00f3prio Cat, sendo necess\u00e1rio:<br \/>\nTer no m\u00ednimo 14 anos (Para 14 e 15 anos o cadastro ser\u00e1 somente para menor aprendiz);<br \/>\nComparecer pessoalmente ao CAT (Centro de Apoio ao Trabalhador) com Carteira de Trabalho, RG e CPF (originais).<\/p>\n<p>\u00c9 importante manter seus dados atualizados para a verifica\u00e7\u00e3o das vagas.<\/p>\n<h3>Hor\u00e1rio de Funcionamento Cat em Piracicaba<\/h3>\n<ul>\n<li>Segunda a Sexta das 08h \u00e0s 16h30<\/li>\n<\/ul>\n<h3>Endere\u00e7o e Telefone Cat em Piracicaba<\/h3>\n<ul>\n<li>R. Monsenhor Manoel Francisco Rosa, 900 &#8211; Centro, Piracicaba &#8211; SP, 13400-270<\/li>\n<li>Telefone: (19) 3437-2220<\/li>\n<\/ul>\n<h4>Outras informa\u00e7\u00f5es e site<\/h4>\n<ul>\n<li>Mais informa\u00e7\u00f5es:\u00a0<a href=\"http:\/\/www.semtre.piracicaba.sp.gov.br\" target=\"_blank\" rel=\"noopener noreferrer\">www.semtre.piracicaba.sp.gov.br<\/a><\/li>\n<li>E-mail: catpiracicaba@gmail.com<\/li>\n<\/ul>\n<h4>Mapa de localiza\u00e7\u00e3o<\/h4>\n<a class=\"wp-colorbox-iframe\" href=\"https:\/\/www.google.com\/maps\/embed?pb=!1m14!1m8!1m3!1d14720.796041015774!2d-47.6453711!3d-22.7208433!3m2!1i1024!2i768!4f13.1!3m3!1m2!1s0x00xd5bf12d46651eb2a!2sSecretaria+Municipal+do+Trabalho+e+Renda+-+SEMTRE!5e0!3m2!1spt-BR!2sbr!4v1513187376483\"><img decoding=\"async\" src=\"http:\/\/www.encontrapiracicaba.com.br\/imgs\/maps-post.png\"><\/a>\n\n<div style=\"font-size: 0px; height: 0px; line-height: 0px; margin: 0; padding: 0; clear: both;\"><\/div>","protected":false},"excerpt":{"rendered":"<p>Centro de Apoio ao Trabalhador \u2013 CAT Piracicaba, \u00e9 fruto de uma parceria entre os \u00f3rg\u00e3os municipal e federal, e tem como objetivo proporcionar a popula\u00e7\u00e3o uma recoloca\u00e7\u00e3o profissional r\u00e1pida no mercado de trabalho e gera\u00e7\u00e3o de renda, al\u00e9m de facilitar todo o tr\u00e2mite para a retirada de documentos e benef\u00edcios ao trabalhador. O centro de apoio ao trabalhador tamb\u00e9m tem atendimento para quem busca recoloca\u00e7\u00e3o profissional no mercado de trabalho. Cat Piracicaba Cursos Gratuitos O\u00a0CAT\/SEMTRE oferece cursos gratuitos destinados a quem est\u00e1 busca de emprego. Para mais informa\u00e7\u00f5es acesse o site da SEMTRE. Cat Piracicaba SEMTRE A Secretaria Municipal <\/p>\n","protected":false},"author":1,"featured_media":0,"parent":0,"menu_order":0,"comment_status":"closed","ping_status":"closed","template":"","meta":{"footnotes":""},"class_list":["post-2780","page","type-page","status-publish","hentry"],"aioseo_notices":[],"_links":{"self":[{"href":"https:\/\/www.encontrapiracicaba.com.br\/sobre\/wp-json\/wp\/v2\/pages\/2780","targetHints":{"allow":["GET"]}}],"collection":[{"href":"https:\/\/www.encontrapiracicaba.com.br\/sobre\/wp-json\/wp\/v2\/pages"}],"about":[{"href":"https:\/\/www.encontrapiracicaba.com.br\/sobre\/wp-json\/wp\/v2\/types\/page"}],"author":[{"embeddable":true,"href":"https:\/\/www.encontrapiracicaba.com.br\/sobre\/wp-json\/wp\/v2\/users\/1"}],"replies":[{"embeddable":true,"href":"https:\/\/www.encontrapiracicaba.com.br\/sobre\/wp-json\/wp\/v2\/comments?post=2780"}],"version-history":[{"count":0,"href":"https:\/\/www.encontrapiracicaba.com.br\/sobre\/wp-json\/wp\/v2\/pages\/2780\/revisions"}],"wp:attachment":[{"href":"https:\/\/www.encontrapiracicaba.com.br\/sobre\/wp-json\/wp\/v2\/media?parent=2780"}],"curies":[{"name":"wp","href":"https:\/\/api.w.org\/{rel}","templated":true}]}}