{"id":2786,"date":"2017-12-13T17:09:30","date_gmt":"2017-12-13T20:09:30","guid":{"rendered":"http:\/\/www.encontrapiracicaba.com.br\/sobre\/?page_id=2786"},"modified":"2017-12-13T17:13:04","modified_gmt":"2017-12-13T20:13:04","slug":"senai-piracicaba","status":"publish","type":"page","link":"https:\/\/www.encontrapiracicaba.com.br\/sobre\/senai-piracicaba\/","title":{"rendered":"Senai Piracicaba"},"content":{"rendered":"<div class=\"85df007ed5c0c4d4b453fd13a37855e8\" data-index=\"1\" style=\"float: none; margin:0px;\">\n<!-- Anuncio display - global -->\r\n<ins class=\"adsbygoogle\"\r\n     style=\"display:block\"\r\n     data-ad-client=\"ca-pub-8585364105181520\"\r\n     data-ad-slot=\"8789329856\"\r\n     data-ad-format=\"auto\"\r\n     data-full-width-responsive=\"true\"><\/ins>\r\n<script>\r\n     (adsbygoogle = window.adsbygoogle || []).push({});\r\n<\/script>\n<\/div>\n<p>O <em>Servi\u00e7o Nacional de Aprendizagem Industrial (Senai)<\/em> foi criado em 22 de janeiro de 1942, pelo Decreto-Lei 4.048 do ent\u00e3o presidente Get\u00falio Vargas, com a miss\u00e3o de formar profissionais para a ind\u00fastria nacional.<\/p>\n<p>A escola tem sua origem remota no pedido do CIESP de Piracicaba, de novembro de 1969, que requisitou ao Departamento Regional do Senai a instala\u00e7\u00e3o de mais uma unidade na regi\u00e3o, no bairro de Vila Rezende, para atender ao desenvolvimento industrial. Naquele momento, a demanda da forma\u00e7\u00e3o profissional n\u00e3o justificava uma nova unidade.<\/p>\n<p>&nbsp;<\/p>\n<p><img loading=\"lazy\" decoding=\"async\" class=\"alignnone size-full wp-image-2787\" src=\"https:\/\/www.encontrapiracicaba.com.br\/sobre\/wp-content\/uploads\/senai-piracicaba.jpg\" alt=\"\" width=\"680\" height=\"189\" srcset=\"https:\/\/www.encontrapiracicaba.com.br\/sobre\/wp-content\/uploads\/senai-piracicaba.jpg 680w, https:\/\/www.encontrapiracicaba.com.br\/sobre\/wp-content\/uploads\/senai-piracicaba-300x83.jpg 300w\" sizes=\"auto, (max-width: 680px) 100vw, 680px\" \/><em><br \/>\n<\/em><\/p>\n<p>Em 1973, a prefeitura de Piracicaba pleiteou \u00e0 Escola Superior de Agricultura \u201cLuiz de Queiroz\u201d, da USP, a doa\u00e7\u00e3o de terreno, destinado a abrigar a unidade escolar do Senai com cursos de solda e caldeiraria. As negocia\u00e7\u00f5es demoraram e o Estado s\u00f3 efetuou a doa\u00e7\u00e3o cinco anos depois. No ano seguinte, uma lei municipal (Lei n\u00ba 2.359, de 27 de junho de 1979) autorizou a doa\u00e7\u00e3o de duas \u00e1reas de terreno ao Senai, com 14.514,50m\u00b2 e 3.287,25m\u00b2. Finalmente, com a conclus\u00e3o das obras e pavimenta\u00e7\u00e3o das vias de acesso, a Unidade II da Escola Senai \u201cM\u00e1rio Dedini\u201d iniciou atividades em 2 de agosto de 1982 com cursos de Aprendizagem Industrial para as ocupa\u00e7\u00f5es de Caldeireiro, Marceneiro e Modelador Industrial, al\u00e9m de treinamentos para a ocupa\u00e7\u00e3o de Soldador \u2014 o pr\u00e9dio foi inaugurado em 30 de maio de 1986.<\/p>\n<p>A Escola Senai \u201cM\u00e1rio Dedini\u201d Unidade II recebeu nova denomina\u00e7\u00e3o Escola <strong>Senai Piracicaba <\/strong>\u201dM\u00e1rio Henrique Simonsen\u201d em 17 de mar\u00e7o de 1998.<\/p>\n<h2>Senai Piracicaba Cursos<\/h2>\n<p>O <em>Senai Piracicaba oferece Cursos<\/em> de Aprendizagem Industrial para as qualifica\u00e7\u00f5es de Caldeireiro, Marceneiro, Modelador Industrial, Eletricista de Manuten\u00e7\u00e3o, Mec\u00e2nico Automobil\u00edstico e Soldador.<\/p>\n<p>Em n\u00edvel t\u00e9cnico, oferece a habilita\u00e7\u00e3o em T\u00e9cnico em Eletroeletr\u00f4nica. Realiza cursos r\u00e1pidos &#8211; forma\u00e7\u00e3o inicial e continuada para jovens e adultos &#8211; que visam a qualifica\u00e7\u00e3o, aperfei\u00e7oamento ou especializa\u00e7\u00e3o nas \u00e1reas de Automa\u00e7\u00e3o Industrial, Automotiva, Automobil\u00edstica, Eletroeletr\u00f4nica, Inform\u00e1tica, Madeira e Mobili\u00e1rio, Caldeiraria, Soldagem, Fundi\u00e7\u00e3o e Sa\u00fade e Seguran\u00e7a no Trabalho.<\/p>\n<h3>Senai Piracicaba Bolsa de Estudos<\/h3>\n<p>O <span style=\"text-decoration: underline;\">Senai Piracicaba oferece aos interessados bolsas de estudos<\/span>. S\u00e3o elas: parciais ou integrais nos cursos de:<em><br \/>\n<\/em><\/p>\n<ul>\n<li>\u00a0\u00a0\u00a0 Nos cursos de Aprendizagem Industrial e T\u00e9cnico, as bolsas s\u00e3o sempre integrais.<\/li>\n<li>No Curso Superior (Gradua\u00e7\u00e3o), podem ser concedidas bolsas parciais.<\/li>\n<li>\u00a0\u00a0\u00a0 Em cursos livres com mais de 160 horas, podem ser concedidas bolsas integrais.<\/li>\n<\/ul>\n<p>Para se inscrever, \u00e9 preciso:<\/p>\n<ul>\n<li>Ter 18 anos ou mais, na data de in\u00edcio do curso;<\/li>\n<li>N\u00e3o ser bolsista em outro curso no Senai-SP;<\/li>\n<li>Atender aos requisitos para ingresso no curso escolhido.<\/li>\n<\/ul>\n<p>Ap\u00f3s a inscri\u00e7\u00e3o dos candidatos, caso o n\u00famero de inscritos supere o total de vagas, haver\u00e1 classifica\u00e7\u00e3o com base em:<\/p>\n<ul>\n<li>Situa\u00e7\u00e3o de emprego, em que ter\u00e1 prioridade o candidato desempregado;<\/li>\n<li>Grau de escolaridade, em que ter\u00e1 prioridade quem cursou, no m\u00e1ximo, o ensino m\u00e9dio. A prefer\u00eancia \u00e9 ter conclu\u00eddo o ensino m\u00e9dio, em seguida quem est\u00e1 cursando o ensino m\u00e9dio, at\u00e9 chegar \u00e0 escolaridade m\u00ednima prevista como requisito para realizar o curso;<\/li>\n<li>Renda, em que ter\u00e1 prioridade os de menor renda per capita. A renda per capita \u00e9 calculada a partir dos rendimentos e do n\u00famero de pessoas da fam\u00edlia, que moram com o candidato;<\/li>\n<\/ul>\n<h3>Senai Piracicaba Centro &#8211; Unidade M\u00e1rio Dedini<\/h3>\n<p>A Escola<em> Senai \u201cM\u00e1rio Dedini\u201d<\/em> iniciou suas atividades no dia 15\/01\/1947, resultado natural da expans\u00e3o industrial da regi\u00e3o, carente de m\u00e3o de obra qualificada. Est\u00e1 preparada para oferecer cursos e servi\u00e7os nas diversas \u00e1reas tecnol\u00f3gicas do setor produtivo industrial da regi\u00e3o, em especial, o metalmec\u00e2nico, de manuten\u00e7\u00e3o, de alimentos (Panifica\u00e7\u00e3o e Confeitaria) e o sucroalcooleiro.\u00a0 Atende demandas espec\u00edficas de outros setores e segmentos: celulose e papel, qu\u00edmica, eletroeletr\u00f4nica entre outros, al\u00e9m de demandas pontuais nas \u00e1reas da gest\u00e3o de pessoas e da qualidade, comportamental, sa\u00fade e seguran\u00e7a do trabalho.<em><br \/>\n<\/em><\/p>\n<h3>Vagas Senai Piracicaba \u2013 Trabalhe Conosco<\/h3>\n<p>O Senai Piracicaba busca profissionais qualificados, que possam atuar nas \u00e1reas de forma\u00e7\u00e3o profissional e presta\u00e7\u00e3o de servi\u00e7os tecnol\u00f3gicos, bem como em setores de apoio t\u00e9cnico e administrativo.<\/p>\n<p>Acesse o site do Senai para enviar os seus dados e se candidatar a uma <em>vaga no Senai Piracicaba<\/em>.<\/p>\n<h3>Hor\u00e1rio de Funcionamento Senai em Piracicaba<\/h3>\n<ul>\n<li><strong>Senai Vila:<\/strong> Segunda a Sexta das 08h \u00e0s 20h e S\u00e1bados das 08h \u00e0s 11h30<\/li>\n<li><strong> \u00a0Senai Centro:<\/strong> Segunda a Sexta das 08h \u00e0s 23h<\/li>\n<\/ul>\n<h3>Endere\u00e7o e Telefone Senai em Piracicaba<\/h3>\n<ul>\n<li><strong>Senai Vila:<\/strong> Av. Mal. Castelo Branco, 1000 &#8211; Jardim Primavera &#8211; Telefone: (19) 3412-3500<\/li>\n<li><strong>Senai Centro:<\/strong> Rua Dom Pedro II, 1474 &#8211; Centro\u00a0 &#8211; Telefone: (19) 3437-4840<\/li>\n<\/ul>\n<h4>Outras informa\u00e7\u00f5es e site<\/h4>\n<ul>\n<li>Mais informa\u00e7\u00f5es:\u00a0<a href=\"https:\/\/piracicabavila.sp.senai.br\" target=\"_blank\" rel=\"noopener noreferrer\">www.piracicabavila.sp.senai.br<\/a><\/li>\n<li>E-mail: senaimhsimonsen@sp.senai.br<\/li>\n<\/ul>\n<h4>Mapa de localiza\u00e7\u00e3o\u00a0&#8211; Senai Vila<\/h4>\n<a class=\"wp-colorbox-iframe\" href=\"https:\/\/www.google.com\/maps\/embed?pb=!1m18!1m12!1m3!1d3680.9775849723183!2d-47.64937818446526!3d-22.691878335943855!2m3!1f0!2f0!3f0!3m2!1i1024!2i768!4f13.1!3m3!1m2!1s0x94c633d2e3a2001f0x54eb5672924b084f!2sSENAI+Piracicaba+Vila!5e0!3m2!1spt-BR!2sbr!4v1513194596953\"><img decoding=\"async\" src=\"http:\/\/www.encontrapiracicaba.com.br\/imgs\/maps-post.png\"><\/a>\n\n<div style=\"font-size: 0px; height: 0px; line-height: 0px; margin: 0; padding: 0; clear: both;\"><\/div>","protected":false},"excerpt":{"rendered":"<p>O Servi\u00e7o Nacional de Aprendizagem Industrial (Senai) foi criado em 22 de janeiro de 1942, pelo Decreto-Lei 4.048 do ent\u00e3o presidente Get\u00falio Vargas, com a miss\u00e3o de formar profissionais para a ind\u00fastria nacional. A escola tem sua origem remota no pedido do CIESP de Piracicaba, de novembro de 1969, que requisitou ao Departamento Regional do Senai a instala\u00e7\u00e3o de mais uma unidade na regi\u00e3o, no bairro de Vila Rezende, para atender ao desenvolvimento industrial. Naquele momento, a demanda da forma\u00e7\u00e3o profissional n\u00e3o justificava uma nova unidade. &nbsp; Em 1973, a prefeitura de Piracicaba pleiteou \u00e0 Escola Superior de Agricultura \u201cLuiz <\/p>\n","protected":false},"author":1,"featured_media":0,"parent":0,"menu_order":0,"comment_status":"closed","ping_status":"closed","template":"","meta":{"footnotes":""},"class_list":["post-2786","page","type-page","status-publish","hentry"],"aioseo_notices":[],"_links":{"self":[{"href":"https:\/\/www.encontrapiracicaba.com.br\/sobre\/wp-json\/wp\/v2\/pages\/2786","targetHints":{"allow":["GET"]}}],"collection":[{"href":"https:\/\/www.encontrapiracicaba.com.br\/sobre\/wp-json\/wp\/v2\/pages"}],"about":[{"href":"https:\/\/www.encontrapiracicaba.com.br\/sobre\/wp-json\/wp\/v2\/types\/page"}],"author":[{"embeddable":true,"href":"https:\/\/www.encontrapiracicaba.com.br\/sobre\/wp-json\/wp\/v2\/users\/1"}],"replies":[{"embeddable":true,"href":"https:\/\/www.encontrapiracicaba.com.br\/sobre\/wp-json\/wp\/v2\/comments?post=2786"}],"version-history":[{"count":0,"href":"https:\/\/www.encontrapiracicaba.com.br\/sobre\/wp-json\/wp\/v2\/pages\/2786\/revisions"}],"wp:attachment":[{"href":"https:\/\/www.encontrapiracicaba.com.br\/sobre\/wp-json\/wp\/v2\/media?parent=2786"}],"curies":[{"name":"wp","href":"https:\/\/api.w.org\/{rel}","templated":true}]}}