{"id":2815,"date":"2018-02-12T14:08:40","date_gmt":"2018-02-12T17:08:40","guid":{"rendered":"http:\/\/www.encontrapiracicaba.com.br\/sobre\/?page_id=2815"},"modified":"2018-02-12T14:09:50","modified_gmt":"2018-02-12T17:09:50","slug":"etec-piracicaba","status":"publish","type":"page","link":"https:\/\/www.encontrapiracicaba.com.br\/sobre\/etec-piracicaba\/","title":{"rendered":"ETEC Piracicaba"},"content":{"rendered":"<div class=\"85df007ed5c0c4d4b453fd13a37855e8\" data-index=\"1\" style=\"float: none; margin:0px;\">\n<!-- Anuncio display - global -->\r\n<ins class=\"adsbygoogle\"\r\n     style=\"display:block\"\r\n     data-ad-client=\"ca-pub-8585364105181520\"\r\n     data-ad-slot=\"8789329856\"\r\n     data-ad-format=\"auto\"\r\n     data-full-width-responsive=\"true\"><\/ins>\r\n<script>\r\n     (adsbygoogle = window.adsbygoogle || []).push({});\r\n<\/script>\n<\/div>\n<p class=\"paragrafo\">A <strong>ETEC\u00a0Piracicaba<\/strong> foi constru\u00edda no in\u00edcio do ano de 2008, com dois edif\u00edcios e uma quadra poliesportiva coberta. Em um dos edif\u00edcios com dois andares, est\u00e3o localizadas doze salas de aulas, as salas administrativas, como Secret\u00e1ria, Diretoria de Servi\u00e7o, Diretoria geral, APM, dois laborat\u00f3rios de Inform\u00e1tica, um Audit\u00f3rio, uma Cantina, banheiros para alunos, funcion\u00e1rios e deficientes. Conta ainda com um elevador para utiliza\u00e7\u00e3o de pessoas com necessidades especiais.<\/p>\n<p><img loading=\"lazy\" decoding=\"async\" class=\"alignnone wp-image-2816 size-full\" title=\"ETEC Piracicaba\" src=\"https:\/\/www.encontrapiracicaba.com.br\/sobre\/wp-content\/uploads\/etec-piracicaba.gif\" alt=\"ETEC Piracicaba\" width=\"680\" height=\"189\" \/><\/p>\n<p>O outro edif\u00edcio tamb\u00e9m possui dois andares e l\u00e1 est\u00e3o localizados os laborat\u00f3rios dos cursos de Automa\u00e7\u00e3o Industrial e Instrumenta\u00e7\u00e3o e Equipamentos Industriais e Biblioteca. No andar superior encontram-se os laborat\u00f3rios de Inform\u00e1tica, Instrumenta\u00e7\u00e3o, Qu\u00edmica, Biologia e F\u00edsica. No andar inferior encontram-se os laborat\u00f3rios de M\u00e1quinas e Comandos El\u00e9tricos, Eletr\u00f4nica Digital e Anal\u00f3gica, Automa\u00e7\u00e3o Industrial, Instrumenta\u00e7\u00e3o Pneum\u00e1tica, Hidr\u00e1ulica\/Eletro pneum\u00e1tica e a Biblioteca.<\/p>\n<p>As salas de aulas possuem boa estrutura, carteiras novas e ventiladores. Os laborat\u00f3rios de inform\u00e1tica est\u00e3o equipados com ares condicionados, microcomputadores novos e toda estrutura necess\u00e1ria para as aulas pr\u00e1ticas.\u00a0A escola tamb\u00e9m possui uma quadra poliesportiva coberta para realiza\u00e7\u00e3o de aulas de Educa\u00e7\u00e3o F\u00edsica e Atividades Esportivas.<\/p>\n<h2>Sobre\u00a0ETEC Piracicaba Cursos<\/h2>\n<ul id=\"cursos-lista\">\n<li>Automa\u00e7\u00e3o Industrial<\/li>\n<li>Automa\u00e7\u00e3o Industrial &#8211; Integrado ao Ensino M\u00e9dio<\/li>\n<li>Eletr\u00f4nica<\/li>\n<li>Ensino M\u00e9dio com Habilita\u00e7\u00e3o T\u00e9cnica Profissional em Log\u00edstica<\/li>\n<li>Ensino M\u00e9dio com Qualifica\u00e7\u00e3o Profissional de Administrador de Banco de Dados &#8211; M-Tec<\/li>\n<li>Inform\u00e1tica &#8211; Integrado ao Ensino M\u00e9dio<\/li>\n<li>Log\u00edstica<\/li>\n<li>Recursos Humanos<\/li>\n<\/ul>\n<h3>O que \u00e9 a Escola de T\u00e9cnica Estadual de S\u00e3o Paulo \u2013 Etec?<\/h3>\n<p><em>Etec<\/em>\u00a0\u00e9 a abrevia\u00e7\u00e3o de\u00a0<em>Escola T\u00e9cnica Estadual.<\/em>\u00a0O termo refere-se \u00e0s institui\u00e7\u00f5es de ensino mantidas pelo governo do\u00a0<em>Estado de S\u00e3o Paulo<\/em>\u00a0e subordinadas ao\u00a0<em>Centro Estadual de Educa\u00e7\u00e3o Tecnol\u00f3gica Paula Souza<\/em>, que ministram cursos t\u00e9cnicos e ensino m\u00e9dio.<\/p>\n<h3>Hor\u00e1rio de Funcionamento\u00a0ETEC em Piracicaba<\/h3>\n<ul>\n<li><strong>ETEC Dep. Ary de Camargo Pedroso:\u00a0<\/strong>Segunda a Sexta das 07h30 \u00e0s 22h30<\/li>\n<li><strong>ETEC Cel. Fernando Febeliano da Costa: <\/strong>Segunda a Sexta das 08h30 \u00e0s 18h<\/li>\n<\/ul>\n<h3>Endere\u00e7o e Telefone\u00a0ETEC em Piracicaba<\/h3>\n<ul>\n<li><strong>ETEC Dep. Ary de Camargo Pedroso: <\/strong><span class=\"_xdb\">\u00a0<\/span><span class=\"_Xbe\">R. Dr. Jo\u00e3o Concei\u00e7\u00e3o, 350 &#8211; Telefone: (19) 3433-8541<\/span><\/li>\n<li><strong>ETEC Cel. Fernando Febeliano da Costa:\u00a0<\/strong>R. Monsenhor Manoel Francisco Rosa, 433\u00a0 &#8211; Telefone: (19) 3433-9734<\/li>\n<\/ul>\n<h3>Outras informa\u00e7\u00f5es e site<\/h3>\n<ul>\n<li>Mais informa\u00e7\u00f5es:\u00a0<a href=\"http:\/\/www.etepiracicaba.org.br\/\" target=\"_blank\" rel=\"noopener noreferrer\">www.etepiracicaba.org.br<\/a><\/li>\n<\/ul>\n<h4>Mapa de localiza\u00e7\u00e3o\u00a0<strong>ETEC Dep. Ary de Camargo Pedroso<\/strong><\/h4>\n<a class=\"wp-colorbox-iframe\" href=\"https:\/\/www.google.com\/maps\/embed?pb=!1m18!1m12!1m3!1d3679.820108039911!2d-47.66081738503744!3d-22.734926785099404!2m3!1f0!2f0!3f0!3m2!1i1024!2i768!4f13.1!3m3!1m2!1s0x94c6311bb1adc2850x27a75b0885352076!2sR.+Dr.+Joo+Conceio+350+-+Paulista+Piracicaba+-+SP+13401-080!5e0!3m2!1spt-BR!2sbr!4v1518455047111\"><img decoding=\"async\" src=\"http:\/\/www.encontrapiracicaba.com.br\/imgs\/maps-post.png\"><\/a>\n\n<div style=\"font-size: 0px; height: 0px; line-height: 0px; margin: 0; padding: 0; clear: both;\"><\/div>","protected":false},"excerpt":{"rendered":"<p>A ETEC\u00a0Piracicaba foi constru\u00edda no in\u00edcio do ano de 2008, com dois edif\u00edcios e uma quadra poliesportiva coberta. Em um dos edif\u00edcios com dois andares, est\u00e3o localizadas doze salas de aulas, as salas administrativas, como Secret\u00e1ria, Diretoria de Servi\u00e7o, Diretoria geral, APM, dois laborat\u00f3rios de Inform\u00e1tica, um Audit\u00f3rio, uma Cantina, banheiros para alunos, funcion\u00e1rios e deficientes. Conta ainda com um elevador para utiliza\u00e7\u00e3o de pessoas com necessidades especiais. O outro edif\u00edcio tamb\u00e9m possui dois andares e l\u00e1 est\u00e3o localizados os laborat\u00f3rios dos cursos de Automa\u00e7\u00e3o Industrial e Instrumenta\u00e7\u00e3o e Equipamentos Industriais e Biblioteca. No andar superior encontram-se os laborat\u00f3rios de <\/p>\n","protected":false},"author":1,"featured_media":0,"parent":0,"menu_order":0,"comment_status":"closed","ping_status":"closed","template":"","meta":{"footnotes":""},"class_list":["post-2815","page","type-page","status-publish","hentry"],"aioseo_notices":[],"_links":{"self":[{"href":"https:\/\/www.encontrapiracicaba.com.br\/sobre\/wp-json\/wp\/v2\/pages\/2815","targetHints":{"allow":["GET"]}}],"collection":[{"href":"https:\/\/www.encontrapiracicaba.com.br\/sobre\/wp-json\/wp\/v2\/pages"}],"about":[{"href":"https:\/\/www.encontrapiracicaba.com.br\/sobre\/wp-json\/wp\/v2\/types\/page"}],"author":[{"embeddable":true,"href":"https:\/\/www.encontrapiracicaba.com.br\/sobre\/wp-json\/wp\/v2\/users\/1"}],"replies":[{"embeddable":true,"href":"https:\/\/www.encontrapiracicaba.com.br\/sobre\/wp-json\/wp\/v2\/comments?post=2815"}],"version-history":[{"count":0,"href":"https:\/\/www.encontrapiracicaba.com.br\/sobre\/wp-json\/wp\/v2\/pages\/2815\/revisions"}],"wp:attachment":[{"href":"https:\/\/www.encontrapiracicaba.com.br\/sobre\/wp-json\/wp\/v2\/media?parent=2815"}],"curies":[{"name":"wp","href":"https:\/\/api.w.org\/{rel}","templated":true}]}}