{"id":2855,"date":"2018-02-14T19:44:32","date_gmt":"2018-02-14T22:44:32","guid":{"rendered":"http:\/\/www.encontrapiracicaba.com.br\/sobre\/?page_id=2855"},"modified":"2018-02-14T19:44:50","modified_gmt":"2018-02-14T22:44:50","slug":"sesi-piracicaba","status":"publish","type":"page","link":"https:\/\/www.encontrapiracicaba.com.br\/sobre\/sesi-piracicaba\/","title":{"rendered":"Sesi Piracicaba"},"content":{"rendered":"<div class=\"85df007ed5c0c4d4b453fd13a37855e8\" data-index=\"1\" style=\"float: none; margin:0px;\">\n<!-- Anuncio display - global -->\r\n<ins class=\"adsbygoogle\"\r\n     style=\"display:block\"\r\n     data-ad-client=\"ca-pub-8585364105181520\"\r\n     data-ad-slot=\"8789329856\"\r\n     data-ad-format=\"auto\"\r\n     data-full-width-responsive=\"true\"><\/ins>\r\n<script>\r\n     (adsbygoogle = window.adsbygoogle || []).push({});\r\n<\/script>\n<\/div>\n<p>O\u00a0Centro de Atividades Mario Mantoni &#8211;<strong>\u00a0SESI Piracicaba\u00a0<\/strong>iniciou suas atividades em 1995, atrav\u00e9s de conv\u00eanio firmado com a Prefeitura Municipal. A unidade oferece solu\u00e7\u00f5es para as empresas industriais brasileiras por meio de uma rede integrada, que engloba atividades de educa\u00e7\u00e3o, seguran\u00e7a e sa\u00fade do trabalho, cultura e qualidade de vida.<\/p>\n<p><span style=\"color: #ff0000;\"><img loading=\"lazy\" decoding=\"async\" class=\"alignnone wp-image-2856 size-full\" title=\"Sesi Piracicaba\" src=\"https:\/\/www.encontrapiracicaba.com.br\/sobre\/wp-content\/uploads\/sesi-piracicaba.gif\" alt=\"Sesi Piracicaba\" width=\"680\" height=\"189\" \/><\/span><\/p>\n<h2>Sesi Piracicaba Teatro<\/h2>\n<p>O Sesi conta com um <em>teatro<\/em> amplo e com uma programa\u00e7\u00e3o especial para voc\u00ea. Acesse o site e confira a agenda.<\/p>\n<h3>Vagas\u00a0Sesi Piracicaba &#8211; Trabalhe Conosco<\/h3>\n<p>O Sesi Piracicaba disponibiliza <em>vagas<\/em> de trabalho durante todo ano. Para se informar sobre os processos seletivos e se candidatar as vagas\u00a0entre em contato pelo telefone.<\/p>\n<h3>Hor\u00e1rio de Funcionamento\u00a0Sesi em Piracicaba<\/h3>\n<ul>\n<li><strong>Centro de Atividades:\u00a0<\/strong>Seg a Sex das 10h \u00e0s 20h \/ S\u00e1b das 09h \u00e0s 16h<\/li>\n<li><strong>Centro Educacional:<\/strong>\u00a0 Seg \u00e0 Sex das 08h \u00e0s 18h<\/li>\n<li><strong>Centro Educacional II<\/strong>:\u00a0Seg \u00e0 Sex das 08h \u00e0s 18h<\/li>\n<\/ul>\n<h3>Endere\u00e7o e Telefone\u00a0Sesi\u00a0em Piracicaba<\/h3>\n<ul>\n<li><strong>Centro de Atividades:<\/strong> Rua Luiz Ralph Benatti, 600 &#8211; Telefone: (19)\u00a03403-5900<\/li>\n<li><strong>Centro Educacional I:<\/strong>\u00a0Rua Maria Isabel da Silva Mattos, 700 &#8211; Telefone: (19) 3421-3078<\/li>\n<li><strong>Centro Educacional II:<\/strong>\u00a0Rua Luis Ralfi Benati, 600 &#8211; Telefone: (19) 3421-6837<\/li>\n<\/ul>\n<h3>Outras informa\u00e7\u00f5es e site<\/h3>\n<ul>\n<li>Mais informa\u00e7\u00f5es:\u00a0<a href=\"https:\/\/piracicaba.sesisp.org.br\/\" target=\"_blank\" rel=\"noopener noreferrer\">www.piracicaba.sesisp.org.br<\/a><\/li>\n<\/ul>\n<h4>Mapa de localiza\u00e7\u00e3o Centro de Atividades<\/h4>\n<a class=\"wp-colorbox-iframe\" href=\"https:\/\/www.google.com\/maps\/embed?pb=!1m18!1m12!1m3!1d3681.2525655797667!2d-47.6636826850384!3d-22.681639985126736!2m3!1f0!2f0!3f0!3m2!1i1024!2i768!4f13.1!3m3!1m2!1s0x94c633bec2a6a7410x38a17980a83576ff!2sR.+Luiz+Ralph+Benatti+600+-+Vila+Industrial+Piracicaba+-+SP+13412-304!5e0!3m2!1spt-BR!2sbr!4v1518648034631\"><img decoding=\"async\" src=\"http:\/\/www.encontrapiracicaba.com.br\/imgs\/maps-post.png\"><\/a>\n\n<div style=\"font-size: 0px; height: 0px; line-height: 0px; margin: 0; padding: 0; clear: both;\"><\/div>","protected":false},"excerpt":{"rendered":"<p>O\u00a0Centro de Atividades Mario Mantoni &#8211;\u00a0SESI Piracicaba\u00a0iniciou suas atividades em 1995, atrav\u00e9s de conv\u00eanio firmado com a Prefeitura Municipal. A unidade oferece solu\u00e7\u00f5es para as empresas industriais brasileiras por meio de uma rede integrada, que engloba atividades de educa\u00e7\u00e3o, seguran\u00e7a e sa\u00fade do trabalho, cultura e qualidade de vida. Sesi Piracicaba Teatro O Sesi conta com um teatro amplo e com uma programa\u00e7\u00e3o especial para voc\u00ea. Acesse o site e confira a agenda. Vagas\u00a0Sesi Piracicaba &#8211; Trabalhe Conosco O Sesi Piracicaba disponibiliza vagas de trabalho durante todo ano. Para se informar sobre os processos seletivos e se candidatar as vagas\u00a0entre <\/p>\n","protected":false},"author":1,"featured_media":0,"parent":0,"menu_order":0,"comment_status":"closed","ping_status":"closed","template":"","meta":{"footnotes":""},"class_list":["post-2855","page","type-page","status-publish","hentry"],"aioseo_notices":[],"_links":{"self":[{"href":"https:\/\/www.encontrapiracicaba.com.br\/sobre\/wp-json\/wp\/v2\/pages\/2855","targetHints":{"allow":["GET"]}}],"collection":[{"href":"https:\/\/www.encontrapiracicaba.com.br\/sobre\/wp-json\/wp\/v2\/pages"}],"about":[{"href":"https:\/\/www.encontrapiracicaba.com.br\/sobre\/wp-json\/wp\/v2\/types\/page"}],"author":[{"embeddable":true,"href":"https:\/\/www.encontrapiracicaba.com.br\/sobre\/wp-json\/wp\/v2\/users\/1"}],"replies":[{"embeddable":true,"href":"https:\/\/www.encontrapiracicaba.com.br\/sobre\/wp-json\/wp\/v2\/comments?post=2855"}],"version-history":[{"count":0,"href":"https:\/\/www.encontrapiracicaba.com.br\/sobre\/wp-json\/wp\/v2\/pages\/2855\/revisions"}],"wp:attachment":[{"href":"https:\/\/www.encontrapiracicaba.com.br\/sobre\/wp-json\/wp\/v2\/media?parent=2855"}],"curies":[{"name":"wp","href":"https:\/\/api.w.org\/{rel}","templated":true}]}}