{"id":2877,"date":"2018-02-20T11:34:45","date_gmt":"2018-02-20T14:34:45","guid":{"rendered":"http:\/\/www.encontrapiracicaba.com.br\/sobre\/?page_id=2877"},"modified":"2018-02-20T11:35:05","modified_gmt":"2018-02-20T14:35:05","slug":"secretaria-municipal-de-educacao-piracicaba","status":"publish","type":"page","link":"https:\/\/www.encontrapiracicaba.com.br\/sobre\/secretaria-municipal-de-educacao-piracicaba\/","title":{"rendered":"Secretaria Municipal de Educa\u00e7\u00e3o Piracicaba"},"content":{"rendered":"<div class=\"85df007ed5c0c4d4b453fd13a37855e8\" data-index=\"1\" style=\"float: none; margin:0px;\">\n<!-- Anuncio display - global -->\r\n<ins class=\"adsbygoogle\"\r\n     style=\"display:block\"\r\n     data-ad-client=\"ca-pub-8585364105181520\"\r\n     data-ad-slot=\"8789329856\"\r\n     data-ad-format=\"auto\"\r\n     data-full-width-responsive=\"true\"><\/ins>\r\n<script>\r\n     (adsbygoogle = window.adsbygoogle || []).push({});\r\n<\/script>\n<\/div>\n<p>A<strong> Secretaria Municipal de Educa\u00e7\u00e3o de Piracicaba<\/strong> atende mais de 33 mil alunos, de 0 a 10 anos de idade, em 133 escolas de educa\u00e7\u00e3o infantil e ensino fundamental. Abrange diversos setores como a Educa\u00e7\u00e3o de Jovens e Adultos, o N\u00facleo de Educa\u00e7\u00e3o Especial, o N\u00facleo Rural, a Merenda Escolar, o Setor de Sa\u00fade do Escolar e in\u00fameros outros. Possui cerca de 4 mil funcion\u00e1rios, destes 2.806 s\u00e3o professores.<\/p>\n<p><span style=\"color: #ff0000;\"><img loading=\"lazy\" decoding=\"async\" class=\"alignnone wp-image-2878 size-full\" title=\"Secretaria Municipal da Educa\u00e7\u00e3o Piracicaba\" src=\"https:\/\/www.encontrapiracicaba.com.br\/sobre\/wp-content\/uploads\/secretaria-da-educa\u00e7\u00e3o-piracicaba.gif\" alt=\"Secretaria Municipal da Educa\u00e7\u00e3o Piracicaba\" width=\"680\" height=\"189\" \/><\/span><\/p>\n<h2>Secretaria Municipal de Educa\u00e7\u00e3o\u00a0Piracicaba\u00a0Vagas em Creche<\/h2>\n<p>Para saber como funciona a distribui\u00e7\u00e3o de <em>vagas nas creches<\/em> acesse o site e veja todo o caminho a percorrer at\u00e9 conseguir a vaga para seu filho.<\/p>\n<h3>Hor\u00e1rio de Funcionamento\u00a0Secretaria Municipal de Educa\u00e7\u00e3o\u00a0em Piracicaba<\/h3>\n<ul>\n<li>Segunda a Sexta das 07h30 \u00e0s 17h<\/li>\n<\/ul>\n<h3>Endere\u00e7o e Telefone\u00a0Secretaria Municipal de Educa\u00e7\u00e3o\u00a0em Piracicaba<\/h3>\n<ul>\n<li>Rua Cristiano Cleopath, 1902 &#8211; Alem\u00e3es &#8211; Piracicaba &#8211; SP<\/li>\n<li>Telefone: (19)\u00a03417-1100<\/li>\n<\/ul>\n<h3>Outras informa\u00e7\u00f5es e site<\/h3>\n<ul>\n<li>Mais informa\u00e7\u00f5es:\u00a0<a href=\"http:\/\/educacao.piracicaba.sp.gov.br\/\" target=\"_blank\" rel=\"noopener noreferrer\">www.educacao.piracicaba.sp.gov.br<\/a><\/li>\n<\/ul>\n<h4>Mapa de localiza\u00e7\u00e3o<\/h4>\n<a class=\"wp-colorbox-iframe\" href=\"https:\/\/www.google.com\/maps\/embed?pb=!1m14!1m8!1m3!1d14720.429388649924!2d-47.6357953!3d-22.7242511!3m2!1i1024!2i768!4f13.1!3m3!1m2!1s0x00xc6d5fda5efc91418!2sSecretaria+da+Educao!5e0!3m2!1spt-BR!2sbr!4v1519137040115\"><img decoding=\"async\" src=\"http:\/\/www.encontrapiracicaba.com.br\/imgs\/maps-post.png\"><\/a>\n\n<div style=\"font-size: 0px; height: 0px; line-height: 0px; margin: 0; padding: 0; clear: both;\"><\/div>","protected":false},"excerpt":{"rendered":"<p>A Secretaria Municipal de Educa\u00e7\u00e3o de Piracicaba atende mais de 33 mil alunos, de 0 a 10 anos de idade, em 133 escolas de educa\u00e7\u00e3o infantil e ensino fundamental. Abrange diversos setores como a Educa\u00e7\u00e3o de Jovens e Adultos, o N\u00facleo de Educa\u00e7\u00e3o Especial, o N\u00facleo Rural, a Merenda Escolar, o Setor de Sa\u00fade do Escolar e in\u00fameros outros. Possui cerca de 4 mil funcion\u00e1rios, destes 2.806 s\u00e3o professores. Secretaria Municipal de Educa\u00e7\u00e3o\u00a0Piracicaba\u00a0Vagas em Creche Para saber como funciona a distribui\u00e7\u00e3o de vagas nas creches acesse o site e veja todo o caminho a percorrer at\u00e9 conseguir a vaga para <\/p>\n","protected":false},"author":1,"featured_media":0,"parent":0,"menu_order":0,"comment_status":"closed","ping_status":"closed","template":"","meta":{"footnotes":""},"class_list":["post-2877","page","type-page","status-publish","hentry"],"aioseo_notices":[],"_links":{"self":[{"href":"https:\/\/www.encontrapiracicaba.com.br\/sobre\/wp-json\/wp\/v2\/pages\/2877","targetHints":{"allow":["GET"]}}],"collection":[{"href":"https:\/\/www.encontrapiracicaba.com.br\/sobre\/wp-json\/wp\/v2\/pages"}],"about":[{"href":"https:\/\/www.encontrapiracicaba.com.br\/sobre\/wp-json\/wp\/v2\/types\/page"}],"author":[{"embeddable":true,"href":"https:\/\/www.encontrapiracicaba.com.br\/sobre\/wp-json\/wp\/v2\/users\/1"}],"replies":[{"embeddable":true,"href":"https:\/\/www.encontrapiracicaba.com.br\/sobre\/wp-json\/wp\/v2\/comments?post=2877"}],"version-history":[{"count":0,"href":"https:\/\/www.encontrapiracicaba.com.br\/sobre\/wp-json\/wp\/v2\/pages\/2877\/revisions"}],"wp:attachment":[{"href":"https:\/\/www.encontrapiracicaba.com.br\/sobre\/wp-json\/wp\/v2\/media?parent=2877"}],"curies":[{"name":"wp","href":"https:\/\/api.w.org\/{rel}","templated":true}]}}