{"id":2882,"date":"2018-02-20T11:59:35","date_gmt":"2018-02-20T14:59:35","guid":{"rendered":"http:\/\/www.encontrapiracicaba.com.br\/sobre\/?page_id=2882"},"modified":"2018-02-20T12:00:21","modified_gmt":"2018-02-20T15:00:21","slug":"diocese-de-piracicaba","status":"publish","type":"page","link":"https:\/\/www.encontrapiracicaba.com.br\/sobre\/diocese-de-piracicaba\/","title":{"rendered":"Diocese de Piracicaba"},"content":{"rendered":"<div class=\"85df007ed5c0c4d4b453fd13a37855e8\" data-index=\"1\" style=\"float: none; margin:0px;\">\n<!-- Anuncio display - global -->\r\n<ins class=\"adsbygoogle\"\r\n     style=\"display:block\"\r\n     data-ad-client=\"ca-pub-8585364105181520\"\r\n     data-ad-slot=\"8789329856\"\r\n     data-ad-format=\"auto\"\r\n     data-full-width-responsive=\"true\"><\/ins>\r\n<script>\r\n     (adsbygoogle = window.adsbygoogle || []).push({});\r\n<\/script>\n<\/div>\n<p>A Igreja cat\u00f3lica \u00e9 dividida em regi\u00f5es que recebem o nome de Diocese, que \u00e9 a parcela do povo de Deus confiada ao governo de um bispo.<\/p>\n<p>A <strong>Diocese de Piracicaba<\/strong> foi criada pelo Papa Pio XII, em 26 de fevereiro de 1944, atrav\u00e9s da bula \u201cVigil Campinensis Ecclesiae\u201d e instalada solenemente em 11 de junho do mesmo ano, pelo N\u00fancio Apost\u00f3lico Dom Bento Aloisi Masella.<\/p>\n<p><span style=\"color: #ff0000;\"><img loading=\"lazy\" decoding=\"async\" class=\"alignnone wp-image-2883 size-full\" title=\"Diocese Piracicaba\" src=\"https:\/\/www.encontrapiracicaba.com.br\/sobre\/wp-content\/uploads\/diocese-piracicaba.gif\" alt=\"Diocese Piracicaba\" width=\"680\" height=\"189\" \/><\/span><\/p>\n<h2>Diocese de\u00a0Piracicaba Padres<\/h2>\n<p>Os\u00a0<em>Padres Diocesanos<\/em>\u00a0est\u00e3o os cuidados e orienta\u00e7\u00e3o direta do Bispo diocesano. Tem como miss\u00e3o primordial o trabalho paroquial e a comunh\u00e3o com o clero local. Podem ter propriedade, sal\u00e1rio, n\u00e3o vivem em comunidade, e dependem apenas de seu Bispo. Para saber quais s\u00e3o os padres da Diocese de\u00a0Piracicaba acesse o site.<\/p>\n<h3>Diocese de\u00a0Piracicaba Par\u00f3quias<\/h3>\n<p><em>Par\u00f3quia<\/em>\u00a0\u00e9 a comunidade dos fi\u00e9is submetida ao p\u00e1roco, ou por outra, \u00e9 o territ\u00f3rio sobre o qual se estende a jurisdi\u00e7\u00e3o do p\u00e1roco. \u00c9 o Bispo quem direciona o padre para as par\u00f3quias a fim de iniciar um trabalho ministerial, ap\u00f3s algum tempo existe a troca dos padres. Para saber todas as par\u00f3quias da Diocese de\u00a0Piracicaba acesse o site.<\/p>\n<h3>Hor\u00e1rio de Funcionamento\u00a0Diocese\u00a0em Piracicaba<\/h3>\n<ul>\n<li>C\u00faria Diocesana: Segunda a Sexta: das\u00a008h \u00e0s 11h30 \/ 13h \u00e0s 17h<\/li>\n<\/ul>\n<h3>Endere\u00e7o e Telefone\u00a0Diocese em Piracicaba<\/h3>\n<ul>\n<li><span class=\"_xdb\">\u00a0<\/span><span class=\"_Xbe\">R. Bras\u00edlio Machado, 2800 &#8211; Paulista &#8211; Piracicaba &#8211; SP<\/span><\/li>\n<li>Telefone: (19)\u00a03402-4110<\/li>\n<\/ul>\n<h4>Outras informa\u00e7\u00f5es e site<\/h4>\n<ul>\n<li>Mais informa\u00e7\u00f5es:\u00a0<a href=\"http:\/\/www.diocesedepiracicaba.org.br\" target=\"_blank\" rel=\"noopener noreferrer\">www.diocesedepiracicaba.org.br<\/a><\/li>\n<li>E-mail:\u00a0comunicacao@diocesedepiracicaba.org.br<\/li>\n<\/ul>\n<h4>Mapa de localiza\u00e7\u00e3o<\/h4>\n<a class=\"wp-colorbox-iframe\" href=\"https:\/\/www.google.com\/maps\/embed?pb=!1m18!1m12!1m3!1d3679.688732305817!2d-47.65984088503728!3d-22.73980798509703!2m3!1f0!2f0!3f0!3m2!1i1024!2i768!4f13.1!3m3!1m2!1s0x94c6311d0bd237bd0xe3c0fe6d96c7a79d!2sR.+Braslio+Machado+2800+-+Paulista+Piracicaba+-+SP+13401-120!5e0!3m2!1spt-BR!2sbr!4v1519138557525\"><img decoding=\"async\" src=\"http:\/\/www.encontrapiracicaba.com.br\/imgs\/maps-post.png\"><\/a>\n\n<div style=\"font-size: 0px; height: 0px; line-height: 0px; margin: 0; padding: 0; clear: both;\"><\/div>","protected":false},"excerpt":{"rendered":"<p>A Igreja cat\u00f3lica \u00e9 dividida em regi\u00f5es que recebem o nome de Diocese, que \u00e9 a parcela do povo de Deus confiada ao governo de um bispo. A Diocese de Piracicaba foi criada pelo Papa Pio XII, em 26 de fevereiro de 1944, atrav\u00e9s da bula \u201cVigil Campinensis Ecclesiae\u201d e instalada solenemente em 11 de junho do mesmo ano, pelo N\u00fancio Apost\u00f3lico Dom Bento Aloisi Masella. Diocese de\u00a0Piracicaba Padres Os\u00a0Padres Diocesanos\u00a0est\u00e3o os cuidados e orienta\u00e7\u00e3o direta do Bispo diocesano. Tem como miss\u00e3o primordial o trabalho paroquial e a comunh\u00e3o com o clero local. Podem ter propriedade, sal\u00e1rio, n\u00e3o vivem em <\/p>\n","protected":false},"author":1,"featured_media":0,"parent":0,"menu_order":0,"comment_status":"closed","ping_status":"closed","template":"","meta":{"footnotes":""},"class_list":["post-2882","page","type-page","status-publish","hentry"],"aioseo_notices":[],"_links":{"self":[{"href":"https:\/\/www.encontrapiracicaba.com.br\/sobre\/wp-json\/wp\/v2\/pages\/2882","targetHints":{"allow":["GET"]}}],"collection":[{"href":"https:\/\/www.encontrapiracicaba.com.br\/sobre\/wp-json\/wp\/v2\/pages"}],"about":[{"href":"https:\/\/www.encontrapiracicaba.com.br\/sobre\/wp-json\/wp\/v2\/types\/page"}],"author":[{"embeddable":true,"href":"https:\/\/www.encontrapiracicaba.com.br\/sobre\/wp-json\/wp\/v2\/users\/1"}],"replies":[{"embeddable":true,"href":"https:\/\/www.encontrapiracicaba.com.br\/sobre\/wp-json\/wp\/v2\/comments?post=2882"}],"version-history":[{"count":0,"href":"https:\/\/www.encontrapiracicaba.com.br\/sobre\/wp-json\/wp\/v2\/pages\/2882\/revisions"}],"wp:attachment":[{"href":"https:\/\/www.encontrapiracicaba.com.br\/sobre\/wp-json\/wp\/v2\/media?parent=2882"}],"curies":[{"name":"wp","href":"https:\/\/api.w.org\/{rel}","templated":true}]}}