{"id":2921,"date":"2018-02-27T06:48:39","date_gmt":"2018-02-27T09:48:39","guid":{"rendered":"http:\/\/www.encontrapiracicaba.com.br\/sobre\/?page_id=2921"},"modified":"2018-02-27T06:48:39","modified_gmt":"2018-02-27T09:48:39","slug":"caps-piracicaba","status":"publish","type":"page","link":"https:\/\/www.encontrapiracicaba.com.br\/sobre\/caps-piracicaba\/","title":{"rendered":"Caps Piracicaba"},"content":{"rendered":"<div class=\"85df007ed5c0c4d4b453fd13a37855e8\" data-index=\"1\" style=\"float: none; margin:0px;\">\n<!-- Anuncio display - global -->\r\n<ins class=\"adsbygoogle\"\r\n     style=\"display:block\"\r\n     data-ad-client=\"ca-pub-8585364105181520\"\r\n     data-ad-slot=\"8789329856\"\r\n     data-ad-format=\"auto\"\r\n     data-full-width-responsive=\"true\"><\/ins>\r\n<script>\r\n     (adsbygoogle = window.adsbygoogle || []).push({});\r\n<\/script>\n<\/div>\n<p><em>CAPS<\/em>\u00a0s\u00e3o os\u00a0<em>Centros de Apoio PsicoSocial<\/em>\u00a0que tratam da sa\u00fade mental de adultos,\u00a0jovens e crian\u00e7as, existem tamb\u00e9m os\u00a0<em>CAPS AD<\/em>\u00a0que s\u00e3o os centros que tratam sobre \u00c1lcool e Drogas.<\/p>\n<p>Veja mais sobre o<strong>\u00a0CAPS Piracicaba<\/strong>\u00a0abaixo.<\/p>\n<p><img loading=\"lazy\" decoding=\"async\" class=\"alignnone wp-image-2922 size-full\" title=\"Caps Piracicaba\" src=\"https:\/\/www.encontrapiracicaba.com.br\/sobre\/wp-content\/uploads\/caps-piracicaba.gif\" alt=\"Caps Piracicaba\" width=\"680\" height=\"189\" \/><\/p>\n<div><b>\u00a0<\/b>Inaugurado no munic\u00edpio em 1998 com objetivo de ser uma alternativa ao modelo hospitalar de tratamento para pessoas com problemas de Sa\u00fade Mental, o Ambulat\u00f3rio atende aqueles que necessitam de acompanhamento intensivo, mas fora do hospital, buscando o fortalecimento da auto-estima, da cidadania e da reintegra\u00e7\u00e3o com a fam\u00edlia. O Ambulat\u00f3rio oferece al\u00e9m de consultas m\u00e9dicas e atendimentos psicoter\u00e1picos, o desenvolvimento de atividades livres como: jogos, pinturas e desenhos, caminhadas, canto, capoeira, artesanato, relaxamento, mandala, futebol, oficinas (mosaico, papel reciclado, tape\u00e7aria, pintura em guardanapos e p\u00e1tina). A unidade conta com o trabalho de uma equipe interdisciplinar formada por assistente social, psic\u00f3logos, terapeuta ocupacional, auxiliares de enfermagem, enfermeiras, m\u00e9dicos, farmac\u00eauticos, auxiliares de limpeza, estagi\u00e1rios de farm\u00e1cia e psicologia.<\/div>\n<h3>Hor\u00e1rio de Funcionamento CAPS\u00a0Piracicaba<\/h3>\n<ul>\n<li><b>Vila Independ\u00eancia:<\/b> Segunda a Sexta das 07h \u00e0s 18h<\/li>\n<li><strong>Paulic\u00e9ia:<\/strong>\u00a0Segunda a Sexta das 07h \u00e0s 18h<\/li>\n<\/ul>\n<h3>Endere\u00e7o e Telefone CAPS\u00a0Piracicaba<\/h3>\n<ul>\n<li><b>Vila Independ\u00eancia:<\/b> <span class=\"_xdb\">\u00a0<\/span><span class=\"_Xbe\">R. Bela Vista, 637<\/span> \u2013 Telefone: (19)\u00a03432-9964<\/li>\n<li><strong>Paulic\u00e9ia:<\/strong> <span class=\"_xdb\">\u00a0<\/span><span class=\"_Xbe\">Av. Raposo Tavares, 1737\u00a0<\/span>\u2013 Telefone: (19)\u00a03435-2094<\/li>\n<\/ul>\n<h4>Outras Informa\u00e7\u00f5es e Site:<\/h4>\n<ul>\n<li>Mais informa\u00e7\u00f5es:\u00a0<a href=\"http:\/\/www.saude.piracicaba.sp.gov.br\/goto\/store\/textos.aspx?SID=Imagenet&amp;id=155&amp;mid=10\" target=\"_blank\" rel=\"noopener noreferrer\">www.saude.piracicaba.sp.gov.br\/goto\/store\/textos.aspx?SID=Imagenet&amp;id=155&amp;mid=10<\/a><\/li>\n<\/ul>\n<h4>Mapa de localiza\u00e7\u00e3o Vila Independ\u00eancia:<\/h4>\n<a class=\"wp-colorbox-iframe\" href=\"https:\/\/www.google.com\/maps\/embed?pb=!1m18!1m12!1m3!1d3680.288641112459!2d-47.633069185037726!3d-22.717510585108407!2m3!1f0!2f0!3f0!3m2!1i1024!2i768!4f13.1!3m3!1m2!1s0x94c631bc1d2d330f0x8e4222fa42a9ff8b!2sR.+Bela+Vista+637+-+Vila+Independencia+Piracicaba+-+SP+13418-200!5e0!3m2!1spt-BR!2sbr!4v1519724628404\"><img decoding=\"async\" src=\"http:\/\/www.encontrapiracicaba.com.br\/imgs\/maps-post.png\"><\/a>\n\n<div style=\"font-size: 0px; height: 0px; line-height: 0px; margin: 0; padding: 0; clear: both;\"><\/div>","protected":false},"excerpt":{"rendered":"<p>CAPS\u00a0s\u00e3o os\u00a0Centros de Apoio PsicoSocial\u00a0que tratam da sa\u00fade mental de adultos,\u00a0jovens e crian\u00e7as, existem tamb\u00e9m os\u00a0CAPS AD\u00a0que s\u00e3o os centros que tratam sobre \u00c1lcool e Drogas. Veja mais sobre o\u00a0CAPS Piracicaba\u00a0abaixo. \u00a0Inaugurado no munic\u00edpio em 1998 com objetivo de ser uma alternativa ao modelo hospitalar de tratamento para pessoas com problemas de Sa\u00fade Mental, o Ambulat\u00f3rio atende aqueles que necessitam de acompanhamento intensivo, mas fora do hospital, buscando o fortalecimento da auto-estima, da cidadania e da reintegra\u00e7\u00e3o com a fam\u00edlia. O Ambulat\u00f3rio oferece al\u00e9m de consultas m\u00e9dicas e atendimentos psicoter\u00e1picos, o desenvolvimento de atividades livres como: jogos, pinturas e desenhos, <\/p>\n","protected":false},"author":1,"featured_media":0,"parent":0,"menu_order":0,"comment_status":"closed","ping_status":"closed","template":"","meta":{"footnotes":""},"class_list":["post-2921","page","type-page","status-publish","hentry"],"aioseo_notices":[],"_links":{"self":[{"href":"https:\/\/www.encontrapiracicaba.com.br\/sobre\/wp-json\/wp\/v2\/pages\/2921","targetHints":{"allow":["GET"]}}],"collection":[{"href":"https:\/\/www.encontrapiracicaba.com.br\/sobre\/wp-json\/wp\/v2\/pages"}],"about":[{"href":"https:\/\/www.encontrapiracicaba.com.br\/sobre\/wp-json\/wp\/v2\/types\/page"}],"author":[{"embeddable":true,"href":"https:\/\/www.encontrapiracicaba.com.br\/sobre\/wp-json\/wp\/v2\/users\/1"}],"replies":[{"embeddable":true,"href":"https:\/\/www.encontrapiracicaba.com.br\/sobre\/wp-json\/wp\/v2\/comments?post=2921"}],"version-history":[{"count":0,"href":"https:\/\/www.encontrapiracicaba.com.br\/sobre\/wp-json\/wp\/v2\/pages\/2921\/revisions"}],"wp:attachment":[{"href":"https:\/\/www.encontrapiracicaba.com.br\/sobre\/wp-json\/wp\/v2\/media?parent=2921"}],"curies":[{"name":"wp","href":"https:\/\/api.w.org\/{rel}","templated":true}]}}