{"id":2925,"date":"2018-02-27T10:03:57","date_gmt":"2018-02-27T13:03:57","guid":{"rendered":"http:\/\/www.encontrapiracicaba.com.br\/sobre\/?page_id=2925"},"modified":"2018-02-27T10:05:45","modified_gmt":"2018-02-27T13:05:45","slug":"cartorio-de-protesto-piracicaba","status":"publish","type":"page","link":"https:\/\/www.encontrapiracicaba.com.br\/sobre\/cartorio-de-protesto-piracicaba\/","title":{"rendered":"Cart\u00f3rio de Protesto Piracicaba"},"content":{"rendered":"<div class=\"85df007ed5c0c4d4b453fd13a37855e8\" data-index=\"1\" style=\"float: none; margin:0px;\">\n<!-- Anuncio display - global -->\r\n<ins class=\"adsbygoogle\"\r\n     style=\"display:block\"\r\n     data-ad-client=\"ca-pub-8585364105181520\"\r\n     data-ad-slot=\"8789329856\"\r\n     data-ad-format=\"auto\"\r\n     data-full-width-responsive=\"true\"><\/ins>\r\n<script>\r\n     (adsbygoogle = window.adsbygoogle || []).push({});\r\n<\/script>\n<\/div>\n<p>O <strong>Cart\u00f3rio de Protesto Piracicaba<\/strong>\u00a0faz o protesto\u00a0de t\u00edtulos e outros documentos de d\u00edvida \u00e9 um direito do credor para provar que a obriga\u00e7\u00e3o que tinha o devedor de lhe pagar uma quantia certa, reconhecida como d\u00edvida em dinheiro, n\u00e3o foi cumprida na data marcada para o pagamento<\/p>\n<p><em><img loading=\"lazy\" decoding=\"async\" class=\"alignnone wp-image-2926 size-full\" title=\"Cart\u00f3rio de Protesto Piracicaba\" src=\"https:\/\/www.encontrapiracicaba.com.br\/sobre\/wp-content\/uploads\/cartorio-de-protesto-piracicaba.gif\" alt=\"Cart\u00f3rio de Protesto Piracicaba\" width=\"680\" height=\"189\" \/><\/em><\/p>\n<h2>Tabeli\u00e3o de Protesto de Letras e T\u00edtulos\u00a0da Comarca de Piracicaba<\/h2>\n<p>O protesto \u00e9 um ato p\u00fablico formal e solene da caracteriza\u00e7\u00e3o legal da impontualidade do devedor. A partir do<em> protesto<\/em>, o credor tem condi\u00e7\u00f5es de executar judicialmente a d\u00edvida ou requerer a fal\u00eancia do comerciante. \u00c9 importante ressaltar, que antes de levar o t\u00edtulo a protesto, o credor deve verificar se o endere\u00e7o onde o devedor ser\u00e1 intimado est\u00e1 correto. A verifica\u00e7\u00e3o correta do devedor e de seu endere\u00e7o tem por objetivo evitar o protesto por edital, sem que o devedor tenha tomado conhecimento do protesto.<\/p>\n<p>Depois que o t\u00edtulo \u00e9 entregue ao Servi\u00e7o de Protesto, o devedor tem tr\u00eas dias para pagar, sem contar o primeiro. Por exemplo, se o t\u00edtulo \u00e9 entregue na segunda-feira, o devedor ter\u00e1 prazo at\u00e9 quinta-feira para evitar o protesto, pagando o d\u00edvida. Nunca haver\u00e1 protesto antes de decorrido um dia \u00fatil a partir do momento em que o devedor recebe a intima\u00e7\u00e3o. A intima\u00e7\u00e3o \u00e9 considerada cumprida quando entregue no endere\u00e7o do devedor.<\/p>\n<h3>Hor\u00e1rio de Funcionamento\u00a0Cart\u00f3rio de Protesto em Piracicaba<\/h3>\n<ul>\n<li>Segunda a Sexta das 09h30 \u00e0s 16h30<\/li>\n<\/ul>\n<h3>Endere\u00e7o e Telefone\u00a0Cart\u00f3rio de Protesto\u00a0em Piracicaba<\/h3>\n<ul>\n<li>R. Joaquim Andr\u00e9, 794 &#8211; Centro &#8211; Piracicaba &#8211; SP<\/li>\n<li>Telefone: (19)\u00a03447-8077<\/li>\n<\/ul>\n<h3>Outras informa\u00e7\u00f5es e site<\/h3>\n<ul>\n<li>Mais informa\u00e7\u00f5es:\u00a0<a href=\"http:\/\/www.protestopiracicaba.com.br\/\" target=\"_blank\" rel=\"noopener noreferrer\">www.protestopiracicaba.com.br<\/a><\/li>\n<\/ul>\n<h4>Mapa de localiza\u00e7\u00e3o<\/h4>\n<a class=\"wp-colorbox-iframe\" href=\"https:\/\/www.google.com\/maps\/embed?pb=!1m14!1m8!1m3!1d14719.292390177605!2d-47.6539336!3d-22.7348157!3m2!1i1024!2i768!4f13.1!3m3!1m2!1s0x00x1e1ac56d3ecd6e2a!2sTabelionato+de+Protesto+de+Piracicaba!5e0!3m2!1spt-BR!2sbr!4v1519736391415\"><img decoding=\"async\" src=\"http:\/\/www.encontrapiracicaba.com.br\/imgs\/maps-post.png\"><\/a>\n\n<div style=\"font-size: 0px; height: 0px; line-height: 0px; margin: 0; padding: 0; clear: both;\"><\/div>","protected":false},"excerpt":{"rendered":"<p>O Cart\u00f3rio de Protesto Piracicaba\u00a0faz o protesto\u00a0de t\u00edtulos e outros documentos de d\u00edvida \u00e9 um direito do credor para provar que a obriga\u00e7\u00e3o que tinha o devedor de lhe pagar uma quantia certa, reconhecida como d\u00edvida em dinheiro, n\u00e3o foi cumprida na data marcada para o pagamento Tabeli\u00e3o de Protesto de Letras e T\u00edtulos\u00a0da Comarca de Piracicaba O protesto \u00e9 um ato p\u00fablico formal e solene da caracteriza\u00e7\u00e3o legal da impontualidade do devedor. A partir do protesto, o credor tem condi\u00e7\u00f5es de executar judicialmente a d\u00edvida ou requerer a fal\u00eancia do comerciante. \u00c9 importante ressaltar, que antes de levar o <\/p>\n","protected":false},"author":1,"featured_media":0,"parent":0,"menu_order":0,"comment_status":"closed","ping_status":"closed","template":"","meta":{"footnotes":""},"class_list":["post-2925","page","type-page","status-publish","hentry"],"aioseo_notices":[],"_links":{"self":[{"href":"https:\/\/www.encontrapiracicaba.com.br\/sobre\/wp-json\/wp\/v2\/pages\/2925","targetHints":{"allow":["GET"]}}],"collection":[{"href":"https:\/\/www.encontrapiracicaba.com.br\/sobre\/wp-json\/wp\/v2\/pages"}],"about":[{"href":"https:\/\/www.encontrapiracicaba.com.br\/sobre\/wp-json\/wp\/v2\/types\/page"}],"author":[{"embeddable":true,"href":"https:\/\/www.encontrapiracicaba.com.br\/sobre\/wp-json\/wp\/v2\/users\/1"}],"replies":[{"embeddable":true,"href":"https:\/\/www.encontrapiracicaba.com.br\/sobre\/wp-json\/wp\/v2\/comments?post=2925"}],"version-history":[{"count":0,"href":"https:\/\/www.encontrapiracicaba.com.br\/sobre\/wp-json\/wp\/v2\/pages\/2925\/revisions"}],"wp:attachment":[{"href":"https:\/\/www.encontrapiracicaba.com.br\/sobre\/wp-json\/wp\/v2\/media?parent=2925"}],"curies":[{"name":"wp","href":"https:\/\/api.w.org\/{rel}","templated":true}]}}