{"id":2982,"date":"2018-03-06T09:15:06","date_gmt":"2018-03-06T12:15:06","guid":{"rendered":"http:\/\/www.encontrapiracicaba.com.br\/sobre\/?page_id=2982"},"modified":"2018-03-06T09:16:03","modified_gmt":"2018-03-06T12:16:03","slug":"usp-piracicaba","status":"publish","type":"page","link":"https:\/\/www.encontrapiracicaba.com.br\/sobre\/usp-piracicaba\/","title":{"rendered":"USP Piracicaba"},"content":{"rendered":"<div class=\"85df007ed5c0c4d4b453fd13a37855e8\" data-index=\"1\" style=\"float: none; margin:0px;\">\n<!-- Anuncio display - global -->\r\n<ins class=\"adsbygoogle\"\r\n     style=\"display:block\"\r\n     data-ad-client=\"ca-pub-8585364105181520\"\r\n     data-ad-slot=\"8789329856\"\r\n     data-ad-format=\"auto\"\r\n     data-full-width-responsive=\"true\"><\/ins>\r\n<script>\r\n     (adsbygoogle = window.adsbygoogle || []).push({});\r\n<\/script>\n<\/div>\n<p>A ESALQ \u00e9 uma institui\u00e7\u00e3o p\u00fablica pertencente a <strong>USP Piracicaba<\/strong>, que recebe diariamente cerca de 2.000 estudantes de gradua\u00e7\u00e3o e 1.000 p\u00f3s-graduandos, al\u00e9m de p\u00f3s-doutores, jovens pesquisadores e participantes de cursos de p\u00f3s-gradua\u00e7\u00e3o lato sensu. A popula\u00e7\u00e3o discente tem oportunidades de viv\u00eancia internacional a partir de programas de interc\u00e2mbio e de dupla-diploma\u00e7\u00e3o, al\u00e9m de uma s\u00f3lida forma\u00e7\u00e3o com pr\u00e1ticas em campo, est\u00e1gios dentro e fora da universidade, atividades extra-curriculares e apoio integral dos professores, o que garante forma\u00e7\u00e3o profissional diferenciada.<\/p>\n<p><span style=\"color: #ff0000;\"><img loading=\"lazy\" decoding=\"async\" class=\"alignnone wp-image-2983 size-full\" title=\"USP Piracicaba\" src=\"https:\/\/www.encontrapiracicaba.com.br\/sobre\/wp-content\/uploads\/usp-piracicaba.gif\" alt=\"USP Piracicaba\" width=\"680\" height=\"189\" \/><\/span><\/p>\n<h2>USP\u00a0Piracicaba Cursos<\/h2>\n<p>A\u00a0USP Piracicaba Oferece os seguintes <em>cursos:<\/em><\/p>\n<ul>\n<li>Administra\u00e7\u00e3o<\/li>\n<li>Ci\u00eancias Biol\u00f3gicas<\/li>\n<li>Ci\u00eancias dos Alimentos<\/li>\n<li>Ci\u00eancias Econ\u00f4micas<\/li>\n<li>Engenharia Agron\u00f4mica<\/li>\n<li>Engenharia Florestal<\/li>\n<li>Gest\u00e3o Ambiental<\/li>\n<\/ul>\n<h3>Hor\u00e1rio de Funcionamento\u00a0USP em Piracicaba<\/h3>\n<ul>\n<li>Segunda a Sexta das 08h \u00e0s 19h30<\/li>\n<\/ul>\n<h3>Endere\u00e7o e Telefone\u00a0USP em Piracicaba<\/h3>\n<ul>\n<li><span class=\"_xdb\">\u00a0<\/span><span class=\"_Xbe\">Avenida P\u00e1dua Dias, 11 &#8211; Agronomia &#8211; Piracicaba &#8211; SP<\/span><\/li>\n<li>Telefone: (19)\u00a03429-4100<\/li>\n<\/ul>\n<h3>Outras informa\u00e7\u00f5es e site<\/h3>\n<ul>\n<li>Mais informa\u00e7\u00f5es:\u00a0<a href=\"http:\/\/www.esalq.usp.br\/pg\/inicio\" target=\"_blank\" rel=\"noopener noreferrer\">www.esalq.usp.br<\/a><\/li>\n<\/ul>\n<h4>Mapa de localiza\u00e7\u00e3o<\/h4>\n<a class=\"wp-colorbox-iframe\" href=\"https:\/\/www.google.com\/maps\/embed?pb=!1m14!1m8!1m3!1d14721.411931594563!2d-47.6291371!3d-22.7151179!3m2!1i1024!2i768!4f13.1!3m3!1m2!1s0x00xde4e9e3179156cad!2sESALQ!5e0!3m2!1spt-BR!2sbr!4v1520338320953\"><img decoding=\"async\" src=\"http:\/\/www.encontrapiracicaba.com.br\/imgs\/maps-post.png\"><\/a>\n\n<div style=\"font-size: 0px; height: 0px; line-height: 0px; margin: 0; padding: 0; clear: both;\"><\/div>","protected":false},"excerpt":{"rendered":"<p>A ESALQ \u00e9 uma institui\u00e7\u00e3o p\u00fablica pertencente a USP Piracicaba, que recebe diariamente cerca de 2.000 estudantes de gradua\u00e7\u00e3o e 1.000 p\u00f3s-graduandos, al\u00e9m de p\u00f3s-doutores, jovens pesquisadores e participantes de cursos de p\u00f3s-gradua\u00e7\u00e3o lato sensu. A popula\u00e7\u00e3o discente tem oportunidades de viv\u00eancia internacional a partir de programas de interc\u00e2mbio e de dupla-diploma\u00e7\u00e3o, al\u00e9m de uma s\u00f3lida forma\u00e7\u00e3o com pr\u00e1ticas em campo, est\u00e1gios dentro e fora da universidade, atividades extra-curriculares e apoio integral dos professores, o que garante forma\u00e7\u00e3o profissional diferenciada. USP\u00a0Piracicaba Cursos A\u00a0USP Piracicaba Oferece os seguintes cursos: Administra\u00e7\u00e3o Ci\u00eancias Biol\u00f3gicas Ci\u00eancias dos Alimentos Ci\u00eancias Econ\u00f4micas Engenharia Agron\u00f4mica Engenharia Florestal <\/p>\n","protected":false},"author":1,"featured_media":0,"parent":0,"menu_order":0,"comment_status":"closed","ping_status":"closed","template":"","meta":{"footnotes":""},"class_list":["post-2982","page","type-page","status-publish","hentry"],"aioseo_notices":[],"_links":{"self":[{"href":"https:\/\/www.encontrapiracicaba.com.br\/sobre\/wp-json\/wp\/v2\/pages\/2982","targetHints":{"allow":["GET"]}}],"collection":[{"href":"https:\/\/www.encontrapiracicaba.com.br\/sobre\/wp-json\/wp\/v2\/pages"}],"about":[{"href":"https:\/\/www.encontrapiracicaba.com.br\/sobre\/wp-json\/wp\/v2\/types\/page"}],"author":[{"embeddable":true,"href":"https:\/\/www.encontrapiracicaba.com.br\/sobre\/wp-json\/wp\/v2\/users\/1"}],"replies":[{"embeddable":true,"href":"https:\/\/www.encontrapiracicaba.com.br\/sobre\/wp-json\/wp\/v2\/comments?post=2982"}],"version-history":[{"count":0,"href":"https:\/\/www.encontrapiracicaba.com.br\/sobre\/wp-json\/wp\/v2\/pages\/2982\/revisions"}],"wp:attachment":[{"href":"https:\/\/www.encontrapiracicaba.com.br\/sobre\/wp-json\/wp\/v2\/media?parent=2982"}],"curies":[{"name":"wp","href":"https:\/\/api.w.org\/{rel}","templated":true}]}}