{"id":3065,"date":"2018-03-13T21:03:44","date_gmt":"2018-03-14T00:03:44","guid":{"rendered":"http:\/\/www.encontrapiracicaba.com.br\/sobre\/?page_id=3065"},"modified":"2018-03-13T21:04:44","modified_gmt":"2018-03-14T00:04:44","slug":"sebrae-piracicaba","status":"publish","type":"page","link":"https:\/\/www.encontrapiracicaba.com.br\/sobre\/sebrae-piracicaba\/","title":{"rendered":"Sebrae Piracicaba"},"content":{"rendered":"<div class=\"85df007ed5c0c4d4b453fd13a37855e8\" data-index=\"1\" style=\"float: none; margin:0px;\">\n<!-- Anuncio display - global -->\r\n<ins class=\"adsbygoogle\"\r\n     style=\"display:block\"\r\n     data-ad-client=\"ca-pub-8585364105181520\"\r\n     data-ad-slot=\"8789329856\"\r\n     data-ad-format=\"auto\"\r\n     data-full-width-responsive=\"true\"><\/ins>\r\n<script>\r\n     (adsbygoogle = window.adsbygoogle || []).push({});\r\n<\/script>\n<\/div>\n<p>O\u00a0<em>Servi\u00e7o Brasileiro de Apoio \u00e0s Micro e Pequenas Empresas (Sebrae)<\/em>\u00a0\u00e9 uma entidade privada sem fins lucrativos. \u00c9 um agente de capacita\u00e7\u00e3o e de promo\u00e7\u00e3o do desenvolvimento, criado para dar apoio aos pequenos neg\u00f3cios de todo o pa\u00eds.<\/p>\n<p>O\u00a0<strong>Sebrae Piracicaba<\/strong>\u00a0\u00e9 agente de capacita\u00e7\u00e3o e de promo\u00e7\u00e3o do desenvolvimento, mas n\u00e3o \u00e9 uma institui\u00e7\u00e3o financeira, por isso n\u00e3o empresta dinheiro.<\/p>\n<p><img loading=\"lazy\" decoding=\"async\" class=\"alignnone wp-image-5469 size-full\" title=\"Sebrae Piracicaba\" src=\"http:\/\/www.encontrasorocaba.com.br\/sobre\/wp-content\/uploads\/sebrae-sorocaba.jpg\" sizes=\"auto, (max-width: 680px) 100vw, 680px\" srcset=\"http:\/\/www.encontrasorocaba.com.br\/sobre\/wp-content\/uploads\/sebrae-sorocaba.jpg 680w, http:\/\/www.encontrasorocaba.com.br\/sobre\/wp-content\/uploads\/sebrae-sorocaba-300x83.jpg 300w\" alt=\"Sebrae Piracicaba\" width=\"680\" height=\"189\" \/><\/p>\n<p>Articula (junto aos bancos, cooperativas de cr\u00e9dito e institui\u00e7\u00f5es de microcr\u00e9dito) a cria\u00e7\u00e3o de produtos financeiros adequados \u00e0s necessidades do segmento. Tamb\u00e9m orienta os empreendedores para que o acesso ao cr\u00e9dito seja, de fato, um instrumento de melhoria do neg\u00f3cio.<em><br \/>\n<\/em><\/p>\n<h2>Sebrae Piracicaba Cursos<\/h2>\n<p>O Sebrae possui na internet uma plataforma de cursos EAD (Ensino \u00e0 Dist\u00e2ncia), basta acessar o site\u00a0<a href=\"http:\/\/ead.sebrae.com.br\/\" target=\"_blank\" rel=\"noopener noreferrer\">ead.sebrae.com.br<\/a>\u00a0e fazer a sua matr\u00edcula gratuita. Os cursos podem ser realizados pela internet de forma gratuita. A maioria deles est\u00e1 dispon\u00edvel para qualquer pessoa f\u00edsica (CPF), alguns s\u00e3o direcionados exclusivamente as pessoas que j\u00e1 possuem um CNPJ (Cadastro Nacional de Pessoa Jur\u00eddica).\u00a0 Ao completar um dos cursos gratuitos \u00e9 poss\u00edvel obter um certificado de conclus\u00e3o de curso, que pode ajudar no seu curr\u00edculo profissional.<\/p>\n<h3>Vagas Sebrae Piracicaba \u2013 Trabalhe Conosco<\/h3>\n<p>As oportunidades de trabalho no Sebrae em Piracicaba s\u00e3o divulgadas em jornais de grande circula\u00e7\u00e3o e no Portal Sebrae.<\/p>\n<h3>Hor\u00e1rio de Funcionamento Sebrae em Piracicaba<\/h3>\n<ul>\n<li>De Segunda a Sexta das 9h \u00e0s 17h<\/li>\n<\/ul>\n<h3>Endere\u00e7o e Telefone Sebrae em Piracicaba<\/h3>\n<ul>\n<li>Av. Rui Barbosa, 132 &#8211; Vila Rezende &#8211; Piracicaba &#8211; SP<\/li>\n<li>Telefone: (19)\u00a03412-1070<\/li>\n<\/ul>\n<h4>Outras informa\u00e7\u00f5es e site<\/h4>\n<ul>\n<li>Mais informa\u00e7\u00f5es:\u00a0<a href=\"http:\/\/www.sebrae.com.br\/\" target=\"_blank\" rel=\"noopener noreferrer\">www.sebrae.com.br<\/a><\/li>\n<\/ul>\n<h4>Mapa de localiza\u00e7\u00e3o<\/h4>\n<a class=\"wp-colorbox-iframe\" href=\"https:\/\/www.google.com\/maps\/embed?pb=!1m14!1m8!1m3!1d14721.690052868897!2d-47.653153!3d-22.712532!3m2!1i1024!2i768!4f13.1!3m3!1m2!1s0x00x4fd0628708150212!2sSEBRAE+Servio+Apoio+As+Micros+Empresas+So+Paulo+-+ER+Piracicaba!5e0!3m2!1spt-BR!2sbr!4v1520985765701\"><img decoding=\"async\" src=\"http:\/\/www.encontrapiracicaba.com.br\/imgs\/maps-post.png\"><\/a>\n\n<div style=\"font-size: 0px; height: 0px; line-height: 0px; margin: 0; padding: 0; clear: both;\"><\/div>","protected":false},"excerpt":{"rendered":"<p>O\u00a0Servi\u00e7o Brasileiro de Apoio \u00e0s Micro e Pequenas Empresas (Sebrae)\u00a0\u00e9 uma entidade privada sem fins lucrativos. \u00c9 um agente de capacita\u00e7\u00e3o e de promo\u00e7\u00e3o do desenvolvimento, criado para dar apoio aos pequenos neg\u00f3cios de todo o pa\u00eds. O\u00a0Sebrae Piracicaba\u00a0\u00e9 agente de capacita\u00e7\u00e3o e de promo\u00e7\u00e3o do desenvolvimento, mas n\u00e3o \u00e9 uma institui\u00e7\u00e3o financeira, por isso n\u00e3o empresta dinheiro. Articula (junto aos bancos, cooperativas de cr\u00e9dito e institui\u00e7\u00f5es de microcr\u00e9dito) a cria\u00e7\u00e3o de produtos financeiros adequados \u00e0s necessidades do segmento. Tamb\u00e9m orienta os empreendedores para que o acesso ao cr\u00e9dito seja, de fato, um instrumento de melhoria do neg\u00f3cio. Sebrae Piracicaba <\/p>\n","protected":false},"author":1,"featured_media":0,"parent":0,"menu_order":0,"comment_status":"closed","ping_status":"closed","template":"","meta":{"footnotes":""},"class_list":["post-3065","page","type-page","status-publish","hentry"],"aioseo_notices":[],"_links":{"self":[{"href":"https:\/\/www.encontrapiracicaba.com.br\/sobre\/wp-json\/wp\/v2\/pages\/3065","targetHints":{"allow":["GET"]}}],"collection":[{"href":"https:\/\/www.encontrapiracicaba.com.br\/sobre\/wp-json\/wp\/v2\/pages"}],"about":[{"href":"https:\/\/www.encontrapiracicaba.com.br\/sobre\/wp-json\/wp\/v2\/types\/page"}],"author":[{"embeddable":true,"href":"https:\/\/www.encontrapiracicaba.com.br\/sobre\/wp-json\/wp\/v2\/users\/1"}],"replies":[{"embeddable":true,"href":"https:\/\/www.encontrapiracicaba.com.br\/sobre\/wp-json\/wp\/v2\/comments?post=3065"}],"version-history":[{"count":0,"href":"https:\/\/www.encontrapiracicaba.com.br\/sobre\/wp-json\/wp\/v2\/pages\/3065\/revisions"}],"wp:attachment":[{"href":"https:\/\/www.encontrapiracicaba.com.br\/sobre\/wp-json\/wp\/v2\/media?parent=3065"}],"curies":[{"name":"wp","href":"https:\/\/api.w.org\/{rel}","templated":true}]}}