{"id":3106,"date":"2018-03-19T12:05:38","date_gmt":"2018-03-19T15:05:38","guid":{"rendered":"http:\/\/www.encontrapiracicaba.com.br\/sobre\/?page_id=3106"},"modified":"2018-03-19T12:05:58","modified_gmt":"2018-03-19T15:05:58","slug":"ceama-piracicaba","status":"publish","type":"page","link":"https:\/\/www.encontrapiracicaba.com.br\/sobre\/ceama-piracicaba\/","title":{"rendered":"Ceama Piracicaba"},"content":{"rendered":"<div class=\"85df007ed5c0c4d4b453fd13a37855e8\" data-index=\"1\" style=\"float: none; margin:0px;\">\n<!-- Anuncio display - global -->\r\n<ins class=\"adsbygoogle\"\r\n     style=\"display:block\"\r\n     data-ad-client=\"ca-pub-8585364105181520\"\r\n     data-ad-slot=\"8789329856\"\r\n     data-ad-format=\"auto\"\r\n     data-full-width-responsive=\"true\"><\/ins>\r\n<script>\r\n     (adsbygoogle = window.adsbygoogle || []).push({});\r\n<\/script>\n<\/div>\n<p>O Instituto possui 17 postos de atendimento pr\u00f3prios no Estado chamados de Centro de Atendimento M\u00e9dico-Ambulatorial (Ceama) localizados nas cidades de Ara\u00e7atuba, Araraquara, Assis, Barretos, Bauru, Campinas, Franca, Mar\u00edlia, Piracicaba, Presidente Prudente, Ribeir\u00e3o Preto, Santos, S\u00e3o Jo\u00e3o da Boa Vista, S\u00e3o Jos\u00e9 dos Campos, S\u00e3o Jos\u00e9 do Rio Preto, Sorocaba e Taubat\u00e9.<br \/>\nConhe\u00e7a o <strong>Ceama Piracicaba.<\/strong><\/p>\n<p><img loading=\"lazy\" decoding=\"async\" class=\"alignnone wp-image-3107 size-full\" title=\"Ceama Piracicaba\" src=\"https:\/\/www.encontrapiracicaba.com.br\/sobre\/wp-content\/uploads\/ceama-piracicaba.gif\" alt=\"Ceama Piracicaba\" width=\"680\" height=\"189\" \/><\/p>\n<p>O Instituto de Assist\u00eancia M\u00e9dica ao Servidor P\u00fablico Estadual (Iamspe) oferece atendimento a 1,3 milh\u00e3o de usu\u00e1rios por meio de uma rede pr\u00f3pria e credenciada distribu\u00edda em 173 munic\u00edpios do Estado.<br \/>\nS\u00e3o 80 hospitais, al\u00e9m do hospital pr\u00f3prio de alta complexidade, o Hospital do Servidor P\u00fablico Estadual (HSPE), instalado na Capital. Maior hospital da rede Iamspe, o hospital possui 721 leitos, 949 m\u00e9dicos, 2.020 profissionais de enfermagem e oferece atendimento de alta complexidade em 51 especialidades m\u00e9dicas.<br \/>\nO Iamspe possui ainda 17 postos de atendimento pr\u00f3prio localizados nas cidades de Assis, Ara\u00e7atuba, Araraquara, Barretos, Bauru, Campinas, Franca, Mar\u00edlia, Piracicaba, Presidente Prudente, Ribeir\u00e3o Preto, Santos, S\u00e3o Jo\u00e3o da Boa Vista, S\u00e3o Jos\u00e9 dos Campos, S\u00e3o Jos\u00e9 do Rio Preto, Sorocaba e Taubat\u00e9.<br \/>\nA rede oferece ainda 80 laborat\u00f3rios de an\u00e1lises cl\u00ednicas e de imagem, cl\u00ednicas de fisioterapia e mais de 2.577 m\u00e9dicos credenciados que atendem em consult\u00f3rios e cl\u00ednicas particulares.<\/p>\n<h3>Hor\u00e1rio de Funcionamento\u00a0Ceama em Piracicaba<\/h3>\n<ul>\n<li>Segunda a Sexta das 07h \u00e0s 16h<\/li>\n<\/ul>\n<h3>Endere\u00e7o e Telefone\u00a0Ceama em Piracicaba<\/h3>\n<ul>\n<li>Av. Dr. Paulo de Moraes, 1231 &#8211; Ch\u00e1cara Nazar\u00e9 &#8211; Piracicaba &#8211; SP<\/li>\n<li>Telefone: (19)\u00a03433-5461<\/li>\n<\/ul>\n<h4>Outras informa\u00e7\u00f5es e site<\/h4>\n<ul>\n<li>Mais informa\u00e7\u00f5es:\u00a0<a href=\"http:\/\/www.iamspe.sp.gov.br\/quem-somos\/localizacao\/ceama\/\" target=\"_blank\" rel=\"noopener noreferrer\">www.iamspe.sp.gov.br\/quem-somos\/localizacao\/ceama\/<\/a><\/li>\n<\/ul>\n<h4>Mapa de localiza\u00e7\u00e3o<\/h4>\n<a class=\"wp-colorbox-iframe\" href=\"https:\/\/www.google.com\/maps\/embed?pb=!1m14!1m8!1m3!1d14719.525249377508!2d-47.65792777851862!3d-22.73265243074416!3m2!1i1024!2i768!4f13.1!3m3!1m2!1s0x00x538da16984efc85b!2sCEAMA+-+Centro+de+Atendimento+Mdico+Ambulatorial!5e0!3m2!1spt-BR!2sbr!4v1521471766169\"><img decoding=\"async\" src=\"http:\/\/www.encontrapiracicaba.com.br\/imgs\/maps-post.png\"><\/a>\n\n<div style=\"font-size: 0px; height: 0px; line-height: 0px; margin: 0; padding: 0; clear: both;\"><\/div>","protected":false},"excerpt":{"rendered":"<p>O Instituto possui 17 postos de atendimento pr\u00f3prios no Estado chamados de Centro de Atendimento M\u00e9dico-Ambulatorial (Ceama) localizados nas cidades de Ara\u00e7atuba, Araraquara, Assis, Barretos, Bauru, Campinas, Franca, Mar\u00edlia, Piracicaba, Presidente Prudente, Ribeir\u00e3o Preto, Santos, S\u00e3o Jo\u00e3o da Boa Vista, S\u00e3o Jos\u00e9 dos Campos, S\u00e3o Jos\u00e9 do Rio Preto, Sorocaba e Taubat\u00e9. Conhe\u00e7a o Ceama Piracicaba. O Instituto de Assist\u00eancia M\u00e9dica ao Servidor P\u00fablico Estadual (Iamspe) oferece atendimento a 1,3 milh\u00e3o de usu\u00e1rios por meio de uma rede pr\u00f3pria e credenciada distribu\u00edda em 173 munic\u00edpios do Estado. S\u00e3o 80 hospitais, al\u00e9m do hospital pr\u00f3prio de alta complexidade, o Hospital do <\/p>\n","protected":false},"author":1,"featured_media":0,"parent":0,"menu_order":0,"comment_status":"closed","ping_status":"closed","template":"","meta":{"footnotes":""},"class_list":["post-3106","page","type-page","status-publish","hentry"],"aioseo_notices":[],"_links":{"self":[{"href":"https:\/\/www.encontrapiracicaba.com.br\/sobre\/wp-json\/wp\/v2\/pages\/3106","targetHints":{"allow":["GET"]}}],"collection":[{"href":"https:\/\/www.encontrapiracicaba.com.br\/sobre\/wp-json\/wp\/v2\/pages"}],"about":[{"href":"https:\/\/www.encontrapiracicaba.com.br\/sobre\/wp-json\/wp\/v2\/types\/page"}],"author":[{"embeddable":true,"href":"https:\/\/www.encontrapiracicaba.com.br\/sobre\/wp-json\/wp\/v2\/users\/1"}],"replies":[{"embeddable":true,"href":"https:\/\/www.encontrapiracicaba.com.br\/sobre\/wp-json\/wp\/v2\/comments?post=3106"}],"version-history":[{"count":0,"href":"https:\/\/www.encontrapiracicaba.com.br\/sobre\/wp-json\/wp\/v2\/pages\/3106\/revisions"}],"wp:attachment":[{"href":"https:\/\/www.encontrapiracicaba.com.br\/sobre\/wp-json\/wp\/v2\/media?parent=3106"}],"curies":[{"name":"wp","href":"https:\/\/api.w.org\/{rel}","templated":true}]}}