{"id":3174,"date":"2018-04-13T09:06:41","date_gmt":"2018-04-13T12:06:41","guid":{"rendered":"http:\/\/www.encontrapiracicaba.com.br\/sobre\/?page_id=3174"},"modified":"2018-04-13T09:07:33","modified_gmt":"2018-04-13T12:07:33","slug":"der-piracicaba","status":"publish","type":"page","link":"https:\/\/www.encontrapiracicaba.com.br\/sobre\/der-piracicaba\/","title":{"rendered":"DER Piracicaba"},"content":{"rendered":"<div class=\"85df007ed5c0c4d4b453fd13a37855e8\" data-index=\"1\" style=\"float: none; margin:0px;\">\n<!-- Anuncio display - global -->\r\n<ins class=\"adsbygoogle\"\r\n     style=\"display:block\"\r\n     data-ad-client=\"ca-pub-8585364105181520\"\r\n     data-ad-slot=\"8789329856\"\r\n     data-ad-format=\"auto\"\r\n     data-full-width-responsive=\"true\"><\/ins>\r\n<script>\r\n     (adsbygoogle = window.adsbygoogle || []).push({});\r\n<\/script>\n<\/div>\n<p>\u00c9 miss\u00e3o do Departamento de Estradas de Rodagem administrar o sistema rodovi\u00e1rio estadual, sua integra\u00e7\u00e3o com as rodovias municipais e federais e sua intera\u00e7\u00e3o com os demais modos de transporte, objetivando o atendimento aos usu\u00e1rios no transporte de pessoas e cargas. Conhe\u00e7a mais informa\u00e7\u00f5es sobre a <strong>DER Piracicaba.<\/strong><\/p>\n<p><img loading=\"lazy\" decoding=\"async\" class=\"alignnone wp-image-3175 size-full\" title=\"DER Piracicaba\" src=\"https:\/\/www.encontrapiracicaba.com.br\/sobre\/wp-content\/uploads\/der-piraciaba.gif\" alt=\"DER Piracicaba\" width=\"680\" height=\"189\" \/><\/p>\n<h3>Hor\u00e1rio de Funcionamento\u00a0DER em Piracicaba<\/h3>\n<ul>\n<li>Segunda a Sexta das 08h30 \u00e0s 17h<\/li>\n<\/ul>\n<h3>Endere\u00e7o e Telefone\u00a0DER em Piracicaba<\/h3>\n<ul>\n<li>Rod. Luis de Queiroz, 515 &#8211; Vila Independencia &#8211; Piracicaba &#8211; SP<\/li>\n<li>Telefone: (19) 3422-4821<\/li>\n<\/ul>\n<h4>Outras informa\u00e7\u00f5es e site<\/h4>\n<ul>\n<li>Mais informa\u00e7\u00f5es:\u00a0<a href=\"http:\/\/www.der.sp.gov.br\/WebSite\/Index.aspx\" target=\"_blank\" rel=\"noopener noreferrer\">www.der.sp.gov.br\/WebSite\/Index.aspx<\/a><\/li>\n<\/ul>\n<h4>Mapa de localiza\u00e7\u00e3o<\/h4>\n<a class=\"wp-colorbox-iframe\" href=\"https:\/\/www.google.com\/maps\/embed?pb=!1m14!1m8!1m3!1d14721.380147777165!2d-47.6301604!3d-22.7154134!3m2!1i1024!2i768!4f13.1!3m3!1m2!1s0x00xcfe036ea901502be!2sDER+Departamento+de+Estradas+e+Rodagem+-+Piracicaba!5e0!3m2!1spt-BR!2sbr!4v1523621040186\"><img decoding=\"async\" src=\"http:\/\/www.encontrapiracicaba.com.br\/imgs\/maps-post.png\"><\/a>\n\n<div style=\"font-size: 0px; height: 0px; line-height: 0px; margin: 0; padding: 0; clear: both;\"><\/div>","protected":false},"excerpt":{"rendered":"<p>\u00c9 miss\u00e3o do Departamento de Estradas de Rodagem administrar o sistema rodovi\u00e1rio estadual, sua integra\u00e7\u00e3o com as rodovias municipais e federais e sua intera\u00e7\u00e3o com os demais modos de transporte, objetivando o atendimento aos usu\u00e1rios no transporte de pessoas e cargas. Conhe\u00e7a mais informa\u00e7\u00f5es sobre a DER Piracicaba. Hor\u00e1rio de Funcionamento\u00a0DER em Piracicaba Segunda a Sexta das 08h30 \u00e0s 17h Endere\u00e7o e Telefone\u00a0DER em Piracicaba Rod. Luis de Queiroz, 515 &#8211; Vila Independencia &#8211; Piracicaba &#8211; SP Telefone: (19) 3422-4821 Outras informa\u00e7\u00f5es e site Mais informa\u00e7\u00f5es:\u00a0www.der.sp.gov.br\/WebSite\/Index.aspx Mapa de localiza\u00e7\u00e3o<\/p>\n","protected":false},"author":1,"featured_media":0,"parent":0,"menu_order":0,"comment_status":"closed","ping_status":"closed","template":"","meta":{"footnotes":""},"class_list":["post-3174","page","type-page","status-publish","hentry"],"aioseo_notices":[],"_links":{"self":[{"href":"https:\/\/www.encontrapiracicaba.com.br\/sobre\/wp-json\/wp\/v2\/pages\/3174","targetHints":{"allow":["GET"]}}],"collection":[{"href":"https:\/\/www.encontrapiracicaba.com.br\/sobre\/wp-json\/wp\/v2\/pages"}],"about":[{"href":"https:\/\/www.encontrapiracicaba.com.br\/sobre\/wp-json\/wp\/v2\/types\/page"}],"author":[{"embeddable":true,"href":"https:\/\/www.encontrapiracicaba.com.br\/sobre\/wp-json\/wp\/v2\/users\/1"}],"replies":[{"embeddable":true,"href":"https:\/\/www.encontrapiracicaba.com.br\/sobre\/wp-json\/wp\/v2\/comments?post=3174"}],"version-history":[{"count":0,"href":"https:\/\/www.encontrapiracicaba.com.br\/sobre\/wp-json\/wp\/v2\/pages\/3174\/revisions"}],"wp:attachment":[{"href":"https:\/\/www.encontrapiracicaba.com.br\/sobre\/wp-json\/wp\/v2\/media?parent=3174"}],"curies":[{"name":"wp","href":"https:\/\/api.w.org\/{rel}","templated":true}]}}