{"id":3197,"date":"2018-04-13T11:16:03","date_gmt":"2018-04-13T14:16:03","guid":{"rendered":"http:\/\/www.encontrapiracicaba.com.br\/sobre\/?page_id=3197"},"modified":"2018-04-13T11:16:14","modified_gmt":"2018-04-13T14:16:14","slug":"policia-federal-piracicaba","status":"publish","type":"page","link":"https:\/\/www.encontrapiracicaba.com.br\/sobre\/policia-federal-piracicaba\/","title":{"rendered":"Policia Federal Piracicaba"},"content":{"rendered":"<div class=\"85df007ed5c0c4d4b453fd13a37855e8\" data-index=\"1\" style=\"float: none; margin:0px;\">\n<!-- Anuncio display - global -->\r\n<ins class=\"adsbygoogle\"\r\n     style=\"display:block\"\r\n     data-ad-client=\"ca-pub-8585364105181520\"\r\n     data-ad-slot=\"8789329856\"\r\n     data-ad-format=\"auto\"\r\n     data-full-width-responsive=\"true\"><\/ins>\r\n<script>\r\n     (adsbygoogle = window.adsbygoogle || []).push({});\r\n<\/script>\n<\/div>\n<p>A Miss\u00e3o da <strong>Pol\u00edcia Federal Piracicaba<\/strong>\u00a0\u00e9 exercer as atribui\u00e7\u00f5es de pol\u00edcia judici\u00e1ria e administrativa da Uni\u00e3o, a fim de contribuir na manuten\u00e7\u00e3o da lei e da ordem, preservando o estado democr\u00e1tico de direito<\/p>\n<p><span style=\"color: #ff0000;\"><img loading=\"lazy\" decoding=\"async\" class=\"alignnone wp-image-3198 size-full\" title=\"Pol\u00edcia Federal Piraciaba\" src=\"https:\/\/www.encontrapiracicaba.com.br\/sobre\/wp-content\/uploads\/policia-federa-piracicaba.gif\" alt=\"Pol\u00edcia Federal Piraciaba\" width=\"680\" height=\"189\" \/><\/span><\/p>\n<h2>Pol\u00edcia Federal\u00a0Piracicaba\u00a0Passaporte<\/h2>\n<p>Para solicitar o seu <em>passaporte<\/em> acesse o site e siga as orienta\u00e7\u00f5es para preenchimento e agendamento do servi\u00e7o.<\/p>\n<h3>Hor\u00e1rio de Funcionamento\u00a0Pol\u00edcia Federal em Piracicaba<\/h3>\n<ul>\n<li>Segunda a Sexta das 08h \u00e0s 17h<\/li>\n<\/ul>\n<h3>Endere\u00e7o e Telefone\u00a0Pol\u00edcia Federal em Piracicaba<\/h3>\n<ul>\n<li>S\u00e3o Dimas: R. Liberato Macedo, 872 &#8211;\u00a0Telefone: (19) 3301-5201<\/li>\n<li>Arei\u00e3o:\u00a0Av. Limeira, 722 &#8211; Telefone:\u00a0(19) 3301-5215<\/li>\n<\/ul>\n<h4>Outras informa\u00e7\u00f5es e site<\/h4>\n<ul>\n<li>Mais informa\u00e7\u00f5es:\u00a0<a href=\"http:\/\/www.pf.gov.br\" target=\"_blank\" rel=\"noopener noreferrer\">www.pf.gov.br<\/a><\/li>\n<\/ul>\n<h4>Mapa de localiza\u00e7\u00e3o S\u00e3o Dimas<\/h4>\n<a class=\"wp-colorbox-iframe\" href=\"https:\/\/www.google.com\/maps\/embed?pb=!1m18!1m12!1m3!1d3680.533291149815!2d-47.64647008503793!3d-22.708411485113047!2m3!1f0!2f0!3f0!3m2!1i1024!2i768!4f13.1!3m3!1m2!1s0x94c6319d46718f350x990c2c6a345ceaa2!2sR.+Liberato+Macedo+872+-+So+Dimas+Piracicaba+-+SP+13416-090!5e0!3m2!1spt-BR!2sbr!4v1523628716029\"><img decoding=\"async\" src=\"http:\/\/www.encontrapiracicaba.com.br\/imgs\/maps-post.png\"><\/a>\n\n<div style=\"font-size: 0px; height: 0px; line-height: 0px; margin: 0; padding: 0; clear: both;\"><\/div>","protected":false},"excerpt":{"rendered":"<p>A Miss\u00e3o da Pol\u00edcia Federal Piracicaba\u00a0\u00e9 exercer as atribui\u00e7\u00f5es de pol\u00edcia judici\u00e1ria e administrativa da Uni\u00e3o, a fim de contribuir na manuten\u00e7\u00e3o da lei e da ordem, preservando o estado democr\u00e1tico de direito Pol\u00edcia Federal\u00a0Piracicaba\u00a0Passaporte Para solicitar o seu passaporte acesse o site e siga as orienta\u00e7\u00f5es para preenchimento e agendamento do servi\u00e7o. Hor\u00e1rio de Funcionamento\u00a0Pol\u00edcia Federal em Piracicaba Segunda a Sexta das 08h \u00e0s 17h Endere\u00e7o e Telefone\u00a0Pol\u00edcia Federal em Piracicaba S\u00e3o Dimas: R. Liberato Macedo, 872 &#8211;\u00a0Telefone: (19) 3301-5201 Arei\u00e3o:\u00a0Av. Limeira, 722 &#8211; Telefone:\u00a0(19) 3301-5215 Outras informa\u00e7\u00f5es e site Mais informa\u00e7\u00f5es:\u00a0www.pf.gov.br Mapa de localiza\u00e7\u00e3o S\u00e3o Dimas<\/p>\n","protected":false},"author":1,"featured_media":0,"parent":0,"menu_order":0,"comment_status":"closed","ping_status":"closed","template":"","meta":{"footnotes":""},"class_list":["post-3197","page","type-page","status-publish","hentry"],"aioseo_notices":[],"_links":{"self":[{"href":"https:\/\/www.encontrapiracicaba.com.br\/sobre\/wp-json\/wp\/v2\/pages\/3197","targetHints":{"allow":["GET"]}}],"collection":[{"href":"https:\/\/www.encontrapiracicaba.com.br\/sobre\/wp-json\/wp\/v2\/pages"}],"about":[{"href":"https:\/\/www.encontrapiracicaba.com.br\/sobre\/wp-json\/wp\/v2\/types\/page"}],"author":[{"embeddable":true,"href":"https:\/\/www.encontrapiracicaba.com.br\/sobre\/wp-json\/wp\/v2\/users\/1"}],"replies":[{"embeddable":true,"href":"https:\/\/www.encontrapiracicaba.com.br\/sobre\/wp-json\/wp\/v2\/comments?post=3197"}],"version-history":[{"count":0,"href":"https:\/\/www.encontrapiracicaba.com.br\/sobre\/wp-json\/wp\/v2\/pages\/3197\/revisions"}],"wp:attachment":[{"href":"https:\/\/www.encontrapiracicaba.com.br\/sobre\/wp-json\/wp\/v2\/media?parent=3197"}],"curies":[{"name":"wp","href":"https:\/\/api.w.org\/{rel}","templated":true}]}}