{"id":3238,"date":"2018-04-20T10:32:40","date_gmt":"2018-04-20T13:32:40","guid":{"rendered":"http:\/\/www.encontrapiracicaba.com.br\/sobre\/?page_id=3238"},"modified":"2018-04-20T10:32:47","modified_gmt":"2018-04-20T13:32:47","slug":"zoologico-piracicaba","status":"publish","type":"page","link":"https:\/\/www.encontrapiracicaba.com.br\/sobre\/zoologico-piracicaba\/","title":{"rendered":"Zool\u00f3gico Piracicaba"},"content":{"rendered":"<div class=\"85df007ed5c0c4d4b453fd13a37855e8\" data-index=\"1\" style=\"float: none; margin:0px;\">\n<!-- Anuncio display - global -->\r\n<ins class=\"adsbygoogle\"\r\n     style=\"display:block\"\r\n     data-ad-client=\"ca-pub-8585364105181520\"\r\n     data-ad-slot=\"8789329856\"\r\n     data-ad-format=\"auto\"\r\n     data-full-width-responsive=\"true\"><\/ins>\r\n<script>\r\n     (adsbygoogle = window.adsbygoogle || []).push({});\r\n<\/script>\n<\/div>\n<p>Inaugurado em 1\u00ba de Agosto de 1971, o <strong>Zool\u00f3gico de Piracicaba<\/strong> j\u00e1 abrigou uma infinidade de esp\u00e9cies dentre elas o famoso chimpanz\u00e9 Petr\u00f4nio e o le\u00e3o L\u00e9o.<\/p>\n<p><img loading=\"lazy\" decoding=\"async\" class=\"alignnone wp-image-3239 size-full\" title=\"Zool\u00f3gico Piracicaba\" src=\"https:\/\/www.encontrapiracicaba.com.br\/sobre\/wp-content\/uploads\/zoologico-piracicaba.gif\" alt=\"Zool\u00f3gico Piracicaba\" width=\"680\" height=\"189\" \/><\/p>\n<h3>Hor\u00e1rio de Funcionamento\u00a0Zool\u00f3gico em Piracicaba<\/h3>\n<ul>\n<li>Ter\u00e7a a Domingo\u00a0das 09h \u00e0s 16h<\/li>\n<\/ul>\n<h3>Endere\u00e7o e Telefone\u00a0Zool\u00f3gico em Piracicaba<\/h3>\n<ul>\n<li>Av. Mal. Castelo Branco, 426 &#8211; Jardim Primavera &#8211; Piracicaba &#8211; SP<\/li>\n<li>Telefone: (19) 3421-3425<\/li>\n<\/ul>\n<h4>Outras informa\u00e7\u00f5es e site<\/h4>\n<ul>\n<li>Mais informa\u00e7\u00f5es:\u00a0<a href=\"http:\/\/www.encontrabrasil.com.br\/https:\/\/www.facebook.com\/piracicaba.sp.gov.br\/\" target=\"_blank\" rel=\"noopener noreferrer\">www.facebook.com\/piracicaba.sp.gov.br\/<\/a><\/li>\n<\/ul>\n<h4>Mapa de localiza\u00e7\u00e3o<\/h4>\n<a class=\"wp-colorbox-iframe\" href=\"https:\/\/www.google.com\/maps\/embed?pb=!1m14!1m8!1m3!1d14723.560372692442!2d-47.6512777!3d-22.695135!3m2!1i1024!2i768!4f13.1!3m3!1m2!1s0x00x783ec4bf0f286860!2sZoolgico+Municipal+de+Piracicaba!5e0!3m2!1spt-BR!2sbr!4v1524230975125\"><img decoding=\"async\" src=\"http:\/\/www.encontrapiracicaba.com.br\/imgs\/maps-post.png\"><\/a>\n\n<div style=\"font-size: 0px; height: 0px; line-height: 0px; margin: 0; padding: 0; clear: both;\"><\/div>","protected":false},"excerpt":{"rendered":"<p>Inaugurado em 1\u00ba de Agosto de 1971, o Zool\u00f3gico de Piracicaba j\u00e1 abrigou uma infinidade de esp\u00e9cies dentre elas o famoso chimpanz\u00e9 Petr\u00f4nio e o le\u00e3o L\u00e9o. Hor\u00e1rio de Funcionamento\u00a0Zool\u00f3gico em Piracicaba Ter\u00e7a a Domingo\u00a0das 09h \u00e0s 16h Endere\u00e7o e Telefone\u00a0Zool\u00f3gico em Piracicaba Av. Mal. Castelo Branco, 426 &#8211; Jardim Primavera &#8211; Piracicaba &#8211; SP Telefone: (19) 3421-3425 Outras informa\u00e7\u00f5es e site Mais informa\u00e7\u00f5es:\u00a0www.facebook.com\/piracicaba.sp.gov.br\/ Mapa de localiza\u00e7\u00e3o<\/p>\n","protected":false},"author":1,"featured_media":0,"parent":0,"menu_order":0,"comment_status":"closed","ping_status":"closed","template":"","meta":{"footnotes":""},"class_list":["post-3238","page","type-page","status-publish","hentry"],"aioseo_notices":[],"_links":{"self":[{"href":"https:\/\/www.encontrapiracicaba.com.br\/sobre\/wp-json\/wp\/v2\/pages\/3238","targetHints":{"allow":["GET"]}}],"collection":[{"href":"https:\/\/www.encontrapiracicaba.com.br\/sobre\/wp-json\/wp\/v2\/pages"}],"about":[{"href":"https:\/\/www.encontrapiracicaba.com.br\/sobre\/wp-json\/wp\/v2\/types\/page"}],"author":[{"embeddable":true,"href":"https:\/\/www.encontrapiracicaba.com.br\/sobre\/wp-json\/wp\/v2\/users\/1"}],"replies":[{"embeddable":true,"href":"https:\/\/www.encontrapiracicaba.com.br\/sobre\/wp-json\/wp\/v2\/comments?post=3238"}],"version-history":[{"count":0,"href":"https:\/\/www.encontrapiracicaba.com.br\/sobre\/wp-json\/wp\/v2\/pages\/3238\/revisions"}],"wp:attachment":[{"href":"https:\/\/www.encontrapiracicaba.com.br\/sobre\/wp-json\/wp\/v2\/media?parent=3238"}],"curies":[{"name":"wp","href":"https:\/\/api.w.org\/{rel}","templated":true}]}}