{"id":3285,"date":"2018-05-03T07:08:19","date_gmt":"2018-05-03T10:08:19","guid":{"rendered":"http:\/\/www.encontrapiracicaba.com.br\/sobre\/?page_id=3285"},"modified":"2018-05-03T07:09:28","modified_gmt":"2018-05-03T10:09:28","slug":"igreja-sao-jose-piracicaba","status":"publish","type":"page","link":"https:\/\/www.encontrapiracicaba.com.br\/sobre\/igreja-sao-jose-piracicaba\/","title":{"rendered":"Igreja S\u00e3o Jos\u00e9 Piracicaba"},"content":{"rendered":"<div class=\"85df007ed5c0c4d4b453fd13a37855e8\" data-index=\"1\" style=\"float: none; margin:0px;\">\n<!-- Anuncio display - global -->\r\n<ins class=\"adsbygoogle\"\r\n     style=\"display:block\"\r\n     data-ad-client=\"ca-pub-8585364105181520\"\r\n     data-ad-slot=\"8789329856\"\r\n     data-ad-format=\"auto\"\r\n     data-full-width-responsive=\"true\"><\/ins>\r\n<script>\r\n     (adsbygoogle = window.adsbygoogle || []).push({});\r\n<\/script>\n<\/div>\n<p>A <strong>Igreja S\u00e3o Jos\u00e9 Piracicaba<\/strong> \u00e9 administrada pela Pascom (Pastoral da Comunica\u00e7\u00e3o da Par\u00f3quia S\u00e3o Jos\u00e9) e pelo p\u00e1roco Padre Marcelo Sales.\u00a0 A Paroquia S\u00e3o Jos\u00e9 conta com as seguintes capelas:\u00a0S\u00e3o Jos\u00e9 (Paulista),\u00a0Nossa Senhora Aparecida (Paulista),\u00a0Nossa Senhora do Perp\u00e9tuo Socorro (Jaragu\u00e1),\u00a0Jo\u00e3o Paulo II (Jaragu\u00e1),\u00a0Imaculada Concei\u00e7\u00e3o (Jaragu\u00e1), S\u00e3o Francisco de Assis (Paulista),\u00a0S\u00e3o Tarc\u00edsio (Paulista),\u00a0Nossa Senhora de Lourdes (Jaragu\u00e1),\u00a0Santa Luzia (Paulista) e\u00a0S\u00e3o Jo\u00e3o Batista (Jaragu\u00e1).<\/p>\n<p><img loading=\"lazy\" decoding=\"async\" class=\"alignnone wp-image-3286 size-full\" title=\"Igreja S\u00e3o Jos\u00e9 Piracicaba\" src=\"https:\/\/www.encontrapiracicaba.com.br\/sobre\/wp-content\/uploads\/igreja-sao-jose-piracicaba.gif\" alt=\"Igreja S\u00e3o Jos\u00e9 Piracicaba\" width=\"680\" height=\"189\" \/><\/p>\n<h2>Par\u00f3quia S\u00e3o Jos\u00e9\u00a0Piracicaba\u00a0Hor\u00e1rio de Missas<\/h2>\n<p>As <em>missas<\/em> da par\u00f3quia acontecem assim:<\/p>\n<ul>\n<li>2\u00aa feira: 19h30<\/li>\n<li>3\u00aa feira: 19h30 &#8211; Celebra\u00e7\u00e3o nas Comunidades (Casas)<\/li>\n<li>4\u00aa feira: 15h (Novena do Perp\u00e9tuo Socorro) e\u00a019h30 (Missa e Novena do Perp\u00e9tuo Socorro)<\/li>\n<li>5\u00aa feira: 7h e 19h30 (MIssa de Adora\u00e7\u00e3o ao Sant\u00edssimo Sacramento)<\/li>\n<li>6\u00aa feira: 19h30 &#8211; Toda Primeira 6\u00aa feira do m\u00eas (Missa do Sagrado Cora\u00e7\u00e3o de Jesus)<\/li>\n<li>S\u00e1bado: 18h<\/li>\n<li>Domingo: 7h, 9h e 19h<\/li>\n<\/ul>\n<h3>Hor\u00e1rio de Funcionamento\u00a0Igreja S\u00e3o Jos\u00e9 em Piracicaba<\/h3>\n<ul>\n<li><strong>C\u00faria Diocesana:<\/strong> Segunda a\u00a0Sexta\u00a0das 08h \u00e0s 11h30\u00a0 e das 13h \u00e0s 17h<\/li>\n<li><strong>Secretaria:<\/strong> Segunda a\u00a0Sexta\u00a0das 08h \u00e0s\u00a012h\u00a0 e das 13h \u00e0s 17h \/ S\u00e1bado das 08h \u00e0s 11h<\/li>\n<\/ul>\n<h3>Endere\u00e7o e Telefone\u00a0Igreja S\u00e3o Jos\u00e9 em Piracicaba<\/h3>\n<ul>\n<li>R. Marqu\u00eas de Monte Alegre, 669 &#8211; Paulista &#8211; Piracicaba &#8211; SP<\/li>\n<li>Telefone:(19) 3422-8833<\/li>\n<\/ul>\n<h4>Outras informa\u00e7\u00f5es e site<\/h4>\n<ul>\n<li>Mais informa\u00e7\u00f5es:\u00a0<a href=\"https:\/\/www.facebook.com\/paroquiasaojose\/\" target=\"_blank\" rel=\"noopener noreferrer\">www.facebook.com\/paroquiasaojose<\/a><\/li>\n<li>E-mail: paroquiasaojosepascom@gmail.com<\/li>\n<\/ul>\n<h4>Mapa de localiza\u00e7\u00e3o<\/h4>\n<a class=\"wp-colorbox-iframe\" href=\"https:\/\/www.google.com\/maps\/embed?pb=!1m14!1m8!1m3!1d14718.735611638685!2d-47.6579122!3d-22.7399874!3m2!1i1024!2i768!4f13.1!3m3!1m2!1s0x00x3a1d212b55a5adc4!2zSWdyZWphIFPDo28gSm9zw6k!5e0!3m2!1spt-BR!2sbr!4v1525341861404\"><img decoding=\"async\" src=\"http:\/\/www.encontrapiracicaba.com.br\/imgs\/maps-post.png\"><\/a>\n\n<div style=\"font-size: 0px; height: 0px; line-height: 0px; margin: 0; padding: 0; clear: both;\"><\/div>","protected":false},"excerpt":{"rendered":"<p>A Igreja S\u00e3o Jos\u00e9 Piracicaba \u00e9 administrada pela Pascom (Pastoral da Comunica\u00e7\u00e3o da Par\u00f3quia S\u00e3o Jos\u00e9) e pelo p\u00e1roco Padre Marcelo Sales.\u00a0 A Paroquia S\u00e3o Jos\u00e9 conta com as seguintes capelas:\u00a0S\u00e3o Jos\u00e9 (Paulista),\u00a0Nossa Senhora Aparecida (Paulista),\u00a0Nossa Senhora do Perp\u00e9tuo Socorro (Jaragu\u00e1),\u00a0Jo\u00e3o Paulo II (Jaragu\u00e1),\u00a0Imaculada Concei\u00e7\u00e3o (Jaragu\u00e1), S\u00e3o Francisco de Assis (Paulista),\u00a0S\u00e3o Tarc\u00edsio (Paulista),\u00a0Nossa Senhora de Lourdes (Jaragu\u00e1),\u00a0Santa Luzia (Paulista) e\u00a0S\u00e3o Jo\u00e3o Batista (Jaragu\u00e1). Par\u00f3quia S\u00e3o Jos\u00e9\u00a0Piracicaba\u00a0Hor\u00e1rio de Missas As missas da par\u00f3quia acontecem assim: 2\u00aa feira: 19h30 3\u00aa feira: 19h30 &#8211; Celebra\u00e7\u00e3o nas Comunidades (Casas) 4\u00aa feira: 15h (Novena do Perp\u00e9tuo Socorro) e\u00a019h30 (Missa e Novena do Perp\u00e9tuo Socorro) 5\u00aa <\/p>\n","protected":false},"author":1,"featured_media":0,"parent":0,"menu_order":0,"comment_status":"closed","ping_status":"closed","template":"","meta":{"footnotes":""},"class_list":["post-3285","page","type-page","status-publish","hentry"],"aioseo_notices":[],"_links":{"self":[{"href":"https:\/\/www.encontrapiracicaba.com.br\/sobre\/wp-json\/wp\/v2\/pages\/3285","targetHints":{"allow":["GET"]}}],"collection":[{"href":"https:\/\/www.encontrapiracicaba.com.br\/sobre\/wp-json\/wp\/v2\/pages"}],"about":[{"href":"https:\/\/www.encontrapiracicaba.com.br\/sobre\/wp-json\/wp\/v2\/types\/page"}],"author":[{"embeddable":true,"href":"https:\/\/www.encontrapiracicaba.com.br\/sobre\/wp-json\/wp\/v2\/users\/1"}],"replies":[{"embeddable":true,"href":"https:\/\/www.encontrapiracicaba.com.br\/sobre\/wp-json\/wp\/v2\/comments?post=3285"}],"version-history":[{"count":0,"href":"https:\/\/www.encontrapiracicaba.com.br\/sobre\/wp-json\/wp\/v2\/pages\/3285\/revisions"}],"wp:attachment":[{"href":"https:\/\/www.encontrapiracicaba.com.br\/sobre\/wp-json\/wp\/v2\/media?parent=3285"}],"curies":[{"name":"wp","href":"https:\/\/api.w.org\/{rel}","templated":true}]}}